{"id":7005,"date":"2014-10-25T19:12:16","date_gmt":"2014-10-25T19:12:16","guid":{"rendered":"http:\/\/matadi.hakanson.se\/?page_id=7005"},"modified":"2015-04-02T07:53:55","modified_gmt":"2015-04-02T07:53:55","slug":"light","status":"publish","type":"page","link":"https:\/\/matadi.hakanson.se\/se\/light\/","title":{"rendered":"T\u00e4nd en solenergilampa i Kongo!"},"content":{"rendered":"<p><div id=\"attachment_7006\" style=\"width: 235px\" class=\"wp-caption alignleft\"><a href=\"http:\/\/matadi.hakanson.se\/wp-content\/uploads\/2014\/10\/solcellslampa.jpg\"><img loading=\"lazy\" decoding=\"async\" aria-describedby=\"caption-attachment-7006\" class=\"size-medium wp-image-7006\" title=\"Solcellslampa i Kongo\" src=\"http:\/\/matadi.hakanson.se\/wp-content\/uploads\/2014\/10\/solcellslampa-225x300.jpg\" alt=\"\" width=\"225\" height=\"300\" srcset=\"https:\/\/matadi.hakanson.se\/wp-content\/uploads\/2014\/10\/solcellslampa-225x300.jpg 225w, https:\/\/matadi.hakanson.se\/wp-content\/uploads\/2014\/10\/solcellslampa.jpg 602w\" sizes=\"auto, (max-width: 225px) 100vw, 225px\" \/><\/a><p id=\"caption-attachment-7006\" class=\"wp-caption-text\">Solcellslampa i Kongo<\/p><\/div><\/p>\n<p><strong>T\u00e4nd en solcellslampa i Kongo!<\/strong><\/p>\n<p>Ett av v\u00e5ra projekt \u00e4r att importera solenergilampor till Kongo. Bakgrunden \u00e4r att inte alla har elektricitet hemma och tillg\u00e5ngen i de allm\u00e4nna systemen \u00e4r op\u00e5litlig, med m\u00e5nga str\u00f6mavbrott. I denna milj\u00f6 fyller solenergilampan en viktig funktion. Barnen kan g\u00f6ra sina l\u00e4xor, f\u00f6r\u00e4ldrarna kan anv\u00e4nda fler av dygnets timmar f\u00f6r familjen. Lampan vi importerar \u00e4r mycket praktisk och kan anv\u00e4ndas som takbelysning eller bordslampa. Den g\u00e5r ocks\u00e5 utm\u00e4rkt att anv\u00e4nda som ficklampa. (Se bilder nedan). Priset f\u00f6r en lampa \u00e4r 400:- SEK inklusive solcell med tillbeh\u00f6r. Dilemmat \u00e4r att ett f\u00e5tal vanliga kongoleser har r\u00e5d att k\u00f6pa den till detta pris.<\/p>\n<p>Nu fr\u00e5gar vi dig: Skulle du vilja vara med att t\u00e4nda en lampa i Kongo? F\u00f6r att g\u00f6ra det rimligt f\u00f6r kongoleser med l\u00e4gre k\u00f6pkraft att \u00e4nd\u00e5 f\u00e5 elektriskt ljus i sina hus, ger vi dig m\u00f6jlighet att medfinansiera k\u00f6pet. Du g\u00f6r det genom att s\u00e4tta in 300:- SEK per lampa du vill st\u00f6dja. D\u00e5 kan vi s\u00e4lja lampan med ett pris som \u00e4r b\u00e4ttre anpassat till kundens ekonomi. Maxpriset blir 100:- SEK. Anledningen till att vi inte vill f\u00f6rmedla lamporna som g\u00e5vor \u00e4r att vi har som princip att inte ge bort n\u00e5gonting gratis. Det man betalar f\u00f6r v\u00e4rderar man h\u00f6gre och v\u00e5rdar b\u00e4ttre.<\/p>\n<p>Du kan anv\u00e4nda din telefon om du har Swish: 123 515 83 99<\/p>\n<p>V\u00e5rt Bankgiro \u00e4r: 200-8332<\/p>\n<p>Du kan ocks\u00e5 g\u00f6ra en s\u00e4ker \u00f6verf\u00f6ring med kort genom att klicka p\u00e5 &#8221;Donera&#8221;-knappen nedan (PayPal-konto inte n\u00f6dv\u00e4ndigt).<\/p>\n<div style=\"text-align: center\">\n<form action=\"https:\/\/www.paypal.com\/cgi-bin\/webscr\" method=\"post\" target=\"_blank\">\n<div style=\"display: none;\">\n<p><input type=\"hidden\" name=\"cmd\" value=\"_donations\" \/><input type=\"hidden\" name=\"business\" value=\"yngve@hakanson.se\" \/><\/p>\n<p><input type=\"hidden\" name=\"lc\" value=\"SE\" \/><\/p>\n<p><input type=\"hidden\" name=\"item_name\" value=\"Matadi Support Group - Tand en solcellslampa i Kongo: 1 lampa\" \/><\/p>\n<p><input type=\"hidden\" name=\"item_number\" value=\"596G94YQQS2DE\" \/><\/p>\n<p><input type=\"hidden\" name=\"amount\" value=\"300.00\" \/><\/p>\n<p><input type=\"hidden\" name=\"currency_code\" value=\"SEK\" \/><\/p>\n<p><input type=\"hidden\" name=\"no_note\" value=\"0\" \/><\/p>\n<p><input type=\"hidden\" name=\"bn\" value=\"PP-DonationsBF:btn_donate_LG.gif:NonHostedGuest\" \/><\/p>\n<p><img loading=\"lazy\" decoding=\"async\" src=\"https:\/\/www.paypalobjects.com\/en_US\/i\/scr\/pixel.gif\" alt=\"\" width=\"1\" height=\"1\" border=\"0\" \/><\/p>\n<\/div>\n<p><input type=\"image\" name=\"submit\" src=\"https:\/\/www.paypalobjects.com\/sv_SE\/i\/btn\/btn_donateCC_LG.gif\" alt=\"PayPal \u2013 ett tryggt och smidigt s\u00e4tt att betala p\u00e5 n\u00e4tet med.\" \/><\/p>\n<\/form>\n<\/div>\n<p>Anv\u00e4nd g\u00e4rna nedanst\u00e5ende kontaktformul\u00e4r om du har n\u00e5gra fr\u00e5gor.<\/p>\n<p>Tack f\u00f6r ditt bidrag!<\/p>\nngg_shortcode_1_placeholder\n<p>[contact-form-7 id=&#8221;7087&#8243; title=&#8221;Enkelt kontaktformul\u00e4r&#8221;]<\/p>\n<p><\/p>","protected":false},"excerpt":{"rendered":"<p>T\u00e4nd en solcellslampa i Kongo! Ett av v\u00e5ra projekt \u00e4r att importera solenergilampor till Kongo. Bakgrunden \u00e4r att inte alla har elektricitet hemma och tillg\u00e5ngen i de allm\u00e4nna systemen \u00e4r op\u00e5litlig, med m\u00e5nga str\u00f6mavbrott. I denna milj\u00f6 fyller solenergilampan en &hellip; <a href=\"https:\/\/matadi.hakanson.se\/se\/light\/\">Forts\u00e4tt l\u00e4sa <span class=\"meta-nav\">&rarr;<\/span><\/a><\/p>\n","protected":false},"author":4,"featured_media":0,"parent":0,"menu_order":300,"comment_status":"closed","ping_status":"open","template":"sidebar-page.php","meta":{"ngg_post_thumbnail":0,"footnotes":""},"class_list":["post-7005","page","type-page","status-publish","hentry"],"_links":{"self":[{"href":"https:\/\/matadi.hakanson.se\/se\/wp-json\/wp\/v2\/pages\/7005","targetHints":{"allow":["GET"]}}],"collection":[{"href":"https:\/\/matadi.hakanson.se\/se\/wp-json\/wp\/v2\/pages"}],"about":[{"href":"https:\/\/matadi.hakanson.se\/se\/wp-json\/wp\/v2\/types\/page"}],"author":[{"embeddable":true,"href":"https:\/\/matadi.hakanson.se\/se\/wp-json\/wp\/v2\/users\/4"}],"replies":[{"embeddable":true,"href":"https:\/\/matadi.hakanson.se\/se\/wp-json\/wp\/v2\/comments?post=7005"}],"version-history":[{"count":117,"href":"https:\/\/matadi.hakanson.se\/se\/wp-json\/wp\/v2\/pages\/7005\/revisions"}],"predecessor-version":[{"id":7020,"href":"https:\/\/matadi.hakanson.se\/se\/wp-json\/wp\/v2\/pages\/7005\/revisions\/7020"}],"wp:attachment":[{"href":"https:\/\/matadi.hakanson.se\/se\/wp-json\/wp\/v2\/media?parent=7005"}],"curies":[{"name":"wp","href":"https:\/\/api.w.org\/{rel}","templated":true}]}}