{"id":399,"date":"2011-01-02T16:00:27","date_gmt":"2011-01-02T16:00:27","guid":{"rendered":"http:\/\/w.matadi.hakanson.se\/"},"modified":"2023-02-13T17:57:59","modified_gmt":"2023-02-13T17:57:59","slug":"entrepreneurs","status":"publish","type":"page","link":"https:\/\/matadi.hakanson.se\/se\/entrepreneurs\/","title":{"rendered":"Entrepren\u00f6rer"},"content":{"rendered":"<p><\/p>\n<h2>Entrepren\u00f6rer<\/h2>\n<p>Vi har under en l\u00e4ngre tid \u00f6verlagt hur vi b\u00e4st ska st\u00f6dja v\u00e5ra v\u00e4nner i Matadi. Att ge bidrag har naturligtvis p\u00e5 m\u00e5nga s\u00e4tt \u00e5stadkommit en positiv utveckling p\u00e5 m\u00e5nga h\u00e5ll i v\u00e4rlden, men det kan ocks\u00e5 passivisera mottagarna och g\u00f6r att de v\u00e4ntar p\u00e5 n\u00e4sta bidrag innan n\u00e5gonting h\u00e4nder.<\/p>\n<p>Man ska inte ge en fiskare fisk men vi ska f\u00f6rse honom med n\u00e4t. D\u00e5 f\u00e5ngar han fisken sj\u00e4lv.<\/p>\n<p>Vi har studerat m\u00f6jligheten att ge l\u00e5n och funnit att det varit ett framg\u00e5ngsrik s\u00e4tt att stimulera m\u00e4nniskor att bli entrepren\u00f6rer och tar ansvar f\u00f6r sin och andras f\u00f6rs\u00f6rjning.<\/p>","protected":false},"excerpt":{"rendered":"<p>Entrepren\u00f6rer Vi har under en l\u00e4ngre tid \u00f6verlagt hur vi b\u00e4st ska st\u00f6dja v\u00e5ra v\u00e4nner i Matadi. Att ge bidrag har naturligtvis p\u00e5 m\u00e5nga s\u00e4tt \u00e5stadkommit en positiv utveckling p\u00e5 m\u00e5nga h\u00e5ll i v\u00e4rlden, men det kan ocks\u00e5 passivisera mottagarna &hellip; <a href=\"https:\/\/matadi.hakanson.se\/se\/entrepreneurs\/\">Forts\u00e4tt l\u00e4sa <span class=\"meta-nav\">&rarr;<\/span><\/a><\/p>\n","protected":false},"author":4,"featured_media":0,"parent":0,"menu_order":8,"comment_status":"closed","ping_status":"closed","template":"sidebar-page.php","meta":{"ngg_post_thumbnail":0,"footnotes":""},"class_list":["post-399","page","type-page","status-publish","hentry"],"_links":{"self":[{"href":"https:\/\/matadi.hakanson.se\/se\/wp-json\/wp\/v2\/pages\/399","targetHints":{"allow":["GET"]}}],"collection":[{"href":"https:\/\/matadi.hakanson.se\/se\/wp-json\/wp\/v2\/pages"}],"about":[{"href":"https:\/\/matadi.hakanson.se\/se\/wp-json\/wp\/v2\/types\/page"}],"author":[{"embeddable":true,"href":"https:\/\/matadi.hakanson.se\/se\/wp-json\/wp\/v2\/users\/4"}],"replies":[{"embeddable":true,"href":"https:\/\/matadi.hakanson.se\/se\/wp-json\/wp\/v2\/comments?post=399"}],"version-history":[{"count":10,"href":"https:\/\/matadi.hakanson.se\/se\/wp-json\/wp\/v2\/pages\/399\/revisions"}],"predecessor-version":[{"id":9191,"href":"https:\/\/matadi.hakanson.se\/se\/wp-json\/wp\/v2\/pages\/399\/revisions\/9191"}],"wp:attachment":[{"href":"https:\/\/matadi.hakanson.se\/se\/wp-json\/wp\/v2\/media?parent=399"}],"curies":[{"name":"wp","href":"https:\/\/api.w.org\/{rel}","templated":true}]}}