{"id":2501,"date":"2011-08-31T18:48:13","date_gmt":"2011-08-31T18:48:13","guid":{"rendered":"http:\/\/test.matadi.hakanson.se\/?page_id=2501"},"modified":"2020-11-09T21:07:13","modified_gmt":"2020-11-09T21:07:13","slug":"lend","status":"publish","type":"page","link":"https:\/\/matadi.hakanson.se\/se\/lend\/","title":{"rendered":"L\u00e5na ut"},"content":{"rendered":"<p><!--?php\n\/*\n* Kontrollera om formul\u00e4ret \u00e4r korrekt ifyllt\n*\/\nrequire_once '\/home\/matadi\/wordpress_jan\/wp-content\/lib\/formvalidator\/formvalidator.php';\n$validator = new FormValidator();\nif ( isset($_POST['skicka']) ) {\n$validator--->addValidation(&#8221;fornamn&#8221;,&#8221;req&#8221;,&#8221; (Text saknas)&#8221;);<br \/>\n$validator-&gt;addValidation(&#8221;efternamn&#8221;,&#8221;req&#8221;,&#8221; (Text saknas)&#8221;);<br \/>\n$validator-&gt;addValidation(&#8221;epost&#8221;,&#8221;req&#8221;,&#8221; (Text saknas)&#8221;);<br \/>\n$validator-&gt;addValidation(&#8221;epost&#8221;,&#8221;email&#8221;,&#8221; (Ogiltig epost)&#8221;);<br \/>\n$validator-&gt;addValidation(&#8221;summa&#8221;,&#8221;req&#8221;,&#8221; (Belopp saknas)&#8221;);<br \/>\n$validator-&gt;addValidation(&#8221;summa&#8221;,&#8221;num&#8221;,&#8221; (Anv\u00e4nd bara siffror f\u00f6r belopp)&#8221;);<br \/>\n}<\/p>\n<p>if( ( ! isset($_POST[&#8217;skicka&#8217;]) ) or ( ! $validator-&gt;ValidateForm() ) ) {<br \/>\n?&gt;<\/p>\n<h1>L\u00e5na ut<\/h1>\n<p><!--?php\nif( ! $validator--->ValidateForm() ) {<br \/>\necho &#8217;<\/p>\n<p><font style=\"color: #ff0000; font-weight: bold\">V\u00e4nligen r\u00e4tta till f\u00e4lten markerade med r\u00f6tt nedan.<\/font><\/p>\n<p>&#8217;;<br \/>\n$error_hash = $validator-&gt;GetErrors();<br \/>\n}<br \/>\n?&gt;<\/p>\n<p>Vi rekommenderar Dig att i f\u00f6rsta hand anv\u00e4nda v\u00e5rt <strong>Bankgiro 200-8332<\/strong> n\u00e4r Du f\u00f6r \u00f6ver pengar till oss. Stort tack f\u00f6r att Du vill hj\u00e4lpa entrepren\u00f6rer att utvecklas i Kongol\u00e4nderna.<\/p>\n<p>Annars kan Du med <strong>tv\u00e5 enkla steg<\/strong> f\u00f6ra \u00f6ver pengar till oss och med ett l\u00e5n hj\u00e4lpa v\u00e5ra entrepren\u00f6rer i Kongo att aktivt utvecklas. L\u00e4gsta belopp som l\u00e5n \u00e4r 20 000:- SEK. N\u00e4r ins\u00e4ttningen \u00e4r gjord, kommer kvitto med e-posten.<\/p>\n<p>Vi anv\u00e4nder s\u00e4kra \u00f6verf\u00f6ringar via en av Sveriges st\u00f6rsta betalningstj\u00e4nster, <a href=\"http:\/\/www.payson.se\/\">Payson<\/a>. Som l\u00e5ngivare kontaktar vi dig fr\u00e5n Matadi Support Group f\u00f6r att uppr\u00e4tta l\u00e5nehandlingar. Fyll i formul\u00e4ret nedan f\u00f6r att forts\u00e4tta till ett nytt formul\u00e4r f\u00f6r s\u00e4ker betalning.<\/p>\n<table cellpadding=\"0\" cellspacing=\"0\" border=\"0\">\n<tbody>\n<tr>\n<td style=\"vertical-align: top\">\n<form method=\"POST\" name=\"bidra\">\nF\u00f6rnamn<!--?php if( isset($error_hash['fornamn']) ) { echo '<font color=\"#ff0000\"-->&#8217;.$error_hash[&#8217;fornamn&#8217;].<br \/>\n&#8221;; } ?&gt;:<br \/>\n<input tabindex=\"1\" type=\"text\" name=\"fornamn\" value=\"<?php echo($_POST['fornamn']) ?>&#8221;><br \/>\nEfternamn<!--?php if( isset($error_hash['efternamn']) ) { echo '<font color=\"#ff0000\"-->&#8217;.$error_hash[&#8217;efternamn&#8217;].<br \/>\n&#8221;; } ?&gt;:<br \/>\n<input tabindex=\"2\" type=\"text\" name=\"efternamn\" value=\"<?php echo($_POST['efternamn']) ?>&#8221;><br \/>\nEpost<!--?php if( isset($error_hash['epost']) ) { echo '<font color=\"#ff0000\"-->&#8217;.$error_hash[&#8217;epost&#8217;].<br \/>\n&#8221;; } ?&gt;:<br \/>\n<input tabindex=\"3\" type=\"text\" name=\"epost\" value=\"<?php echo($_POST['epost']) ?>&#8221;><br \/>\nBelopp<!--?php if( isset($error_hash['summa']) ) { echo '<font color=\"#ff0000\"-->&#8217;.$error_hash[&#8217;summa&#8217;].<br \/>\n&#8221;; } ?&gt;:<br \/>\n<input tabindex=\"4\" type=\"text\" name=\"summa\" value=\"<?php echo($_POST['summa']) ?>&#8221;><select name=\"valuta\"><option value=\"SEK\" default=\"\">SEK<\/option><option value=\"EUR\">EUR<\/option><\/select><br \/>\n<\/form>\n<\/td>\n<td style=\"vertical-align: top\">\n<a target=\"_blank\" href=\"https:\/\/www.payson.se\" title=\"Payson internetbetalningar\" rel=\"noopener noreferrer\"><img decoding=\"async\" src=\"http:\/\/www.payson.se\/sites\/all\/files\/images\/external\/payson-180x78.jpg\"><\/a><\/td>\n<\/tr>\n<tr>\n<td style=\"horizontal-align: right\">\n<input tabindex=\"5\" type=\"submit\" name=\"skicka\" value=\"G\u00e5 vidare\"><\/td>\n<\/tr>\n<\/tbody>\n<\/table>\n<p><!--?php\n} else {\nerror_reporting(E_ALL);\nini_set(\"display_errors\", 0);\n\n\/*\n* Inst\u00e4llningar\n*\/\nrequire_once '\/home\/matadi\/wordpress_jan\/wp-content\/lib\/payson\/paysonapi.php';\n\/\/ Kontoinst\u00e4llningar hos Payson\n$credentials = new PaysonCredentials(\"10212\", \"a1bd6513-fafc-4005-b649-8f0c541418a2\");\n$api = new PaysonApi($credentials);\n\/\/ URL:er dit bes\u00f6karen skickas ifall betalning g\u00e5tt igenom eller inte\n$returnUrl = \"http:\/\/matadi.hakanson.se\/se\/lend_ok\";\n$cancelUrl = \"http:\/\/matadi.hakanson.se\/se\/lend_error\";\n\/\/ IPN, dit Payson skickar info om n\u00e4r betalningar g\u00e5tt igenom\n$ipnUrl = \"http:\/\/localhost\/ipn.php\";\n\n\/\/ Mottagare\n$receiver = new Receiver(\"msg@matadi.hakanson.se\", $_POST['summa']);\n$receivers = array($receiver);\n\n\/\/ Givare\n$sender = new Sender($_POST['epost'], $_POST['fornamn'], $_POST['efternamn']);\n\n$payData = new PayData($returnUrl, $cancelUrl, $ipnUrl, \"L\u00e5na ut\", $sender, $receivers);\n\n\/\/ Valuta (SEK \/ EUR)\nif ($_POST['valuta'] == 'SEK') {\n$payData--->setCurrencyCode(currencyCode::SEK);<br \/>\n} else {<br \/>\n$payData-&gt;setCurrencyCode(currencyCode::EUR);<br \/>\n}<\/p>\n<p>\/\/ Spr\u00e5k (SV \/ EN \/ FI)<br \/>\n$payData-&gt;setLocaleCode(localeCode::SV);<\/p>\n<p>\/\/ Inte anv\u00e4nda Payson-garanti<br \/>\n$payData-&gt;setGuaranteeOffered(guaranteeOffered::NO);<\/p>\n<p>\/*<br \/>\n* Start betalning<br \/>\n*\/<br \/>\n$payResponse = $api-&gt;pay($payData);<\/p>\n<p>\/*<br \/>\n* Skicka bes\u00f6kare till Payson om allt \u00e4r ok<br \/>\n*\/<br \/>\nif ($payResponse-&gt;getResponseEnvelope()-&gt;wasSuccessful() &amp;&amp; $validator-&gt;ValidateForm())<br \/>\n{<br \/>\nheader(&#8221;Location: &#8221; . $api-&gt;getForwardPayUrl($payResponse));<br \/>\n}<\/p>\n<p>}<br \/>\n?&gt;<\/p>","protected":false},"excerpt":{"rendered":"<p>addValidation(&#8221;fornamn&#8221;,&#8221;req&#8221;,&#8221; (Text saknas)&#8221;); $validator-&gt;addValidation(&#8221;efternamn&#8221;,&#8221;req&#8221;,&#8221; (Text saknas)&#8221;); $validator-&gt;addValidation(&#8221;epost&#8221;,&#8221;req&#8221;,&#8221; (Text saknas)&#8221;); $validator-&gt;addValidation(&#8221;epost&#8221;,&#8221;email&#8221;,&#8221; (Ogiltig epost)&#8221;); $validator-&gt;addValidation(&#8221;summa&#8221;,&#8221;req&#8221;,&#8221; (Belopp saknas)&#8221;); $validator-&gt;addValidation(&#8221;summa&#8221;,&#8221;num&#8221;,&#8221; (Anv\u00e4nd bara siffror f\u00f6r belopp)&#8221;); } if( ( ! isset($_POST[&#8217;skicka&#8217;]) ) or ( ! $validator-&gt;ValidateForm() ) ) { ?&gt; L\u00e5na ut ValidateForm() ) { &hellip; <a href=\"https:\/\/matadi.hakanson.se\/se\/lend\/\">Forts\u00e4tt l\u00e4sa <span class=\"meta-nav\">&rarr;<\/span><\/a><\/p>\n","protected":false},"author":4,"featured_media":0,"parent":0,"menu_order":0,"comment_status":"closed","ping_status":"open","template":"sidebar-page.php","meta":{"ngg_post_thumbnail":0,"footnotes":""},"class_list":["post-2501","page","type-page","status-publish","hentry"],"_links":{"self":[{"href":"https:\/\/matadi.hakanson.se\/se\/wp-json\/wp\/v2\/pages\/2501","targetHints":{"allow":["GET"]}}],"collection":[{"href":"https:\/\/matadi.hakanson.se\/se\/wp-json\/wp\/v2\/pages"}],"about":[{"href":"https:\/\/matadi.hakanson.se\/se\/wp-json\/wp\/v2\/types\/page"}],"author":[{"embeddable":true,"href":"https:\/\/matadi.hakanson.se\/se\/wp-json\/wp\/v2\/users\/4"}],"replies":[{"embeddable":true,"href":"https:\/\/matadi.hakanson.se\/se\/wp-json\/wp\/v2\/comments?post=2501"}],"version-history":[{"count":29,"href":"https:\/\/matadi.hakanson.se\/se\/wp-json\/wp\/v2\/pages\/2501\/revisions"}],"predecessor-version":[{"id":8582,"href":"https:\/\/matadi.hakanson.se\/se\/wp-json\/wp\/v2\/pages\/2501\/revisions\/8582"}],"wp:attachment":[{"href":"https:\/\/matadi.hakanson.se\/se\/wp-json\/wp\/v2\/media?parent=2501"}],"curies":[{"name":"wp","href":"https:\/\/api.w.org\/{rel}","templated":true}]}}