{"id":1787,"date":"2011-04-29T17:10:09","date_gmt":"2011-04-29T17:10:09","guid":{"rendered":"http:\/\/matadi.hakanson.se\/?page_id=1787"},"modified":"2015-02-07T14:29:13","modified_gmt":"2015-02-07T14:29:13","slug":"history","status":"publish","type":"page","link":"https:\/\/matadi.hakanson.se\/se\/about-us\/history\/","title":{"rendered":"Historien"},"content":{"rendered":"<p><\/p>\n<h1><span style=\"font-size: x-large;\">S\u00e5 b\u00f6rjade det<\/span><\/h1>\n<p>Matadi Support Group bildades p\u00e5 S\u00f6dra V\u00e4tterbygdens Folkh\u00f6gsskola den 24 augusti 2007. Vi som bildade gruppen var en del av den klass som gick p\u00e5 SVF 1961 &#8211; 1963. Samuel Nkailu fr\u00e5n Kongo var ocks\u00e5 d\u00e5 elev p\u00e5 skolan. Under augusti 2007 bes\u00f6kte Samuel \u00e5ter Sverige efter 44 \u00e5r. 1963 reste han  allts\u00e5 tillbaks till Kongo efter tv\u00e5 \u00e5rs studier i Sverige och har  arbetat allt sedan dess i Bas-Kongo provinsen med ungdomsarbete.<\/p>\n<p>N\u00e4r Samuel ber\u00e4ttade  f\u00f6r oss om de behov och utmaningar han st\u00e5r inf\u00f6r i sitt arbete, kom  fr\u00e5gan upp:  kan vi st\u00f6tta Samuel i hans arbete? Fr\u00e5n b\u00f6rjan var syftet med gruppen att st\u00f6dja byggandet av Ungdomens Hus i Matadi, som Samuel h\u00f6ll p\u00e5 att f\u00f6rverkliga. 2010 den 9 oktober invigdes huset. Vi var tio svenskar som deltog i invigningen. Vi hade bidragit med 114 000:- SEK.<\/p>\nngg_shortcode_1_placeholder\n<h1><span style=\"font-size: x-large;\">Forts\u00e4ttningen<\/span><\/h1>\n<p>Vi har beslutat att v\u00e5rt forsatta engagemang i Kongo ska best\u00e5 i att arbeta med m\u00e4nniskor som har en aff\u00e4rsid\u00e9. Att f\u00e5 dem att starta f\u00f6retag. Vi ger dem utbildning och ett f\u00f6retagsl\u00e5n och fullf\u00f6ljer sedan arbetet med uppf\u00f6ljning.<\/p>\n<\/p>\n<p><\/p>","protected":false},"excerpt":{"rendered":"<p>S\u00e5 b\u00f6rjade det Matadi Support Group bildades p\u00e5 S\u00f6dra V\u00e4tterbygdens Folkh\u00f6gsskola den 24 augusti 2007. Vi som bildade gruppen var en del av den klass som gick p\u00e5 SVF 1961 &#8211; 1963. Samuel Nkailu fr\u00e5n Kongo var ocks\u00e5 d\u00e5 elev &hellip; <a href=\"https:\/\/matadi.hakanson.se\/se\/about-us\/history\/\">Forts\u00e4tt l\u00e4sa <span class=\"meta-nav\">&rarr;<\/span><\/a><\/p>\n","protected":false},"author":4,"featured_media":0,"parent":2739,"menu_order":7,"comment_status":"closed","ping_status":"closed","template":"sidebar-page.php","meta":{"ngg_post_thumbnail":0,"footnotes":""},"class_list":["post-1787","page","type-page","status-publish","hentry"],"_links":{"self":[{"href":"https:\/\/matadi.hakanson.se\/se\/wp-json\/wp\/v2\/pages\/1787","targetHints":{"allow":["GET"]}}],"collection":[{"href":"https:\/\/matadi.hakanson.se\/se\/wp-json\/wp\/v2\/pages"}],"about":[{"href":"https:\/\/matadi.hakanson.se\/se\/wp-json\/wp\/v2\/types\/page"}],"author":[{"embeddable":true,"href":"https:\/\/matadi.hakanson.se\/se\/wp-json\/wp\/v2\/users\/4"}],"replies":[{"embeddable":true,"href":"https:\/\/matadi.hakanson.se\/se\/wp-json\/wp\/v2\/comments?post=1787"}],"version-history":[{"count":12,"href":"https:\/\/matadi.hakanson.se\/se\/wp-json\/wp\/v2\/pages\/1787\/revisions"}],"predecessor-version":[{"id":1790,"href":"https:\/\/matadi.hakanson.se\/se\/wp-json\/wp\/v2\/pages\/1787\/revisions\/1790"}],"up":[{"embeddable":true,"href":"https:\/\/matadi.hakanson.se\/se\/wp-json\/wp\/v2\/pages\/2739"}],"wp:attachment":[{"href":"https:\/\/matadi.hakanson.se\/se\/wp-json\/wp\/v2\/media?parent=1787"}],"curies":[{"name":"wp","href":"https:\/\/api.w.org\/{rel}","templated":true}]}}