{"id":1621,"date":"2011-04-10T12:56:20","date_gmt":"2011-04-10T12:56:20","guid":{"rendered":"http:\/\/matadi.hakanson.se\/?page_id=1621"},"modified":"2023-02-13T17:59:25","modified_gmt":"2023-02-13T17:59:25","slug":"about-us","status":"publish","type":"page","link":"https:\/\/matadi.hakanson.se\/se\/about-us\/about-us\/","title":{"rendered":"Om oss"},"content":{"rendered":"<p><\/p>\n<h1><span style=\"font-size: x-large;\">Ett steg l\u00e4ngre<\/span><\/h1>\n<p><a href=\"https:\/\/matadi.hakanson.se\/wp-content\/uploads\/2011\/04\/knallarna_400.jpg\"><img loading=\"lazy\" decoding=\"async\" class=\"alignleft size-full wp-image-1756\" title=\"knallarna_400\" src=\"https:\/\/matadi.hakanson.se\/wp-content\/uploads\/2011\/04\/knallarna_400.jpg\" alt=\"\" width=\"402\" height=\"300\"><\/a> Vi \u00e4r en grupp entrepren\u00f6rer som skapar nya f\u00f6retag i Kongo genom <strong>utbildning<\/strong>, <strong>f\u00f6retagsl\u00e5n <\/strong>och <strong>uppf\u00f6ljning<\/strong>. Vi tror att traditionellt bist\u00e5nd har betytt mycket f\u00f6r m\u00e5nga men kan ocks\u00e5 passivisera mottagaren och permanenta fattigdomen. Vi vill g\u00e5 ett steg l\u00e4ngre och ta vara p\u00e5 den resurs som varje initiativrik m\u00e4nniska utg\u00f6r. Detta g\u00f6r vi genom att s\u00f6ka upp m\u00e4nniskor med fram\u00e5tanda, ge dem utbildning och f\u00f6retagsl\u00e5n f\u00f6r att sedan fullf\u00f6lja uppdraget med uppf\u00f6ljning. Vi ger dem verktygen men det \u00e4r bara de sj\u00e4lva som kan lyfta sitt land.<\/p>\n<h1><span style=\"font-size: x-large;\">Varf\u00f6r utbildning och f\u00f6retagsl\u00e5n<\/span><\/h1>\n<p>Entrepren\u00f6rer,&nbsp; tror vi \u00e4r en grupp m\u00e4nniskor som kan skapa m\u00f6jligheter till f\u00f6r\u00e4ndring f\u00f6r sig sj\u00e4lva och andra. Vi ger dem de r\u00e4tta verktygen f\u00f6r att f\u00f6rverkliga sina id\u00e9er. V\u00e5r ide \u00e4r att kombinera utbildning i entren\u00f6rskap med produktion, service, handel och jordbruk. Vi binder samman teori med praktik. Allt med m\u00e5ls\u00e4ttningen att utveckla och h\u00f6ja levnadsstandarden i Kongo.<\/p>\n<h1><span style=\"font-size: x-large;\">Hur vi arbetar<\/span><\/h1>\n<p>Vi s\u00f6ker upp m\u00e4nniskor med en aff\u00e4rsid\u00e9 och fram\u00e5tanda, ger dem utbildning och f\u00f6retagsl\u00e5n. Sedan fullf\u00f6ljer vi f\u00f6retagen med uppf\u00f6ljning m\u00e5nad f\u00f6r m\u00e5nad. V\u00e5ra ledord \u00e4r <strong>\u00f6ppenhet<\/strong>, <strong>kontroll <\/strong>och <strong>resultat<\/strong>.<\/p>\n<h1><span style=\"font-size: x-large;\">Hur vi f\u00e5r ihop pengar<\/span><\/h1>\n<p>Pengar till f\u00f6ret\u00e5gsl\u00e5n kommer genom l\u00e5n och g\u00e5vor fr\u00e5n privatpersoner och f\u00f6retag. Vi som arbetar i Matadi Support Group jobbar helt ideellt.<\/p>\n<h1><span style=\"font-size: x-large;\">Vi beh\u00f6ver din hj\u00e4lp<\/span><\/h1>\n<p>Genom en g\u00e5va eller l\u00e5n kan du st\u00f6tta v\u00e5ra entrepren\u00f6rer.<\/p>\n<h1>Ungdomsarbete<\/h1>\n<p>Genom v\u00e5r hj\u00e4lp har Christoffer Jacobsson i samr\u00e5d med kyrkan i Luozi startat en judoverksamhet som en del i kyrkans ungdomsarbete.<\/p>\n<p><\/p>","protected":false},"excerpt":{"rendered":"<p>Ett steg l\u00e4ngre Vi \u00e4r en grupp entrepren\u00f6rer som skapar nya f\u00f6retag i Kongo genom utbildning, f\u00f6retagsl\u00e5n och uppf\u00f6ljning. Vi tror att traditionellt bist\u00e5nd har betytt mycket f\u00f6r m\u00e5nga men kan ocks\u00e5 passivisera mottagaren och permanenta fattigdomen. Vi vill g\u00e5 &hellip; <a href=\"https:\/\/matadi.hakanson.se\/se\/about-us\/about-us\/\">Forts\u00e4tt l\u00e4sa <span class=\"meta-nav\">&rarr;<\/span><\/a><\/p>\n","protected":false},"author":4,"featured_media":0,"parent":2739,"menu_order":1,"comment_status":"closed","ping_status":"closed","template":"sidebar-page.php","meta":{"ngg_post_thumbnail":0,"footnotes":""},"class_list":["post-1621","page","type-page","status-publish","hentry"],"_links":{"self":[{"href":"https:\/\/matadi.hakanson.se\/se\/wp-json\/wp\/v2\/pages\/1621","targetHints":{"allow":["GET"]}}],"collection":[{"href":"https:\/\/matadi.hakanson.se\/se\/wp-json\/wp\/v2\/pages"}],"about":[{"href":"https:\/\/matadi.hakanson.se\/se\/wp-json\/wp\/v2\/types\/page"}],"author":[{"embeddable":true,"href":"https:\/\/matadi.hakanson.se\/se\/wp-json\/wp\/v2\/users\/4"}],"replies":[{"embeddable":true,"href":"https:\/\/matadi.hakanson.se\/se\/wp-json\/wp\/v2\/comments?post=1621"}],"version-history":[{"count":60,"href":"https:\/\/matadi.hakanson.se\/se\/wp-json\/wp\/v2\/pages\/1621\/revisions"}],"predecessor-version":[{"id":9193,"href":"https:\/\/matadi.hakanson.se\/se\/wp-json\/wp\/v2\/pages\/1621\/revisions\/9193"}],"up":[{"embeddable":true,"href":"https:\/\/matadi.hakanson.se\/se\/wp-json\/wp\/v2\/pages\/2739"}],"wp:attachment":[{"href":"https:\/\/matadi.hakanson.se\/se\/wp-json\/wp\/v2\/media?parent=1621"}],"curies":[{"name":"wp","href":"https:\/\/api.w.org\/{rel}","templated":true}]}}