{"id":1500,"date":"2011-03-22T14:57:29","date_gmt":"2011-03-22T14:57:29","guid":{"rendered":"http:\/\/matadi.hakanson.se\/?page_id=1500"},"modified":"2023-02-13T17:52:08","modified_gmt":"2023-02-13T17:52:08","slug":"new-projects","status":"publish","type":"page","link":"https:\/\/matadi.hakanson.se\/se\/entrepreneurs\/new-projects\/","title":{"rendered":"P\u00e5g\u00e5ende projekt"},"content":{"rendered":"<p><strong>&nbsp; P\u00e5g\u00e5ende projekt<\/strong><\/p>\n<hr>\n<p><strong>Mellan 350 &#8211; 400<\/strong>&nbsp; personer har deltagit i v\u00e5r verksamhet i Matadi, Kimpese och Luozi och i grannlandet Brazzaville<\/p>\n<p>Nya utbildningar planeras.<\/p>\n<hr>\n<p><strong>&nbsp;ngg_shortcode_1_placeholder<\/strong><\/p>\n<hr>\n<p><strong>&nbsp;<\/strong><\/p>\n<hr>\n<p><\/p>","protected":false},"excerpt":{"rendered":"<p>&nbsp; P\u00e5g\u00e5ende projekt Mellan 350 &#8211; 400&nbsp; personer har deltagit i v\u00e5r verksamhet i Matadi, Kimpese och Luozi och i grannlandet Brazzaville Nya utbildningar planeras. &nbsp; &nbsp;<\/p>\n","protected":false},"author":4,"featured_media":0,"parent":399,"menu_order":5,"comment_status":"closed","ping_status":"closed","template":"sidebar-page.php","meta":{"ngg_post_thumbnail":0,"footnotes":""},"class_list":["post-1500","page","type-page","status-publish","hentry"],"_links":{"self":[{"href":"https:\/\/matadi.hakanson.se\/se\/wp-json\/wp\/v2\/pages\/1500","targetHints":{"allow":["GET"]}}],"collection":[{"href":"https:\/\/matadi.hakanson.se\/se\/wp-json\/wp\/v2\/pages"}],"about":[{"href":"https:\/\/matadi.hakanson.se\/se\/wp-json\/wp\/v2\/types\/page"}],"author":[{"embeddable":true,"href":"https:\/\/matadi.hakanson.se\/se\/wp-json\/wp\/v2\/users\/4"}],"replies":[{"embeddable":true,"href":"https:\/\/matadi.hakanson.se\/se\/wp-json\/wp\/v2\/comments?post=1500"}],"version-history":[{"count":123,"href":"https:\/\/matadi.hakanson.se\/se\/wp-json\/wp\/v2\/pages\/1500\/revisions"}],"predecessor-version":[{"id":9190,"href":"https:\/\/matadi.hakanson.se\/se\/wp-json\/wp\/v2\/pages\/1500\/revisions\/9190"}],"up":[{"embeddable":true,"href":"https:\/\/matadi.hakanson.se\/se\/wp-json\/wp\/v2\/pages\/399"}],"wp:attachment":[{"href":"https:\/\/matadi.hakanson.se\/se\/wp-json\/wp\/v2\/media?parent=1500"}],"curies":[{"name":"wp","href":"https:\/\/api.w.org\/{rel}","templated":true}]}}