{"id":135,"date":"2010-12-29T11:35:58","date_gmt":"2010-12-29T11:35:58","guid":{"rendered":"http:\/\/w.matadi.hakanson.se\/"},"modified":"2020-11-09T21:02:26","modified_gmt":"2020-11-09T21:02:26","slug":"contact-us","status":"publish","type":"page","link":"https:\/\/matadi.hakanson.se\/se\/contact-us\/","title":{"rendered":"Kontakta oss"},"content":{"rendered":"<p><\/p>\n<table style=\"border: 0px none;\" cellspacing=\"0\" cellpadding=\"0\" align=\"center\">\n<tbody>\n<tr>\n<td style=\"border: 0;\" colspan=\"6\" align=\"left\">\n<h3>Kontaktformul\u00e4r till ledningsgruppen<\/h3>\n<\/td>\n<\/tr>\n<tr>\n<td align=\"left\" valign=\"top\"><img loading=\"lazy\" decoding=\"async\" class=\"size-full wp-image-143 alignnone\" title=\"Lars-Ola\" src=\"https:\/\/matadi.hakanson.se\/wp-content\/uploads\/2010\/12\/Lars-Ola.jpg\" alt=\"\" width=\"150\" height=\"180\"> <strong>Lars-Ola Rydberg<\/strong><br \/>\nOrdf\u00f6rande<\/p>\n<p>Fager\u00e5sv\u00e4gen 10<br \/>\n507 70 G\u00e5nghester<br \/>\nMobile: 0705 25 64 33<\/td>\n<td><\/td>\n<td align=\"left\" valign=\"top\"><img loading=\"lazy\" decoding=\"async\" class=\"size-full wp-image-147 alignnone\" title=\"yngve\" src=\"https:\/\/matadi.hakanson.se\/wp-content\/uploads\/2010\/12\/yngve.jpg\" alt=\"\" width=\"150\" height=\"180\"><br \/>\n<strong>Yngve H\u00e5kanson<\/strong><br \/>\nKass\u00f6r, Sekr.<\/p>\n<p>T\u00f6ve 157<br \/>\n523 98 H\u00f6kerum<br \/>\nTel: 033-27 43 71<br \/>\nMobil: 070-598 40 33<\/td>\n<td><\/td>\n<td align=\"left\" valign=\"top\"><img loading=\"lazy\" decoding=\"async\" class=\"size-full wp-image-139 alignnone\" title=\"bernt\" src=\"https:\/\/matadi.hakanson.se\/wp-content\/uploads\/2010\/12\/bernt.jpg\" alt=\"\" width=\"150\" height=\"180\"><br \/>\n<strong>Bernt Sk\u00f6ld<\/strong><br \/>\nSekreterare, Insamlingsansvarig<\/p>\n<p>Hillaredsgatan 5<br \/>\n507 61 Bor\u00e5s<br \/>\nTel: 033-15 72 79<br \/>\nMobil: 076-815 72 70<\/td>\n<td><\/td>\n<\/tr>\n<tr>\n<td><\/td>\n<\/tr>\n<tr>\n<td align=\"left\" valign=\"top\"><img loading=\"lazy\" decoding=\"async\" class=\"size-full wp-image-144 alignnone\" title=\"lennart\" src=\"https:\/\/matadi.hakanson.se\/wp-content\/uploads\/2010\/12\/lennart.jpg\" alt=\"\" width=\"150\" height=\"180\"><br \/>\n<strong>Lennart Frid\u00e9n<\/strong><br \/>\nStyrelseledamot<\/p>\n<p>Furuv\u00e4gen 16<br \/>\n518 41 Sj\u00f6marken<br \/>\nTel: 033-25 47 20<br \/>\nTel arb: 0320-398 60<br \/>\nMobil: 070-623 98 01<\/td>\n<td><\/td>\n<td align=\"left\" valign=\"top\"><img loading=\"lazy\" decoding=\"async\" class=\"size-full wp-image-146 alignnone\" title=\"yapeco\" src=\"https:\/\/matadi.hakanson.se\/wp-content\/uploads\/2010\/12\/yapeco.jpg\" alt=\"\" width=\"150\" height=\"180\"><br \/>\n<strong>Yapeco Bakala Massengo<\/strong><br \/>\nMSG:s administrat\u00f6r<br \/>\nLocal representative<br \/>\nMatadi<br \/>\nMobil: +243 815158570<\/td>\n<td><\/td>\n<td align=\"left\" valign=\"top\"><img loading=\"lazy\" decoding=\"async\" class=\"size-full wp-image-145 alignnone\" title=\"luboyi\" src=\"https:\/\/matadi.hakanson.se\/wp-content\/uploads\/2010\/12\/luboyi.jpg\" alt=\"\" width=\"150\" height=\"180\"><br \/>\n<strong>G\u00f6sta Luboyi<\/strong><br \/>\nMSG:s admin., \u00d6vers\u00e4ttare<\/p>\n<p>Av. Zongo 22 Q3\/N&#8217;djili<br \/>\nKinshasa<br \/>\nMobil: +243822359778<br \/>\nHaiti: +50938028942<\/td>\n<\/tr>\n<tr>\n<td><\/td>\n<\/tr>\n<tr>\n<td align=\"left\" valign=\"top\"><img loading=\"lazy\" decoding=\"async\" class=\"size-full wp-image-145 alignnone\" title=\"julienne\" src=\"https:\/\/matadi.hakanson.se\/wp-content\/uploads\/2010\/12\/julienne.jpg\" alt=\"\" width=\"150\" height=\"180\"><br \/>\n<strong>Julienne Kukangisa<\/strong><br \/>\nL\u00e4rare, \u00d6vers\u00e4ttare<\/p>\n<p>Luozi<br \/>\nKongo Kinshasa<br \/>\nMobil: +243 812 427 820<\/td>\n<td><\/td>\n<td align=\"left\" valign=\"top\"><img loading=\"lazy\" decoding=\"async\" class=\"size-full wp-image-140 alignnone\" title=\"curt\" src=\"https:\/\/matadi.hakanson.se\/wp-content\/uploads\/2010\/12\/gunnel-1.jpg\" alt=\"\" width=\"150\" height=\"180\"> <strong>Gunnel Olofson<\/strong><br \/>\nSakkunnig, \u00d6vers\u00e4ttare<\/p>\n<p>Sn\u00f6b\u00e4rsbacken 5<br \/>\n554 56 J\u00f6nk\u00f6ping<br \/>\nTel: 036-17 51 71<\/td>\n<td><\/td>\n<td align=\"left\" valign=\"top\"><img loading=\"lazy\" decoding=\"async\" class=\"size-full wp-image-143 alignnone\" title=\"inga-maj\" src=\"https:\/\/matadi.hakanson.se\/wp-content\/uploads\/2010\/12\/inga-maj.jpg\" alt=\"\" width=\"150\" height=\"180\"><br \/>\n<strong>Inga-Maj H\u00e5kanson Gustafsson<\/strong><br \/>\nSakkunnig, \u00d6vers\u00e4ttare<\/p>\n<p>Norra \u00c5kersv\u00e4gen 6<br \/>\n590 43 Rimforsa<br \/>\nTel: 0494-210 69<br \/>\nMobil: 070 600 92 43<\/td>\n<\/tr>\n<tr>\n<td><\/td>\n<\/tr>\n<tr>\n<td align=\"left\" valign=\"top\"><img loading=\"lazy\" decoding=\"async\" class=\"size-full wp-image-143 alignnone\" title=\"Lendo\" src=\"https:\/\/matadi.hakanson.se\/wp-content\/uploads\/2010\/12\/Lendo.jpg\" alt=\"\" width=\"150\" height=\"180\"><br \/>\n<strong>Adolphe Lendo Ngoyi<\/strong><br \/>\nLocal representative<br \/>\nLuozi<br \/>\nMobile: +243 898 621 454<\/td>\n<td><\/td>\n<td align=\"left\" valign=\"top\"><img loading=\"lazy\" decoding=\"async\" class=\"size-full wp-image-143 alignnone\" title=\"iEmy\" src=\"https:\/\/matadi.hakanson.se\/wp-content\/uploads\/2010\/12\/Emy.jpg\" alt=\"\" width=\"150\" height=\"180\"> <strong>Emy Miantezila<\/strong><br \/>\nLocal representative<\/p>\n<p>Kimpese<br \/>\nMobile: +243 815 102 814<\/td>\n<td><\/td>\n<td align=\"left\" valign=\"top\"><img loading=\"lazy\" decoding=\"async\" class=\"size-full wp-image-142 alignnone\" title=\"hugo\" src=\"https:\/\/matadi.hakanson.se\/wp-content\/uploads\/2010\/12\/hugo.jpg\" alt=\"\" width=\"150\" height=\"180\"><br \/>\n<strong>Hugo Rikkinen<\/strong><br \/>\nInsamling<\/p>\n<p>Knekt\u00e5sv\u00e4gen 7<br \/>\n506 49 Bor\u00e5s<br \/>\nTel: 033-24 71 61<br \/>\nTel arb: 033-24 71 62<br \/>\nMobil: 0708-90 21 40<\/td>\n<\/tr>\n<\/tbody>\n<\/table>\n<p>[contact-form-7 id=&#8221;2643&#8243; title=&#8221;Kontaktformul\u00e4r&#8221;]<\/p>\n<p>","protected":false},"excerpt":{"rendered":"<p>Kontaktformul\u00e4r till ledningsgruppen Lars-Ola Rydberg Ordf\u00f6rande Fager\u00e5sv\u00e4gen 10 507 70 G\u00e5nghester Mobile: 0705 25 64 33 Yngve H\u00e5kanson Kass\u00f6r, Sekr. T\u00f6ve 157 523 98 H\u00f6kerum Tel: 033-27 43 71 Mobil: 070-598 40 33 Bernt Sk\u00f6ld Sekreterare, Insamlingsansvarig Hillaredsgatan 5 507 &hellip; <a href=\"https:\/\/matadi.hakanson.se\/se\/contact-us\/\">Forts\u00e4tt l\u00e4sa <span class=\"meta-nav\">&rarr;<\/span><\/a><\/p>\n","protected":false},"author":4,"featured_media":0,"parent":0,"menu_order":200,"comment_status":"closed","ping_status":"closed","template":"sidebar-page.php","meta":{"ngg_post_thumbnail":0,"footnotes":""},"class_list":["post-135","page","type-page","status-publish","hentry"],"_links":{"self":[{"href":"https:\/\/matadi.hakanson.se\/se\/wp-json\/wp\/v2\/pages\/135","targetHints":{"allow":["GET"]}}],"collection":[{"href":"https:\/\/matadi.hakanson.se\/se\/wp-json\/wp\/v2\/pages"}],"about":[{"href":"https:\/\/matadi.hakanson.se\/se\/wp-json\/wp\/v2\/types\/page"}],"author":[{"embeddable":true,"href":"https:\/\/matadi.hakanson.se\/se\/wp-json\/wp\/v2\/users\/4"}],"replies":[{"embeddable":true,"href":"https:\/\/matadi.hakanson.se\/se\/wp-json\/wp\/v2\/comments?post=135"}],"version-history":[{"count":156,"href":"https:\/\/matadi.hakanson.se\/se\/wp-json\/wp\/v2\/pages\/135\/revisions"}],"predecessor-version":[{"id":8574,"href":"https:\/\/matadi.hakanson.se\/se\/wp-json\/wp\/v2\/pages\/135\/revisions\/8574"}],"wp:attachment":[{"href":"https:\/\/matadi.hakanson.se\/se\/wp-json\/wp\/v2\/media?parent=135"}],"curies":[{"name":"wp","href":"https:\/\/api.w.org\/{rel}","templated":true}]}}