{"id":105,"date":"2010-12-28T23:24:49","date_gmt":"2010-12-28T23:24:49","guid":{"rendered":"http:\/\/w.matadi.hakanson.se\/"},"modified":"2020-11-09T20:58:48","modified_gmt":"2020-11-09T20:58:48","slug":"hem","status":"publish","type":"page","link":"https:\/\/matadi.hakanson.se\/se\/","title":{"rendered":"Hem"},"content":{"rendered":"<p><\/p>\n<table style=\"text-align: center; vertical-align: top; height: 150px; border: 1px solid #ccc; background-color: #eeeedd;\" cellspacing=\"0\" cellpadding=\"0\">\n<tbody>\n<tr>\n<td style=\"text-align: center; border: 0;\" colspan=\"3\">\n<h1 style=\"text-align: center;\">Morgondagens entrepren\u00f6rer i Kongo skapas genom<\/h1>\n<\/td>\n<\/tr>\n<tr>\n<td style=\"text-align: right; width: 380px; height: 150px; border: 0;\" valign=\"bottom\">\n<h3><a href=\"https:\/\/matadi.hakanson.se\/\"><img decoding=\"async\" class=\"size-full\" style=\"border: 1px solid #ccc;\" title=\"handskakning\" src=\"https:\/\/matadi.hakanson.se\/wp-content\/uploads\/2010\/12\/handskakning.jpg\" alt=\"Matadi Support Group\" align=\"right\"><\/a><\/h3>\n<\/td>\n<td style=\"height: 150px; vertical-align: top; border: 0;\" align=\"left\">\n<ul>\n<li>\n<h2><strong>utbildning<\/strong><\/h2>\n<\/li>\n<li>\n<h2><strong>f\u00f6retagsl\u00e5n<\/strong><\/h2>\n<\/li>\n<li>\n<h1><strong>kontakter<\/strong><\/h1>\n<\/li>\n<li>\n<h2><strong>uppf\u00f6ljning<\/strong><\/h2>\n<\/li>\n<\/ul>\n<\/td>\n<\/tr>\n<tr>\n<td style=\"border: 0;\" colspan=\"3\" align=\"right\">\n<h2 style=\"text-align: center;\">Entrepren\u00f6rskap &#8211; En v\u00e4g till framg\u00e5ng<\/h2>\n<h2 style=\"text-align: center;\">V\u00e5ra ledord: \u00c4rlighet &#8211; \u00d6ppenhet &#8211; Kontroll &#8211; Resultat<\/h2>\n<\/td>\n<\/tr>\n<\/tbody>\n<\/table>\n<p>","protected":false},"excerpt":{"rendered":"<p>Morgondagens entrepren\u00f6rer i Kongo skapas genom utbildning f\u00f6retagsl\u00e5n kontakter uppf\u00f6ljning Entrepren\u00f6rskap &#8211; En v\u00e4g till framg\u00e5ng V\u00e5ra ledord: \u00c4rlighet &#8211; \u00d6ppenhet &#8211; Kontroll &#8211; Resultat<\/p>\n","protected":false},"author":4,"featured_media":0,"parent":0,"menu_order":0,"comment_status":"closed","ping_status":"closed","template":"sidebar-page.php","meta":{"ngg_post_thumbnail":0,"footnotes":""},"class_list":["post-105","page","type-page","status-publish","hentry"],"_links":{"self":[{"href":"https:\/\/matadi.hakanson.se\/se\/wp-json\/wp\/v2\/pages\/105","targetHints":{"allow":["GET"]}}],"collection":[{"href":"https:\/\/matadi.hakanson.se\/se\/wp-json\/wp\/v2\/pages"}],"about":[{"href":"https:\/\/matadi.hakanson.se\/se\/wp-json\/wp\/v2\/types\/page"}],"author":[{"embeddable":true,"href":"https:\/\/matadi.hakanson.se\/se\/wp-json\/wp\/v2\/users\/4"}],"replies":[{"embeddable":true,"href":"https:\/\/matadi.hakanson.se\/se\/wp-json\/wp\/v2\/comments?post=105"}],"version-history":[{"count":187,"href":"https:\/\/matadi.hakanson.se\/se\/wp-json\/wp\/v2\/pages\/105\/revisions"}],"predecessor-version":[{"id":8573,"href":"https:\/\/matadi.hakanson.se\/se\/wp-json\/wp\/v2\/pages\/105\/revisions\/8573"}],"wp:attachment":[{"href":"https:\/\/matadi.hakanson.se\/se\/wp-json\/wp\/v2\/media?parent=105"}],"curies":[{"name":"wp","href":"https:\/\/api.w.org\/{rel}","templated":true}]}}