{"id":479,"date":"2011-01-02T19:36:57","date_gmt":"2011-01-02T19:36:57","guid":{"rendered":"http:\/\/w.matadi.hakanson.se\/"},"modified":"2020-11-09T21:05:41","modified_gmt":"2020-11-09T21:05:41","slug":"deed-of-gift","status":"publish","type":"page","link":"https:\/\/matadi.hakanson.se\/fr\/entrepreneurs\/become-sponsor\/deed-of-gift\/","title":{"rendered":"Acte de donation"},"content":{"rendered":"<p><a href=\"http:\/\/matadi.hakanson.se\/wp-content\/uploads\/2011\/01\/Gavobrev.pdf\">Ladda ner som PDF f\u00f6r utskrift<\/a><\/p>\n<h2>Acte de donation<\/h2>\n<p>Comme un cadeau \u00e0 l&rsquo;appui de Matadi Groupe (en abr\u00e9g\u00e9 MSG), je donne les montants suivants<\/p>\n<p>Total USD<\/p>\n<p>L&rsquo;argent sera vers\u00e9 lorsque le MSG a nomm\u00e9 entrepreneurs au Congo Kinshasa et les a pr\u00e9sent\u00e9s avec les noms et l&rsquo;appartenance au groupe pour moi. Le montant des pr\u00eats \u00e0 l&rsquo;entrepreneur respectifs seront \u00e9galement couverts.<\/p>\n<p>Notre id\u00e9e est de communiquer les donateurs et les b\u00e9n\u00e9ficiaires par le biais de notre site http:\/\/matadi.hakanson.se<\/p>\n<p>La pr\u00e9sentation du mot de passe suivi sera prot\u00e9g\u00e9 et est disponible pour ceux qui ont donn\u00e9 au moins 1000: &#8211; USD. La pr\u00e9sentation est ouverte pendant la dur\u00e9e des pr\u00eats pour les premiers entrepreneurs. La d\u00e9claration d&rsquo;ouverture peut \u00eatre prorog\u00e9 par accord mutuel et les circonstances.<\/p>\n<p>L&rsquo;argent peut \u00eatre vers\u00e9 dans notre Bankgiro 200-8332 ou sur le compte bancaire 8380-8 4081840-3 en Swedbank Ulricehamn.<\/p>\n<p>Dans ce document appartient annexe cadre r\u00e9glementaire pour des pr\u00eats d&rsquo;affaire.<\/p>\n<p>Mon nom peut \u00eatre affich\u00e9e sur le site je veux \u00eatre anonyme<\/p>\n<p>Ce document est \u00e9tabli en double exemplaire.<\/p>\n<p>Les bailleurs de fonds:<\/p>\n<p>Nom:<\/p>\n<p>Adresse:<\/p>\n<p>T\u00e9l\u00e9phone:<\/p>\n<p>Adresse E-mail:<\/p>\n<p>Lieu et date<\/p>\n<p>Signature&nbsp;&nbsp;&nbsp;&nbsp;&nbsp;&nbsp;&nbsp;&nbsp;&nbsp;&nbsp;&nbsp;&nbsp;&nbsp;&nbsp;&nbsp;&nbsp;&nbsp;&nbsp;&nbsp;&nbsp;&nbsp;&nbsp;&nbsp;&nbsp;&nbsp;&nbsp;&nbsp;&nbsp;&nbsp;&nbsp;&nbsp;&nbsp;&nbsp;&nbsp;&nbsp;&nbsp;&nbsp;&nbsp;&nbsp;&nbsp;&nbsp;&nbsp;&nbsp;&nbsp;&nbsp;&nbsp;&nbsp;&nbsp;&nbsp;&nbsp;&nbsp;&nbsp;&nbsp;&nbsp;&nbsp;&nbsp;&nbsp;&nbsp;&nbsp;&nbsp;&nbsp;&nbsp;&nbsp;&nbsp;&nbsp;&nbsp;&nbsp;&nbsp;&nbsp;&nbsp;&nbsp;&nbsp;&nbsp;&nbsp;&nbsp;&nbsp;&nbsp;&nbsp;&nbsp;&nbsp;&nbsp;&nbsp;&nbsp;&nbsp;&nbsp;&nbsp;&nbsp;&nbsp;&nbsp;&nbsp;&nbsp;&nbsp;&nbsp;&nbsp;&nbsp; Signature MSG<\/p>\n<table>\n<tbody>\n<tr>\n<td width=\"200px\" align=\"right\" valign=\"top\">Collection responsable:<\/td>\n<td>Bernt Sk\u00f6ld<\/p>\n<p>Hillaredsgatan 5<\/p>\n<p>507 61&nbsp; Bor\u00e5s<\/p>\n<p>Tel 033 15 72 79&nbsp; \/ 076 81 57&nbsp;270<\/p>\n<p>e-post <a href=\"mailto:renee.skold@yahoo.se\">renee.skold@yahoo.se<\/a><\/td>\n<\/tr>\n<\/tbody>\n<\/table>\n<p><\/p>","protected":false},"excerpt":{"rendered":"<p>Ladda ner som PDF f\u00f6r utskrift Acte de donation Comme un cadeau \u00e0 l&rsquo;appui de Matadi Groupe (en abr\u00e9g\u00e9 MSG), je donne les montants suivants Total USD L&rsquo;argent sera vers\u00e9 lorsque le MSG a nomm\u00e9 entrepreneurs au Congo Kinshasa et &hellip; <a href=\"https:\/\/matadi.hakanson.se\/fr\/entrepreneurs\/become-sponsor\/deed-of-gift\/\">Continuer la lecture <span class=\"meta-nav\">&rarr;<\/span><\/a><\/p>\n","protected":false},"author":4,"featured_media":0,"parent":403,"menu_order":0,"comment_status":"closed","ping_status":"closed","template":"sidebar-page.php","meta":{"ngg_post_thumbnail":0,"footnotes":""},"class_list":["post-479","page","type-page","status-publish","hentry"],"_links":{"self":[{"href":"https:\/\/matadi.hakanson.se\/fr\/wp-json\/wp\/v2\/pages\/479","targetHints":{"allow":["GET"]}}],"collection":[{"href":"https:\/\/matadi.hakanson.se\/fr\/wp-json\/wp\/v2\/pages"}],"about":[{"href":"https:\/\/matadi.hakanson.se\/fr\/wp-json\/wp\/v2\/types\/page"}],"author":[{"embeddable":true,"href":"https:\/\/matadi.hakanson.se\/fr\/wp-json\/wp\/v2\/users\/4"}],"replies":[{"embeddable":true,"href":"https:\/\/matadi.hakanson.se\/fr\/wp-json\/wp\/v2\/comments?post=479"}],"version-history":[{"count":11,"href":"https:\/\/matadi.hakanson.se\/fr\/wp-json\/wp\/v2\/pages\/479\/revisions"}],"predecessor-version":[{"id":8579,"href":"https:\/\/matadi.hakanson.se\/fr\/wp-json\/wp\/v2\/pages\/479\/revisions\/8579"}],"up":[{"embeddable":true,"href":"https:\/\/matadi.hakanson.se\/fr\/wp-json\/wp\/v2\/pages\/403"}],"wp:attachment":[{"href":"https:\/\/matadi.hakanson.se\/fr\/wp-json\/wp\/v2\/media?parent=479"}],"curies":[{"name":"wp","href":"https:\/\/api.w.org\/{rel}","templated":true}]}}