{"id":419,"date":"2011-01-02T16:18:20","date_gmt":"2011-01-02T16:18:20","guid":{"rendered":"http:\/\/w.matadi.hakanson.se\/"},"modified":"2020-02-16T09:47:04","modified_gmt":"2020-02-16T09:47:04","slug":"new-entrepreneurs","status":"publish","type":"page","link":"https:\/\/matadi.hakanson.se\/fr\/entrepreneurs\/new-entrepreneurs\/","title":{"rendered":"Les premiers entrepreneurs"},"content":{"rendered":"<p><\/p>\n<h2>Les premiers entrepreneurs 2010<\/h2>\n<p>Voici les dix premiers entrepreneurs. En Octobre, nous sommes all\u00e9s \u00e0 travers le \u00ab\u00a0Plan d&rsquo;affaires une premi\u00e8re esquisse.\u00a0\u00bb Certains vont g\u00e9rer leur entreprise comme un travail d&rsquo;appoint<\/p>\n<p><img loading=\"lazy\" decoding=\"async\" src=\"https:\/\/matadi.hakanson.se\/wp-content\/uploads\/2011\/01\/tio_entreprenorer_101013.jpg\" alt=\"\" width=\"630\" height=\"473\"><\/p>\nngg_shortcode_2_placeholder\n<p>Nous avons donn\u00e9 la priorit\u00e9 \u00e0 la production alimentaire. Beaucoup va commencer et d&rsquo;autres \u00e0 d\u00e9velopper leur \u00e9levage de poulets en cours et ferme de poulets et de porcs, bien que certains soient et que vous souhaitez d\u00e9velopper le manioc, l&rsquo;arachide, les haricots et les l\u00e9gumes, certains veulent travailler avec l&rsquo;industrie du v\u00eatement et du commerce. Un participant de commencer le transport.<\/p>","protected":false},"excerpt":{"rendered":"<p>Les premiers entrepreneurs 2010 Voici les dix premiers entrepreneurs. En Octobre, nous sommes all\u00e9s \u00e0 travers le \u00ab\u00a0Plan d&rsquo;affaires une premi\u00e8re esquisse.\u00a0\u00bb Certains vont g\u00e9rer leur entreprise comme un travail d&rsquo;appoint Nous avons donn\u00e9 la priorit\u00e9 \u00e0 la production alimentaire. &hellip; <a href=\"https:\/\/matadi.hakanson.se\/fr\/entrepreneurs\/new-entrepreneurs\/\">Continuer la lecture <span class=\"meta-nav\">&rarr;<\/span><\/a><\/p>\n","protected":false},"author":4,"featured_media":0,"parent":399,"menu_order":30,"comment_status":"closed","ping_status":"closed","template":"sidebar-page.php","meta":{"ngg_post_thumbnail":0,"footnotes":""},"class_list":["post-419","page","type-page","status-publish","hentry"],"_links":{"self":[{"href":"https:\/\/matadi.hakanson.se\/fr\/wp-json\/wp\/v2\/pages\/419","targetHints":{"allow":["GET"]}}],"collection":[{"href":"https:\/\/matadi.hakanson.se\/fr\/wp-json\/wp\/v2\/pages"}],"about":[{"href":"https:\/\/matadi.hakanson.se\/fr\/wp-json\/wp\/v2\/types\/page"}],"author":[{"embeddable":true,"href":"https:\/\/matadi.hakanson.se\/fr\/wp-json\/wp\/v2\/users\/4"}],"replies":[{"embeddable":true,"href":"https:\/\/matadi.hakanson.se\/fr\/wp-json\/wp\/v2\/comments?post=419"}],"version-history":[{"count":37,"href":"https:\/\/matadi.hakanson.se\/fr\/wp-json\/wp\/v2\/pages\/419\/revisions"}],"predecessor-version":[{"id":8558,"href":"https:\/\/matadi.hakanson.se\/fr\/wp-json\/wp\/v2\/pages\/419\/revisions\/8558"}],"up":[{"embeddable":true,"href":"https:\/\/matadi.hakanson.se\/fr\/wp-json\/wp\/v2\/pages\/399"}],"wp:attachment":[{"href":"https:\/\/matadi.hakanson.se\/fr\/wp-json\/wp\/v2\/media?parent=419"}],"curies":[{"name":"wp","href":"https:\/\/api.w.org\/{rel}","templated":true}]}}