{"id":403,"date":"2011-01-02T16:04:19","date_gmt":"2011-01-02T16:04:19","guid":{"rendered":"http:\/\/w.matadi.hakanson.se\/"},"modified":"2011-08-26T17:50:42","modified_gmt":"2011-08-26T17:50:42","slug":"become-sponsor","status":"publish","type":"page","link":"https:\/\/matadi.hakanson.se\/fr\/entrepreneurs\/become-sponsor\/","title":{"rendered":"\u00catre sponsor"},"content":{"rendered":"<p><\/p>\n<h2>Pour \u00eatre un sponsor<\/h2>\n<p>Nous voulons maintenant proposer aux entreprises, soci\u00e9t\u00e9s et particuliers \u00e0 parrainer un entrepreneur \u00e0 Matadi, RD Congo\/Kinshasa.<\/p>\n<p>En donnant des pr\u00eats nous voulons aider les gens \u00e0 commencer de petites entreprises.<\/p>\n<p>La taille d&rsquo;un pr\u00eat peut aller jusqu&rsquo;\u00e0 un montant USD 1000 que nous estimons tout \u00e0 l&rsquo;heure.<\/p>\n<p>Les emprunteurs forment des groupes d&rsquo;environ cinq entrepreneurs qui se prennent en charge les uns des autres au sein du groupe tout en \u00e9tant des cr\u00e9anciers.<\/p>\n<p>La garantie de l&#8217;emprunt sera une garantie personnelle que tout le monde doit signer.<br \/>\nLa garantie est limit\u00e9e \u00e0 25% l&rsquo;OT pr\u00eat individuel. Tout le monde est une garantie pour les autres. Dans le cas o\u00f9 l&rsquo;un des cinq n&rsquo;est pas en mesure de remplir ses obligations, les quatre autres sont cens\u00e9s payer pour lui.<\/p>\n<p><a href=\"\/regelverk\" target=\"_blank\">Vous lirez plus sur les r\u00e8gles ici<\/a>.<\/p>\n<p>Vous pouvez \u00eatre un sponsor en donnant un pr\u00eat ou un don. Apres cela nous choisissons un ou plusieurs entrepreneurs qui seraient pour le(s) votre. Chaque mois, nous ferions le compte sur ce site l&rsquo;entrepreneur (s) que vous parrainez (sponsorisez).<\/p>\n<p>En d&rsquo;autres termes nous avons l&rsquo;intention de faire en sorte que le pr\u00eateur soit en mesure de suivre la personne parrain\u00e9e et de voir ses am\u00e9liorations et des r\u00e9sultats. Le compte est pr\u00e9vu d&rsquo;\u00eatre ouvert ou prot\u00e9g\u00e9 par un mot de passe en fonction de l&rsquo;accord entre donneur\/pr\u00eateur et le r\u00e9cepteur.<\/p>\n<p>Nous avons maintenant traduit <a href=\"http:\/\/almi.se\/ALMI-in-English\/\" target=\"_blank\">ALMI<\/a> en mati\u00e8re d&rsquo;\u00e9ducation \u00ab\u00a0du plan d&rsquo;affaires une premi\u00e8re esquisse\u00a0\u00bb vers le fran\u00e7ais et l&rsquo;a compl\u00e9t\u00e9e avec un certain suivi, En Octobre, nous allons le tester sur les entrepreneurs potentiels \u00e0 Matadi.<\/p>\n<p>Nous pr\u00e9voyons \u00e9galement un contact direct entre les deux parties.<\/p>\n<p>Notre politique est: <strong>Transparence<\/strong> et <strong>R\u00e9sultats<\/strong>.<\/p>","protected":false},"excerpt":{"rendered":"<p>Pour \u00eatre un sponsor Nous voulons maintenant proposer aux entreprises, soci\u00e9t\u00e9s et particuliers \u00e0 parrainer un entrepreneur \u00e0 Matadi, RD Congo\/Kinshasa. En donnant des pr\u00eats nous voulons aider les gens \u00e0 commencer de petites entreprises. La taille d&rsquo;un pr\u00eat peut &hellip; <a href=\"https:\/\/matadi.hakanson.se\/fr\/entrepreneurs\/become-sponsor\/\">Continuer la lecture <span class=\"meta-nav\">&rarr;<\/span><\/a><\/p>\n","protected":false},"author":4,"featured_media":0,"parent":399,"menu_order":10,"comment_status":"closed","ping_status":"closed","template":"sidebar-page.php","meta":{"ngg_post_thumbnail":0,"footnotes":""},"class_list":["post-403","page","type-page","status-publish","hentry"],"_links":{"self":[{"href":"https:\/\/matadi.hakanson.se\/fr\/wp-json\/wp\/v2\/pages\/403","targetHints":{"allow":["GET"]}}],"collection":[{"href":"https:\/\/matadi.hakanson.se\/fr\/wp-json\/wp\/v2\/pages"}],"about":[{"href":"https:\/\/matadi.hakanson.se\/fr\/wp-json\/wp\/v2\/types\/page"}],"author":[{"embeddable":true,"href":"https:\/\/matadi.hakanson.se\/fr\/wp-json\/wp\/v2\/users\/4"}],"replies":[{"embeddable":true,"href":"https:\/\/matadi.hakanson.se\/fr\/wp-json\/wp\/v2\/comments?post=403"}],"version-history":[{"count":5,"href":"https:\/\/matadi.hakanson.se\/fr\/wp-json\/wp\/v2\/pages\/403\/revisions"}],"predecessor-version":[{"id":2201,"href":"https:\/\/matadi.hakanson.se\/fr\/wp-json\/wp\/v2\/pages\/403\/revisions\/2201"}],"up":[{"embeddable":true,"href":"https:\/\/matadi.hakanson.se\/fr\/wp-json\/wp\/v2\/pages\/399"}],"wp:attachment":[{"href":"https:\/\/matadi.hakanson.se\/fr\/wp-json\/wp\/v2\/media?parent=403"}],"curies":[{"name":"wp","href":"https:\/\/api.w.org\/{rel}","templated":true}]}}