{"id":399,"date":"2011-01-02T16:00:27","date_gmt":"2011-01-02T16:00:27","guid":{"rendered":"http:\/\/w.matadi.hakanson.se\/"},"modified":"2023-02-13T17:57:59","modified_gmt":"2023-02-13T17:57:59","slug":"entrepreneurs","status":"publish","type":"page","link":"https:\/\/matadi.hakanson.se\/fr\/entrepreneurs\/","title":{"rendered":"Entrepreneurs"},"content":{"rendered":"<p><\/p>\n<h2>Entrepreneurs<\/h2>\n<p>Pendant longtemps, nous avons r\u00e9fl\u00e9chis sur la meilleure fa\u00e7on de soutenir nos amis \u00e0 Matadi.&nbsp; Contribuer avec l&rsquo;argent entra\u00eene de toute fa\u00e7on une \u00e9volution positive dans de nombreuses r\u00e9gions environnantes bien s\u00fbr, mais ca peut aussi rendre passif ceux qui re\u00e7oivent de l&rsquo;aide, attendant davantage de soutien avant que les choses se produisent.<\/p>\n<p>Il ne faut pas donner un poisson au p\u00eacheur, mais donne lui plut\u00f4t un filet. Avec un filet, il va attraper du poisson lui-m\u00eame.<\/p>\n<p>Nous avons trouv\u00e9 que les pr\u00eats ont \u00e9t\u00e9 un moyen efficace d&rsquo;inciter les gens \u00e0 commencer une activit\u00e9 et prendre la responsabilit\u00e9 de subvenir \u00e0 leurs besoins et d&rsquo;autres autour d&rsquo;eux.<\/p>","protected":false},"excerpt":{"rendered":"<p>Entrepreneurs Pendant longtemps, nous avons r\u00e9fl\u00e9chis sur la meilleure fa\u00e7on de soutenir nos amis \u00e0 Matadi.&nbsp; Contribuer avec l&rsquo;argent entra\u00eene de toute fa\u00e7on une \u00e9volution positive dans de nombreuses r\u00e9gions environnantes bien s\u00fbr, mais ca peut aussi rendre passif ceux &hellip; <a href=\"https:\/\/matadi.hakanson.se\/fr\/entrepreneurs\/\">Continuer la lecture <span class=\"meta-nav\">&rarr;<\/span><\/a><\/p>\n","protected":false},"author":4,"featured_media":0,"parent":0,"menu_order":8,"comment_status":"closed","ping_status":"closed","template":"sidebar-page.php","meta":{"ngg_post_thumbnail":0,"footnotes":""},"class_list":["post-399","page","type-page","status-publish","hentry"],"_links":{"self":[{"href":"https:\/\/matadi.hakanson.se\/fr\/wp-json\/wp\/v2\/pages\/399","targetHints":{"allow":["GET"]}}],"collection":[{"href":"https:\/\/matadi.hakanson.se\/fr\/wp-json\/wp\/v2\/pages"}],"about":[{"href":"https:\/\/matadi.hakanson.se\/fr\/wp-json\/wp\/v2\/types\/page"}],"author":[{"embeddable":true,"href":"https:\/\/matadi.hakanson.se\/fr\/wp-json\/wp\/v2\/users\/4"}],"replies":[{"embeddable":true,"href":"https:\/\/matadi.hakanson.se\/fr\/wp-json\/wp\/v2\/comments?post=399"}],"version-history":[{"count":10,"href":"https:\/\/matadi.hakanson.se\/fr\/wp-json\/wp\/v2\/pages\/399\/revisions"}],"predecessor-version":[{"id":9191,"href":"https:\/\/matadi.hakanson.se\/fr\/wp-json\/wp\/v2\/pages\/399\/revisions\/9191"}],"wp:attachment":[{"href":"https:\/\/matadi.hakanson.se\/fr\/wp-json\/wp\/v2\/media?parent=399"}],"curies":[{"name":"wp","href":"https:\/\/api.w.org\/{rel}","templated":true}]}}