{"id":2937,"date":"2011-11-19T20:06:30","date_gmt":"2011-11-19T20:06:30","guid":{"rendered":"http:\/\/matadi.hakanson.se\/?page_id=2937"},"modified":"2018-04-25T09:13:50","modified_gmt":"2018-04-25T09:13:50","slug":"calendar","status":"publish","type":"page","link":"https:\/\/matadi.hakanson.se\/fr\/about-us\/calendar\/","title":{"rendered":"Notre almanach"},"content":{"rendered":"<p><\/p>\n<p><strong>The almanac 2012<\/strong><\/p>\n<hr \/>\n<p><strong>January <\/strong>6, 3pm Church service about Congo in Kallhems Mission chapel. Half an hour from Bengtsfors in Dalsland <strong><\/strong><\/p>\n<p><strong>January <\/strong>8, 10am Church service about Congo in H\u00f6kerum Mission Church together with Mission Church in Blidsberg<\/p>\n<p><strong>January <\/strong> 30 Bernt and Yngve travelling to Congo.<\/p>\n<hr \/>\n<p><strong>February<\/strong> Bernt and Yngve are planing a four weeks trip to Congo February 28 travelling back to Sweden<\/p>\n<hr \/>\n<p><strong>March<\/strong> From March 12 to March 25 Exhibition about our work in The\u00a0 Democratic Republic Congo at the Public Library in Alings\u00e5s. The headline is Entrepreneurs in Congo<\/p>\n<p><strong>March<\/strong> 14 at 6 pm speech about entrepreneurship in Congo at the Public Library in Alings\u00e5s.<\/p>\n<p><strong>March<\/strong> 19 to April 9 Exhibition about our work in The\u00a0 Democratic Republic Congo at the Public Library in Bor\u00e5s. The headline is Entrepreneurs in Congo.<\/p>\n<p><strong>March<\/strong> 28 at 7 pm speech about entrepreneurship in Congo at the Public Library in Bor\u00e5s<\/p>\n<p><strong>March<\/strong> 31 at 5 pm Mission evening speech about entrepreneurship in Congo in Mission Church in Rimforsa. Half an hour from Link\u00f6ping.<\/p>\n<hr \/>\n<p><strong>\u00a0April<\/strong> 21 at 4pm. MSG welcome you to the annual meeting at S\u00f6dra V\u00e4tterbygdens Folkh\u00f6gskola<\/p>\n<hr \/>\n<p><strong> September<\/strong> 4 at 3pm. MSG will meet the Missionary committee in Karlstad, discussing the development in Luozi.<\/p>\n<p><strong> September<\/strong> 18 at 6pm. speech about Congo in Norrmalm Church in Bor\u00e5s<\/p>\n<p><strong> September<\/strong> 21 &#8211; 23 .MSG will take part of The meeting of Bor\u00e5s about mission in the developing countries<\/p>\n<p><strong> September<\/strong> 22 at 3pm. MSG will hold a seminary about entrepreneurship in the Congo<\/p>\n<hr \/>\n<p><strong> September<\/strong> 28 . Bernt, Yngve, Ing-Marie och Bengt, Christoffer will go to the Congo for a stay of four weeks, working in Kinshasa, Luozi, Kimpese, Matadi and Nsanda with entrepreneurship.<\/p>\n<hr \/>\n<p><strong> October<\/strong> 15 . Lennart and Lars-Ola will go to the Congo for a stay of two weeks, working in Matadi and Nsanda with entrepreneurship.<\/p>\n<p><strong>October<\/strong> 26 all except Bengt and Ing-Marie will go back to Sweden<\/p>\n<hr \/>\n<p><strong> November<\/strong> 2 Bengt and Ing-Marie will go back to Sweden<\/p>\n<p><strong>November<\/strong> 10 at 7pm speech about entrepreneurship in the Congo at Missionary\u00a0Chapel in S\u00f6dra V\u00e5nga<\/p>\n<p><strong>November<\/strong> 19 at 12 am speech about entrepreneurship in the Congo at Rotary in Ulricehamn<\/p>\n<p><strong>November<\/strong> 25 at 4pm speech about entrepreneurship in the Congo at Missionary Church in Ulricehamn<\/p>\n<p><strong>November<\/strong> 28 four Members of Parliament from Brazzaville visiting Bor\u00e5s. 10 pm meeting at the High School. 1 pm meeting with the leadership for Bor\u00e5s. 15 pm meeting at Sobacken, the waste plant for Bor\u00e5s. 17 pm meeting in Immanuel church. MSG will talk about their work in the Congo<\/p>\n<hr \/>\n<p><strong>December<\/strong> 30 at 6pm Church service about mission and entrepreneurship in the Congo mixed with song by Jean-Claude Luobelo at Missionary Church in H\u00f6kerum<\/p>\n<hr \/>\n<p><strong>The almanac 2013<\/strong><\/p>\n<hr \/>\n<p><strong>January <\/strong>6, 3pm Church service about mission and entrepreneurship in the Congo in Skara Missionary church. Entrepreneurship in the Congo.<\/p>\n<p><strong>January <\/strong>8, 1pm Meeting with pastor \u00c5ke Nordqvist J\u00f6nk\u00f6ping. He will work with the education material about business ethics.<\/p>\n<p><strong>January <\/strong>9, 10am Meeting with Statens Provningsanstalt in Bor\u00e5s, Checking the possibilities to use solar panels for stoves in the Congo.<\/p>\n<p><strong>January <\/strong>10, 9am Meeting at The High School in Bor\u00e5s. Meeting with FOV Fabrics and professor Mohammad. Investigate the bio fuel for stoves in the Congo.<\/p>\n<p><strong>January <\/strong>23, 2pm Speech entrepreneurship in the Congo in the House of church in Dannike.<\/p>\n<p><strong>January <\/strong>23, 5pm Board meeting at Lennart Frid\u00e9n Sj\u00f6marken.<\/p>\n<hr \/>\n<p><strong>February <\/strong> A deligation from Matadi, Kimpese and Luozi will come to Bor\u00e5s for studying waste recovery.<\/p>\n<p><strong>February <\/strong>21, 12am Meeting with Church leaders Lasse Svensson for Gemensam Framtid in \u00d6ver\u00e5s<\/p>\n<hr \/>\n<p><strong>March <\/strong>3, Brom\u00f6lla Missionary church. Speech about Entrepreneurship in the Congo.<\/p>\n<p><strong>March <\/strong>4, 5pm Board meeting at Bertil Rick\u00e4ng, Sj\u00f6marken<\/p>\n<p><strong>March <\/strong>6, 3pm SPF in H\u00f6kerum Missionary church. Speech about Entrepreneurship in the Congo.<\/p>\n<p><strong>March <\/strong>7, 3pm RPG in Allians &#8211; church in J\u00f6nk\u00f6ping. Speech about Entrepreneurship in the Congo.<\/p>\n<p><strong>March<\/strong> 16 at 4pm. MSG welcome you to the annual meeting at S\u00f6dra V\u00e4tterbygdens Folkh\u00f6gskola<\/p>\n<p><strong>March<\/strong> 24 at 3pm. Myr\u00e5s-church in Br\u00e4mhult, Bor\u00e5s, Speech about Entrepreneurship in the Congo.<\/p>\n<hr \/>\n<p><strong> April<\/strong> 2 . Bernt, Yngve, will go to the Congo for a stay of four weeks, working in Congo Kinshasa and Congo Brazzaville, with entrepreneurship.You can follow us through our blog at the start page on this web.<\/p>\n<hr \/>\n<p><strong>May <\/strong>13, 5pm Board meeting at Yngve H\u00e5kanson T\u00f6ve.<\/p>\n<p><strong>May<\/strong> 22 at 1pm. The Sven Eriksson gymnasium, Bor\u00e5s. Speech about Entrepreneurship in the Congo.<\/p>\n<hr \/>\n<p><strong>July<\/strong> 3, 5pm Board meeting at Lars-Ola Rydberg Tolken.<\/p>\n<hr \/>\n<p><strong> September<\/strong> 10 &#8211; 11 . Bernt and Yngve visit Focus Business School, Equmenia Church office in Alvik, the Embassy of Decomocratic Republic of Congo and the Embassy of Republic Congo in Stockholm.<\/p>\n<p><strong>September <\/strong>17, 5pm Board meeting at Lennart Frid\u00e9n Sj\u00f6marken.<\/p>\n<p><strong>September <\/strong>21, Bor\u00e5s meeting at Immanuel church in Bor\u00e5s. Meeting and work shop about mission in the world.<\/p>\n<hr \/>\n<p><strong> October<\/strong> 15 . Bernt and Yngve, will go to the Congo for a stay of four weeks, working two weeks in Congo Kinshasa and Matadi and two weeks in Congo Brazzaville, with training of traineers in entrepreneurship. You can follow us through our blog at the start page on this web. The itinerary you can see under Congo trips 2013.<\/p>\n<hr \/>\n<p><strong>November <\/strong> 27, 5pm Board meeting at Bernt Sk\u00f6ld Bor\u00e5s.<\/p>\n<p><strong>November <\/strong> 29, Meeting for teachers from H\u00f6kerum, Vegby and Tv\u00e4rred at Navet in Bor\u00e5s. Lecture about entrepreneur\u00b4s education in the Congo .<\/p>\n<hr \/>\n<p><strong>December<\/strong> 29 at 10am Church service about mission and entrepreneurship in the Congo at Missionary Church in H\u00f6kerum<\/p>\n<hr \/>\n<p><strong>The almanac 2014<\/strong><\/p>\n<hr \/>\n<p><strong>January <\/strong>6, 3pm Church service at Blidsberg\u00b4s Missionary church about mission and entrepreneurship in the Congo .<\/p>\n<hr \/>\n<p><strong>March 8<\/strong>, 3pm Annual meeting at Immanuel church in Bor\u00e5s <\/p>\n<hr \/>\n<p><strong>March 18<\/strong>,  Traveling to Kinshasa and Matadi. A four weeks work period for Bernt and Yngve. Back in Sweden April 17.<\/p>\n<hr \/>\n<p><strong>June 10<\/strong> at 10am, MSG has a meeting with the Equmenia Church in Skara. The issue is how to continue the work and organize it in Brazzaville<\/p>\n<hr \/>\n<p><strong>The almanac 2015<\/strong><\/p>\n<hr \/>\n<p><strong>January <\/strong>12, 3pm  planning meeting at Uppsala Missionary church about mission and entrepreneurship in the Congo .<br \/>\n<strong>January <\/strong>26 and 27, planning meetings at the Embasy of Congo Brazzaville in Stockholm and at Equmenia Church office in Alvik about mission and entrepreneurship in the Congo .<\/p>\n<hr \/>\n<p><strong>Februari 2<\/strong>, Speech about Entrepreneurship in the Congo at the Red Cross in Bor\u00e5s.<\/p>\n<hr \/>\n<p><strong>March 2<\/strong>, Traveling to Congo Brazzaville for two weeks following two weeks to Congo Kinshasa and Matadi. A four weeks work period for Kerstin and Yngve. Back in Sweden April 1.<\/p>\n<hr \/>\n<p><strong>April 15<\/strong> at 5pm, Speech about Entrepreneurship in the Congo at Save the Children in Bor\u00e5s.<br \/>\n<strong>April 22<\/strong> at 3pm, Speech about Entrepreneurship in the Congo at the Red Cross in Bor\u00e5s.<br \/>\n<strong>April 24<\/strong> at 4pm Annual meeting at Immanuel church in Bor\u00e5s. See special notice.<\/p>\n<hr \/>\n<p><\/p>","protected":false},"excerpt":{"rendered":"<p>The almanac 2012 January 6, 3pm Church service about Congo in Kallhems Mission chapel. Half an hour from Bengtsfors in Dalsland January 8, 10am Church service about Congo in H\u00f6kerum Mission Church together with Mission Church in Blidsberg January 30 &hellip; <a href=\"https:\/\/matadi.hakanson.se\/fr\/about-us\/calendar\/\">Continuer la lecture <span class=\"meta-nav\">&rarr;<\/span><\/a><\/p>\n","protected":false},"author":4,"featured_media":0,"parent":2739,"menu_order":3,"comment_status":"closed","ping_status":"closed","template":"sidebar-page.php","meta":{"ngg_post_thumbnail":0,"footnotes":""},"class_list":["post-2937","page","type-page","status-publish","hentry"],"_links":{"self":[{"href":"https:\/\/matadi.hakanson.se\/fr\/wp-json\/wp\/v2\/pages\/2937","targetHints":{"allow":["GET"]}}],"collection":[{"href":"https:\/\/matadi.hakanson.se\/fr\/wp-json\/wp\/v2\/pages"}],"about":[{"href":"https:\/\/matadi.hakanson.se\/fr\/wp-json\/wp\/v2\/types\/page"}],"author":[{"embeddable":true,"href":"https:\/\/matadi.hakanson.se\/fr\/wp-json\/wp\/v2\/users\/4"}],"replies":[{"embeddable":true,"href":"https:\/\/matadi.hakanson.se\/fr\/wp-json\/wp\/v2\/comments?post=2937"}],"version-history":[{"count":83,"href":"https:\/\/matadi.hakanson.se\/fr\/wp-json\/wp\/v2\/pages\/2937\/revisions"}],"predecessor-version":[{"id":8369,"href":"https:\/\/matadi.hakanson.se\/fr\/wp-json\/wp\/v2\/pages\/2937\/revisions\/8369"}],"up":[{"embeddable":true,"href":"https:\/\/matadi.hakanson.se\/fr\/wp-json\/wp\/v2\/pages\/2739"}],"wp:attachment":[{"href":"https:\/\/matadi.hakanson.se\/fr\/wp-json\/wp\/v2\/media?parent=2937"}],"curies":[{"name":"wp","href":"https:\/\/api.w.org\/{rel}","templated":true}]}}