{"id":2746,"date":"2011-10-20T09:09:13","date_gmt":"2011-10-20T09:09:13","guid":{"rendered":"http:\/\/matadi.hakanson.se\/?page_id=2746"},"modified":"2015-04-26T13:42:36","modified_gmt":"2015-04-26T13:42:36","slug":"our-concept","status":"publish","type":"page","link":"https:\/\/matadi.hakanson.se\/fr\/about-us\/our-concept\/","title":{"rendered":"Notre concept"},"content":{"rendered":"<p><strong> Les entrepreneurs au Congo<\/strong><\/p>\n<ol start=\"1\">\n<li>Pour participer \u00e0 la formation de Matadi Support Group (en abr\u00e9g\u00e9MSG), vous devriez avoir un concept commercial.<\/li>\n<\/ol>\n<ol start=\"2\">\n<li>Les qualit\u00e9s personnelles devraient \u00eatre un esprit d\u2019initiative avec l&rsquo;ambition et la volont\u00e9 de changement et de d\u00e9veloppement et ainsi cr\u00e9er des revenus qui r\u00e9sultent \u00e0 un niveau de vie meilleur. Chaque entrepreneur doit \u00eatre pr\u00eat pour un travail dur et pour de grands d\u00e9fis. Le r\u00e9sultat est obligatoire.<\/li>\n<\/ol>\n<div id=\"attachment_6960\" style=\"width: 554px\" class=\"wp-caption alignnone\"><a href=\"http:\/\/matadi.hakanson.se\/wp-content\/uploads\/2011\/10\/CIMG1712.jpg\"><img loading=\"lazy\" decoding=\"async\" aria-describedby=\"caption-attachment-6960\" class=\" wp-image-6960\" title=\"CIMG1712\" src=\"http:\/\/matadi.hakanson.se\/wp-content\/uploads\/2011\/10\/CIMG1712-300x225.jpg\" alt=\"\" width=\"544\" height=\"407\" srcset=\"https:\/\/matadi.hakanson.se\/wp-content\/uploads\/2011\/10\/CIMG1712-300x225.jpg 300w, https:\/\/matadi.hakanson.se\/wp-content\/uploads\/2011\/10\/CIMG1712-1024x768.jpg 1024w, https:\/\/matadi.hakanson.se\/wp-content\/uploads\/2011\/10\/CIMG1712-400x300.jpg 400w\" sizes=\"auto, (max-width: 544px) 100vw, 544px\" \/><\/a><p id=\"caption-attachment-6960\" class=\"wp-caption-text\">The group joined Focus Business School<\/p><\/div>\n<ol start=\"3\">\n<li>Chaque session de formation peut comporter jusqu&rsquo;\u00e0 40 participants.<\/li>\n<\/ol>\n<ol start=\"4\">\n<li>MSG d\u00e9signer une personne de contact ou d&rsquo;un comit\u00e9 dans chaque endroit qui a une bonne connaissance locale et une connaissance personnelle , avec la possibilit\u00e9 de s\u00e9lectionner les personnes avec des id\u00e9es d&rsquo;affaires qui peuvent devenir de bons entrepreneurs . La t\u00e2che du Comit\u00e9 est d&rsquo;assurer le suivi de la formation et de s&rsquo;assurer qu&rsquo;il obtient des r\u00e9sultats.<\/li>\n<\/ol>\n<ol start=\"5\">\n<li>Notre formation est appel\u00e9 \u00ab\u00a0Plan d&rsquo;affaires , une premi\u00e8re esquisse\u00a0\u00bb, \u00ab\u00a0Les termes et conditions de l&rsquo;entreprise\u00a0\u00bb et \u00ab\u00a0Focus Business School\u00a0\u00bb.La formation de base peut impliquer de 5 \u00e0 15 jours de formation et est destin\u00e9 aux participants qui en plus de leur propre esprit d&rsquo;entreprise sont \u00e9galement pr\u00eats \u00e0 d\u00e9marrer leurs propres cours en entrepreneuriat dans leur communaut\u00e9s ou dans les \u00e9glises o\u00f9 ils sont impliqu\u00e9s.<\/li>\n<\/ol>\n<ol start=\"6\">\n<li>La formation que les formateurs puis continuer \u00e0 travailler avec le mettre en place pour une demi-ann\u00e9e et de vous rencontrer maintenant une fois par semaine . Accent Business School se compose de 48 le\u00e7ons et la lecture de deux le\u00e7ons \u00e0 chaque occasion. Pendant ce temps, ils pratiquent leur esprit d&rsquo;entreprise . Il est tr\u00e8s important que les participants m\u00e9langes th\u00e9orie \u00e0 la pratique . La th\u00e9orie doit \u00eatre mise en pratique pour elle d&rsquo;obtenir des r\u00e9sultats.<\/li>\n<\/ol>\n<ol start=\"7\">\n<li>L\u2019objet de\u00a0 MSG est que les\u00a0 Congolais qui sont nos collaborateurs doivent<span style=\"text-decoration: underline;\">cro\u00eetre<\/span>et cr\u00e9er de bonnes entreprises, engager et payer des salaires pour am\u00e9liorer les conditions de vie pour eux-m\u00eames et pour les autres.<\/li>\n<\/ol>\n<ol start=\"8\">\n<li>Des entrepreneurs Congolais prosp\u00e8res sont la meilleure \u00e9nergie, l&rsquo;inspiration et la r\u00e9compense que le MSG peut\u00a0 r\u00e9ussir.<\/li>\n<\/ol>\n<ol start=\"9\">\n<li>Tous les Su\u00e9dois qui travaillent dans le MSG sont des b\u00e9n\u00e9voles. Le travail est donc enti\u00e8rement b\u00e9n\u00e9vole.<\/li>\n<\/ol>\n<ol start=\"10\">\n<li>MSG travaille avec des outils :<strong>l&rsquo;\u00e9ducation, des pr\u00eats aux entreprises, contacts et le suivi.<\/strong><\/li>\n<\/ol>\n<ol start=\"11\">\n<li>Actuellement pay\u00e9 aucun nouveau pr\u00eat \u00e0. Nous travaillons \u00e0 trouver des solutions pour fournir de nouveaux pr\u00eats.<\/li>\n<\/ol>\n<ol start=\"12\">\n<li>MSG travaille sur les principes :<strong>la sinc\u00e9rit\u00e9<\/strong><strong>, la<\/strong><strong> transparence, la contr\u00f4ler <\/strong><strong>le r\u00e9sultat.<\/strong><\/li>\n<\/ol>\n<ol start=\"13\">\n<li>C&rsquo;est seulement vous avec votre travail, votre engagement, votre t\u00e9nacit\u00e9, votre\u00a0 pers\u00e9v\u00e9rance et votre responsabilit\u00e9 en collaboration avec des outils et des principes de MSG que vous devenez un entrepreneur prosp\u00e8re.<\/li>\n<\/ol>\n<ol start=\"14\">\n<li>C&rsquo;est seulement vous qui \u00eates Congolais qui peuvent vous d\u00e9velopper vous-m\u00eames aussi bien que\u00a0 votre pays.<\/li>\n<\/ol>\n<p><\/p>","protected":false},"excerpt":{"rendered":"<p>Les entrepreneurs au Congo Pour participer \u00e0 la formation de Matadi Support Group (en abr\u00e9g\u00e9MSG), vous devriez avoir un concept commercial. Les qualit\u00e9s personnelles devraient \u00eatre un esprit d\u2019initiative avec l&rsquo;ambition et la volont\u00e9 de changement et de d\u00e9veloppement et &hellip; <a href=\"https:\/\/matadi.hakanson.se\/fr\/about-us\/our-concept\/\">Continuer la lecture <span class=\"meta-nav\">&rarr;<\/span><\/a><\/p>\n","protected":false},"author":4,"featured_media":0,"parent":2739,"menu_order":2,"comment_status":"closed","ping_status":"open","template":"sidebar-page.php","meta":{"ngg_post_thumbnail":0,"footnotes":""},"class_list":["post-2746","page","type-page","status-publish","hentry"],"_links":{"self":[{"href":"https:\/\/matadi.hakanson.se\/fr\/wp-json\/wp\/v2\/pages\/2746","targetHints":{"allow":["GET"]}}],"collection":[{"href":"https:\/\/matadi.hakanson.se\/fr\/wp-json\/wp\/v2\/pages"}],"about":[{"href":"https:\/\/matadi.hakanson.se\/fr\/wp-json\/wp\/v2\/types\/page"}],"author":[{"embeddable":true,"href":"https:\/\/matadi.hakanson.se\/fr\/wp-json\/wp\/v2\/users\/4"}],"replies":[{"embeddable":true,"href":"https:\/\/matadi.hakanson.se\/fr\/wp-json\/wp\/v2\/comments?post=2746"}],"version-history":[{"count":56,"href":"https:\/\/matadi.hakanson.se\/fr\/wp-json\/wp\/v2\/pages\/2746\/revisions"}],"predecessor-version":[{"id":2748,"href":"https:\/\/matadi.hakanson.se\/fr\/wp-json\/wp\/v2\/pages\/2746\/revisions\/2748"}],"up":[{"embeddable":true,"href":"https:\/\/matadi.hakanson.se\/fr\/wp-json\/wp\/v2\/pages\/2739"}],"wp:attachment":[{"href":"https:\/\/matadi.hakanson.se\/fr\/wp-json\/wp\/v2\/media?parent=2746"}],"curies":[{"name":"wp","href":"https:\/\/api.w.org\/{rel}","templated":true}]}}