{"id":2133,"date":"2011-07-27T18:14:07","date_gmt":"2011-07-27T18:14:07","guid":{"rendered":"http:\/\/test.matadi.hakanson.se\/?page_id=2133"},"modified":"2020-11-09T21:06:17","modified_gmt":"2020-11-09T21:06:17","slug":"donate","status":"publish","type":"page","link":"https:\/\/matadi.hakanson.se\/fr\/donate\/","title":{"rendered":"Faire un don"},"content":{"rendered":"<p><!--?php\n\/*\n* Kontrollera om formul\u00e4ret \u00e4r korrekt ifyllt\n*\/\nrequire_once '\/home\/matadi\/wordpress_jul\/wp-content\/lib\/formvalidator\/formvalidator.php';\n$validator = new FormValidator();\nif ( isset($_POST['skicka']) ) {\n$validator--->addValidation(\u00ab\u00a0fornamn\u00a0\u00bb,\u00a0\u00bbreq\u00a0\u00bb,\u00a0\u00bb (Texte manquant)\u00a0\u00bb);<br \/>\n$validator-&gt;addValidation(\u00ab\u00a0efternamn\u00a0\u00bb,\u00a0\u00bbreq\u00a0\u00bb,\u00a0\u00bb (Texte manquant)\u00a0\u00bb);<br \/>\n$validator-&gt;addValidation(\u00ab\u00a0epost\u00a0\u00bb,\u00a0\u00bbreq\u00a0\u00bb,\u00a0\u00bb (Texte manquant)\u00a0\u00bb);<br \/>\n$validator-&gt;addValidation(\u00ab\u00a0epost\u00a0\u00bb,\u00a0\u00bbemail\u00a0\u00bb,\u00a0\u00bb (Aucune adresse email valide)\u00a0\u00bb);<br \/>\n$validator-&gt;addValidation(\u00ab\u00a0summa\u00a0\u00bb,\u00a0\u00bbreq\u00a0\u00bb,\u00a0\u00bb (Somme manquante)\u00a0\u00bb);<br \/>\n$validator-&gt;addValidation(\u00ab\u00a0summa\u00a0\u00bb,\u00a0\u00bbnum\u00a0\u00bb,\u00a0\u00bb (S\\&rsquo;il vous pla\u00eet utiliser uniquement les chiffres de la somme)\u00a0\u00bb);<br \/>\n}<\/p>\n<p>if( ( ! isset($_POST[&lsquo;skicka&rsquo;]) ) or ( ! $validator-&gt;ValidateForm() ) ) {<br \/>\n?&gt;<\/p>\n<h1>Faire un don<\/h1>\n<p><!--?php\nif( ! $validator--->ValidateForm() ) {<br \/>\necho &lsquo;<\/p>\n<p><font style=\"color: #ff0000; font-weight: bold\">S\\&rsquo;il vous pla\u00eet corriger les champs marqu\u00e9s en rouge ci-dessous.<\/font><\/p>\n<p>&lsquo;;<br \/>\n$error_hash = $validator-&gt;GetErrors();<br \/>\n}<br \/>\n?&gt;<\/p>\n<p>Avec <strong>deux \u00e9tapes simples<\/strong>, vous pouvez transf\u00e9rer de l&rsquo;argent pour nous et aider nos entrepreneurs au Congo \u00e0 d\u00e9velopper activement. Lorsque le d\u00e9p\u00f4t est effectu\u00e9, la r\u00e9ception vient par e-mail.<\/p>\n<p>Nous utilisons des transmissions s\u00e9curis\u00e9es avec l&rsquo;un des plus grands fournisseurs de paiement en Su\u00e8de, <a href=\"http:\/\/www.payson.se\/\">Payson<\/a>. Comme les pr\u00eateurs, nous prendrons contact avec vous par Matadi Support Group pour l&rsquo;\u00e9tablissement de documents de pr\u00eat. S&rsquo;il vous pla\u00eet remplir le formulaire ci-dessous pour continuer \u00e0 une forme de paiement s\u00e9curis\u00e9.<\/p>\n<table cellpadding=\"0\" cellspacing=\"0\" border=\"0\">\n<tbody>\n<tr>\n<td style=\"vertical-align: top\">\n<form method=\"POST\" name=\"bidra\">\nPr\u00e9nom<!--?php if( isset($error_hash['fornamn']) ) { echo '<font color=\"#ff0000\"-->&lsquo;.$error_hash[&lsquo;fornamn&rsquo;].<br \/>\n\u00a0\u00bb; } ?&gt;:<br \/>\n<input tabindex=\"1\" type=\"text\" name=\"fornamn\" value=\"<?php echo($_POST['fornamn']) ?>\u00ab\u00a0><br \/>\nNom de famille<!--?php if( isset($error_hash['efternamn']) ) { echo '<font color=\"#ff0000\"-->&lsquo;.$error_hash[&lsquo;efternamn&rsquo;].<br \/>\n\u00a0\u00bb; } ?&gt;:<br \/>\n<input tabindex=\"2\" type=\"text\" name=\"efternamn\" value=\"<?php echo($_POST['efternamn']) ?>\u00ab\u00a0><br \/>\nEmail<!--?php if( isset($error_hash['epost']) ) { echo '<font color=\"#ff0000\"-->&lsquo;.$error_hash[&lsquo;epost&rsquo;].<br \/>\n\u00a0\u00bb; } ?&gt;:<br \/>\n<input tabindex=\"3\" type=\"text\" name=\"epost\" value=\"<?php echo($_POST['epost']) ?>\u00ab\u00a0><br \/>\nSomme<!--?php if( isset($error_hash['summa']) ) { echo '<font color=\"#ff0000\"-->&lsquo;.$error_hash[&lsquo;summa&rsquo;].<br \/>\n\u00a0\u00bb; } ?&gt;:<br \/>\n<input tabindex=\"4\" type=\"text\" name=\"summa\" value=\"<?php echo($_POST['summa']) ?>\u00ab\u00a0><select name=\"valuta\"><option value=\"EUR\" default=\"\">EUR<\/option><option value=\"SEK\">SEK<\/option><\/select><br \/>\n<\/form>\n<\/td>\n<td style=\"vertical-align: top\">\n<a target=\"_blank\" href=\"https:\/\/www.payson.se\" title=\"Payson internetbetalningar\" rel=\"noopener noreferrer\"><img decoding=\"async\" src=\"http:\/\/www.payson.se\/sites\/all\/files\/images\/external\/payson-180x78.jpg\"><\/a><\/td>\n<\/tr>\n<tr>\n<td style=\"horizontal-align: right\">\n<input tabindex=\"5\" type=\"submit\" name=\"skicka\" value=\"Continuer\"><\/td>\n<\/tr>\n<\/tbody>\n<\/table>\n<p><!--?php\n} else {\nerror_reporting(E_ALL);\nini_set(\"display_errors\", 0);\n\n\/*\n* Inst\u00e4llningar\n*\/\nrequire_once '\/home\/matadi\/wordpress_jul\/wp-content\/lib\/payson\/paysonapi.php';\n\/\/ Kontoinst\u00e4llningar hos Payson\n$credentials = new PaysonCredentials(\"10212\", \"a1bd6513-fafc-4005-b649-8f0c541418a2\");\n$api = new PaysonApi($credentials);\n\/\/ URL:er dit bes\u00f6karen skickas ifall betalning g\u00e5tt igenom eller inte\n$returnUrl = \"http:\/\/matadi.hakanson.se\/fr\/donate_ok\";\n$cancelUrl = \"http:\/\/matadi.hakanson.se\/fr\/donate_error\";\n\/\/ IPN, dit Payson skickar info om n\u00e4r betalningar g\u00e5tt igenom\n$ipnUrl = \"http:\/\/localhost\/ipn.php\";\n\n\/\/ Mottagare\n$receiver = new Receiver(\"msg@matadi.hakanson.se\", $_POST['summa']);\n$receivers = array($receiver);\n\n\/\/ Givare\n$sender = new Sender($_POST['epost'], $_POST['fornamn'], $_POST['efternamn']);\n\n$payData = new PayData($returnUrl, $cancelUrl, $ipnUrl, \"Faire un don\", $sender, $receivers);\n\n\/\/ Valuta (SEK \/ EUR)\nif ($_POST['valuta'] == 'SEK') {\n$payData--->setCurrencyCode(currencyCode::SEK);<br \/>\n} else {<br \/>\n$payData-&gt;setCurrencyCode(currencyCode::EUR);<br \/>\n}<\/p>\n<p>\/\/ Spr\u00e5k (SV \/ EN \/ FI)<br \/>\n$payData-&gt;setLocaleCode(localeCode::EN);<\/p>\n<p>\/\/ Inte anv\u00e4nda Payson-garanti<br \/>\n$payData-&gt;setGuaranteeOffered(guaranteeOffered::NO);<\/p>\n<p>\/*<br \/>\n* Start betalning<br \/>\n*\/<br \/>\n$payResponse = $api-&gt;pay($payData);<\/p>\n<p>\/*<br \/>\n* Skicka bes\u00f6kare till Payson om allt \u00e4r ok<br \/>\n*\/<br \/>\nif ($payResponse-&gt;getResponseEnvelope()-&gt;wasSuccessful() &amp;&amp; $validator-&gt;ValidateForm())<br \/>\n{<br \/>\nheader(\u00ab\u00a0Location: \u00a0\u00bb . $api-&gt;getForwardPayUrl($payResponse));<br \/>\n}<\/p>\n<p>}<br \/>\n?&gt;<\/p>","protected":false},"excerpt":{"rendered":"<p>addValidation(\u00ab\u00a0fornamn\u00a0\u00bb,\u00a0\u00bbreq\u00a0\u00bb,\u00a0\u00bb (Texte manquant)\u00a0\u00bb); $validator-&gt;addValidation(\u00ab\u00a0efternamn\u00a0\u00bb,\u00a0\u00bbreq\u00a0\u00bb,\u00a0\u00bb (Texte manquant)\u00a0\u00bb); $validator-&gt;addValidation(\u00ab\u00a0epost\u00a0\u00bb,\u00a0\u00bbreq\u00a0\u00bb,\u00a0\u00bb (Texte manquant)\u00a0\u00bb); $validator-&gt;addValidation(\u00ab\u00a0epost\u00a0\u00bb,\u00a0\u00bbemail\u00a0\u00bb,\u00a0\u00bb (Aucune adresse email valide)\u00a0\u00bb); $validator-&gt;addValidation(\u00ab\u00a0summa\u00a0\u00bb,\u00a0\u00bbreq\u00a0\u00bb,\u00a0\u00bb (Somme manquante)\u00a0\u00bb); $validator-&gt;addValidation(\u00ab\u00a0summa\u00a0\u00bb,\u00a0\u00bbnum\u00a0\u00bb,\u00a0\u00bb (S\\&rsquo;il vous pla\u00eet utiliser uniquement les chiffres de la somme)\u00a0\u00bb); } if( ( ! isset($_POST[&lsquo;skicka&rsquo;]) ) or ( ! $validator-&gt;ValidateForm() ) ) &hellip; <a href=\"https:\/\/matadi.hakanson.se\/fr\/donate\/\">Continuer la lecture <span class=\"meta-nav\">&rarr;<\/span><\/a><\/p>\n","protected":false},"author":4,"featured_media":0,"parent":0,"menu_order":0,"comment_status":"closed","ping_status":"closed","template":"sidebar-page.php","meta":{"ngg_post_thumbnail":0,"footnotes":""},"class_list":["post-2133","page","type-page","status-publish","hentry"],"_links":{"self":[{"href":"https:\/\/matadi.hakanson.se\/fr\/wp-json\/wp\/v2\/pages\/2133","targetHints":{"allow":["GET"]}}],"collection":[{"href":"https:\/\/matadi.hakanson.se\/fr\/wp-json\/wp\/v2\/pages"}],"about":[{"href":"https:\/\/matadi.hakanson.se\/fr\/wp-json\/wp\/v2\/types\/page"}],"author":[{"embeddable":true,"href":"https:\/\/matadi.hakanson.se\/fr\/wp-json\/wp\/v2\/users\/4"}],"replies":[{"embeddable":true,"href":"https:\/\/matadi.hakanson.se\/fr\/wp-json\/wp\/v2\/comments?post=2133"}],"version-history":[{"count":151,"href":"https:\/\/matadi.hakanson.se\/fr\/wp-json\/wp\/v2\/pages\/2133\/revisions"}],"predecessor-version":[{"id":8580,"href":"https:\/\/matadi.hakanson.se\/fr\/wp-json\/wp\/v2\/pages\/2133\/revisions\/8580"}],"wp:attachment":[{"href":"https:\/\/matadi.hakanson.se\/fr\/wp-json\/wp\/v2\/media?parent=2133"}],"curies":[{"name":"wp","href":"https:\/\/api.w.org\/{rel}","templated":true}]}}