{"id":21,"date":"2010-05-04T11:54:40","date_gmt":"2010-05-04T11:54:40","guid":{"rendered":"http:\/\/w.matadi.hakanson.se\/"},"modified":"2011-08-26T17:49:51","modified_gmt":"2011-08-26T17:49:51","slug":"mail-045-2010","status":"publish","type":"page","link":"https:\/\/matadi.hakanson.se\/fr\/about-us\/history\/gcsl\/samuel-nkailu\/mail-045-2010\/","title":{"rendered":"Message 04\/05\/2010"},"content":{"rendered":"<p><\/p>\n<h1 style=\"text-align: left;\">Message 04\/05\/2010<\/h1>\n<p style=\"text-align: right;\">Matadi, le 04\/05\/2010<\/p>\n<p>Salut \u00e0 tous chers MSG:<\/p>\n<p>Comment \u00eates-vous avec la neige et le froid? Nous arrivons maintenant \u00e0 la fin de la saison des pluies et la chaleur commence \u00e0 diminuer au cours de la nuit.<\/p>\n<p>Je te connais par le canal de Yapeco, nous avons re\u00e7u des nouvelles du pays dans divers domaines. Quand a notre travail au Centre de la jeunesse, il a confirm\u00e9 que le toit est sur place.<\/p>\n<p>Le tr\u00e9sorier MUDITO susceptibles d&rsquo;avoir la gratitude pour MSG a reconnu avoir re\u00e7u le dernier envoi de fonds.<\/p>\n<p>Toutefois, je voudrais vous faire savoir que la Commission des finances a si\u00e9g\u00e9e avec le pr\u00e9sident honoraire Muller LUTHELO et le coordonnateur Samuel afin de planifier le reste de l&rsquo;\u0153uvre sur les fonds qui venaient de nous \u00eatre transf\u00e9r\u00e9.<\/p>\n<p>Une l\u00e9g\u00e8re modification a \u00e9t\u00e9 faite sur l&rsquo;ordre de priorit\u00e9 en vertu de la derni\u00e8re estimation du co\u00fbt que vous avez re\u00e7u. Au lieu de commencer avec le cr\u00e9pissage des murs, permettez nous de fabriquer des portes et fen\u00eatres pour la s\u00e9curit\u00e9 de ce que nous faisons \u00e0 l\u2019int\u00e9rieur et nous ferons le pavement imm\u00e9diatement, car \u00e0 ce moment le sable de la rivi\u00e8re tr\u00e8s cher, quand la rivi\u00e8re d\u00e9borde d\u2019eau.<\/p>\n<p>Cependant, nous avons r\u00e9cemment r\u00e9ussi \u00e0 obtenir la connexion \u00e9lectrique \u00e0 la maison par la compagnie nationale d&rsquo;\u00e9lectricit\u00e9, il ne reste qu&rsquo;\u00e0 installer a l&rsquo;int\u00e9rieur, m\u00eame si l&rsquo;\u00e9nergie \u00e9lectrique est souvent de mauvaise qualit\u00e9 et dangereux.<\/p>\n<p>Pour\u00a0 la coordination de GCSL, J&rsquo;ai \u00e9galement parl\u00e9 au\u00a0 bourgmestre responsable de la commune de Kiamvu, r\u00e9cemment nomm\u00e9, pour l&rsquo;informer de ce que c\u2019est GCSL et son action ces objectifs principaux et sp\u00e9cifiques. En m\u00eame temps je l&rsquo;ai inform\u00e9 que le MSG en Su\u00e8de nous soutient et nous suit pour l\u2019accomplissement de nos objectifs. Il a m\u00eame pris note de tous les textes juridiques qui r\u00e9gissent l&rsquo;association \u00e0 savoir: l&rsquo;accord entre la CCE et GCSL, l&rsquo;accord entre GCSL et MSG, la Su\u00e8de, et le certificat provisoire d&rsquo;activit\u00e9s de la jeunesse de la division provinciale du Bas-Congo.<\/p>\n<p>Il a montr\u00e9 un grand int\u00e9r\u00eat \u00e0 ce qu&rsquo;il a vu et entendu et, finalement, souhaitent venir \u00e0 notre rencontre avec tous les membres, je voudrais l\u2019inviter prochainement. Je suis tr\u00e8s heureux \u00e0 ce sujet.<\/p>\n<p>C\u2019est aussi l&rsquo;occasion pour moi personnellement de remercier MSG par votre canal, pour le soutien si essentiel et important que vous vous \u00eates engag\u00e9s de r\u00e9aliser au b\u00e9n\u00e9fice du peuple congolais et de sa jeunesse, c&rsquo;est ce que vous devriez voir et rapporter, pas la modeste personne NKAILU Samuel-wa-BASILWA qui devra se rabaisser pour l\u2019avenir de GCSL.<\/p>\n<p>Salutations fraternelles \u00e0 vous tous<\/p>\n<hr \/>\n<h2>Le Groupe Chr\u00e9tien de Soutien Libre<\/h2>\n<p>Le Groupe Chr\u00e9tien de Soutien Libre \u00e9t\u00e9 n\u00e9 le 20 Janvier 2001, une ONG pour le d\u00e9veloppement de Matadi, Mme Julienne Matila Nkiamambu est la\u00a0 pr\u00e9sidente. Traditionnellement, une c\u00e9r\u00e9monie a \u00e9t\u00e9 c\u00e9l\u00e9br\u00e9e le Dimanche 20 Janvier 2008.<\/p>\n<p>Le restaurant Air Brousse, place provisoire pour ce club, qui est apolitique, humanitaire et sans but lucratif, a fonctionn\u00e9 comme la simple manifestation de cette ann\u00e9e.<\/p>\n<p>L&rsquo;\u00e9v\u00e9nement comprenait quatre \u00e9l\u00e9ments importants:<\/p>\n<ol>\n<li>La pr\u00e9dication \u00e9tait bas\u00e9e sur 2 Chron 7:13-14 par George Mudito, le tr\u00e9sorier.<\/li>\n<li>Le Discours officiel a \u00e9t\u00e9 lu par Samuel Nkailu wa-Basilwa,\u00a0 coordonnateur.<\/li>\n<li>Les mots d\u2019encouragements par la pr\u00e9sidente, Mme Julienne Nkiamambu Matila.<\/li>\n<li>F\u00eate galante.<\/li>\n<\/ol>\n<p>Demeurer constamment dans la pri\u00e8re et entendre la voix de Dieu est la seule possibilit\u00e9 pour chaque membre du Groupe Chr\u00e9tien de Soutien Libre pour surmonter tous les obstacles sur le chemin, a soulign\u00e9 le pr\u00e9dicateur.<\/p>\n<p>Apr\u00e8s avoir donn\u00e9 un bref historique du groupe a \u00e9t\u00e9 cr\u00e9\u00e9 le 20 Janvier 2001, le Coordonnateur v\u00e9rificateur avait parl\u00e9 des activit\u00e9s de l\u2019ann\u00e9e 2007. Il a montr\u00e9 clairement ce que le groupe a r\u00e9ussi dans son action, comme ce qui aurait \u00e9chou\u00e9 et ce qui devrait \u00eatre fait pour que le club aille de l&rsquo;avant.<\/p>\n<p>Pour le projet de construction du \u00ab Centre de Jeunes, Haute Ville \u00bb, qui se poursuit, l&rsquo;ann\u00e9e 2008 doit \u00eatre une ann\u00e9e cruciale pour l&rsquo;ach\u00e8vement de la grande salle. Cela exige un grand effort et sacrifice de chaque membre et la prise de diff\u00e9rentes mesures n\u00e9cessaires pour le projet.<\/p>\n<p>La pr\u00e9sidente a encourag\u00e9 les membres \u00e0 ne pas abandonner l&rsquo;engagement qu&rsquo;ils ont d\u00e9j\u00e0 prises au profit des critiques souvent n\u00e9gatives. Afin de toujours aller de l&rsquo;avant, nous avons les yeux fix\u00e9s sur le Christ qui est avec nous dans le service.<\/p>\n<p>Tout s&rsquo;est termin\u00e9 dans la communion et la photographie.<\/p>\n<p>Matadi, le 21 Janvier 2008<\/p>\n<p>Coordonnateur<\/p>\n<p>Samuel Nkailu-wa-Basilwa<\/p>","protected":false},"excerpt":{"rendered":"<p>Message 04\/05\/2010 Matadi, le 04\/05\/2010 Salut \u00e0 tous chers MSG: Comment \u00eates-vous avec la neige et le froid? Nous arrivons maintenant \u00e0 la fin de la saison des pluies et la chaleur commence \u00e0 diminuer au cours de la nuit. &hellip; <a href=\"https:\/\/matadi.hakanson.se\/fr\/about-us\/history\/gcsl\/samuel-nkailu\/mail-045-2010\/\">Continuer la lecture <span class=\"meta-nav\">&rarr;<\/span><\/a><\/p>\n","protected":false},"author":4,"featured_media":0,"parent":2,"menu_order":22,"comment_status":"closed","ping_status":"closed","template":"sidebar-page.php","meta":{"ngg_post_thumbnail":0,"footnotes":""},"class_list":["post-21","page","type-page","status-publish","hentry"],"_links":{"self":[{"href":"https:\/\/matadi.hakanson.se\/fr\/wp-json\/wp\/v2\/pages\/21","targetHints":{"allow":["GET"]}}],"collection":[{"href":"https:\/\/matadi.hakanson.se\/fr\/wp-json\/wp\/v2\/pages"}],"about":[{"href":"https:\/\/matadi.hakanson.se\/fr\/wp-json\/wp\/v2\/types\/page"}],"author":[{"embeddable":true,"href":"https:\/\/matadi.hakanson.se\/fr\/wp-json\/wp\/v2\/users\/4"}],"replies":[{"embeddable":true,"href":"https:\/\/matadi.hakanson.se\/fr\/wp-json\/wp\/v2\/comments?post=21"}],"version-history":[{"count":7,"href":"https:\/\/matadi.hakanson.se\/fr\/wp-json\/wp\/v2\/pages\/21\/revisions"}],"predecessor-version":[{"id":2195,"href":"https:\/\/matadi.hakanson.se\/fr\/wp-json\/wp\/v2\/pages\/21\/revisions\/2195"}],"up":[{"embeddable":true,"href":"https:\/\/matadi.hakanson.se\/fr\/wp-json\/wp\/v2\/pages\/2"}],"wp:attachment":[{"href":"https:\/\/matadi.hakanson.se\/fr\/wp-json\/wp\/v2\/media?parent=21"}],"curies":[{"name":"wp","href":"https:\/\/api.w.org\/{rel}","templated":true}]}}