{"id":2,"date":"2010-12-27T12:50:23","date_gmt":"2010-12-27T12:50:23","guid":{"rendered":"http:\/\/w.matadi.hakanson.se\/?page_id=2"},"modified":"2011-08-26T17:49:17","modified_gmt":"2011-08-26T17:49:17","slug":"samuel-nkailu","status":"publish","type":"page","link":"https:\/\/matadi.hakanson.se\/fr\/about-us\/history\/gcsl\/samuel-nkailu\/","title":{"rendered":"Samuel Nkailu"},"content":{"rendered":"<p><\/p>\n<h1>Samuel Nkailu<\/h1>\n<h3>Le discours de 24\/08\/2007 \u00e0 SVF &#8211; R\u00e9sum\u00e9<\/h3>\n<h6>Traduit par Olofson Gunnel<\/h6>\n<h3>\n<p><div id=\"attachment_12\" style=\"width: 230px\" class=\"wp-caption alignleft\"><a href=\"http:\/\/matadi.hakanson.se\/wp-content\/uploads\/2010\/12\/Nkailu1.jpg\"><img loading=\"lazy\" decoding=\"async\" aria-describedby=\"caption-attachment-12\" class=\"size-full wp-image-12 \" title=\"Samuel Nkailu\" src=\"http:\/\/matadi.hakanson.se\/wp-content\/uploads\/2010\/12\/Nkailu1.jpg\" alt=\"Samuel Nkailu\" width=\"220\" height=\"165\" \/><\/a><p id=\"caption-attachment-12\" class=\"wp-caption-text\">Samuel dans le canon de p\u00eache  de langouste sur le lac V\u00e4ttern<\/p><\/div><\/h3>\n<p>Quand  je suis arriv\u00e9 en Su\u00e8de en 1961, j&rsquo;avais une famille avec deux   enfants.\u00a0Maintenant, ma famille est compos\u00e9e de six filles, un fils et  quatorze  petits-enfants.\u00a0La RD Congo n&rsquo;est pas un pays particuli\u00e8rement  agr\u00e9able.\u00a0La guerre avec ses  voisins de l&rsquo;Est a fait que les gens  soient les plus pauvres et a caus\u00e9 de  graves probl\u00e8mes \u00e9conomiques.<\/p>\n<p>Je suis responsable de toutes les activit\u00e9s de  jeunesse dans le  Bas-Congo.\u00a0Le travail est appr\u00e9ci\u00e9 par le peuple, d&rsquo;abord et avant  tout  par l&rsquo;\u00c9glise, mais aussi de tout le pays.\u00a0Nous  sommes responsables de  l&rsquo;Association des Scouts et autres mouvements de  jeunesse.<\/p>\n<p>Je suis employ\u00e9 par  l&rsquo;Etat.\u00a0Pour  \u00eatre un  serviteur de l&rsquo;\u00c9tat ce n&rsquo;est pas une vie.\u00a0Le gouvernement ne paie  pas  les salaires r\u00e9els et ne\u00a0 donne qu\u2019un  prix symbolique de 20 dollars par  mois.\u00a0La moiti\u00e9 de cet argent va au loyer.\u00a0Alors bien s\u00fbr, nous devons  \u00e9galement  acheter de la nourriture, l&rsquo;eau et du p\u00e9trole pour les  lampes.\u00a0Nous n&rsquo;avons pas d&rsquo;\u00e9lectricit\u00e9, nos  travaux des champs  produisent de la nourriture pour survivre.\u00a0Nous cultivons des arachides,  du ma\u00efs, du manioc  et des bananes.\u00a0Je  peux imaginer que vous sentez  qu&rsquo;il est pauvre et parait ennuyeux. Mais nous  sommes heureux et  essayons de faire comme si nous avons tout ce que vous avez  en  Su\u00e8de.\u00a0Nous  pouvons nous d\u00e9brouiller.<\/p>\n<p>En 2003, j&rsquo;avais rencontr\u00e9 Inga-maj, la s\u0153ur d\u2019Yngve  \u00e0  Mukimbungu.\u00a0C&rsquo;\u00e9tait la premi\u00e8re fois que nous nous sommes   rencontr\u00e9s.\u00a0Je les ai surpris en les accueillant en su\u00e9dois.\u00a0\u00ab\u00a0Comment   pouvez-vous parler su\u00e9dois?\u00a0\u00bb\u00a0Ils ont demand\u00e9 imm\u00e9diatement.\u00a0J&rsquo;ai   commenc\u00e9 \u00e0 raconter ma vie avec les autres \u00e9l\u00e8ves de la SVF en Su\u00e8de.\u00a0De  retour  en Su\u00e8de, elle a montr\u00e9 ma photo \u00e0 la famille.\u00a0Yngve a   d\u00e9clar\u00e9: \u00abC&rsquo;est bien s\u00fbr Samuel Nkailu. Nous sommes all\u00e9s \u00e0 la m\u00eame  classe \u00e0  J\u00f6nk\u00f6ping. Je dois lui \u00e9crire. Et il a fait: \u00abSi vous \u00eates  Nkailu pouvez-vous  nous dire ce que vous avez fait avec la jeep\u00a0? S&rsquo;il  vous pla\u00eet dites si\u00a0vous  vivez vraiment. Que fais-tu?\u00a0\u00bb. Quand j&rsquo;avais  re\u00e7u la lettre, j&rsquo;ai \u00e9t\u00e9  tr\u00e8s heureux cette nuit-l\u00e0.\u00a0Je sentais qu&rsquo;une  nouvelle vie commence.\u00a0J&rsquo;ai  \u00e9crit la veille de mon 68eme anniversaire,  une lettre de six pages  pleines en fran\u00e7ais.\u00a0La langue Su\u00e9doise avait  \u00e9t\u00e9 oubli\u00e9e.<\/p>\n<p>Avec l&rsquo;aide de la jeep, j&rsquo;ai d\u00e9marr\u00e9 dans le  domaine de la  jeunesse quand je suis revenue au Congo 1963.\u00a0Apr\u00e8s  douze ans l&rsquo;\u00c9tat  avait interdit les activit\u00e9s de la jeunesse dans l&rsquo;\u00e9glise.\u00a0Nous  \u00e9tions  responsables de jeunesse dans l&rsquo;\u00e9glise puis transf\u00e9r\u00e9s pour devenir des   leaders des jeunes dans l&rsquo;\u00e9tat.\u00a0Je suis devenu jeunes leaders du parti  \u00e9tat, tous les  jeunes de l\u2019\u00e9glise et moi-m\u00eame \u00e9tions adh\u00e9rer  obligatoirement.\u00a0Je  pouvais les aider parce que je savais leur  situation.\u00a0Cela a  continu\u00e9 jusqu&rsquo;en 1993, lorsque le d\u00e9but du processus  d\u00e9mocratique a \u00e9t\u00e9  annonc\u00e9.\u00a0Pendant les douze ans, j&rsquo;ai travaill\u00e9 dans  l&rsquo;\u00e9glise,  j&rsquo;ai particip\u00e9 non seulement \u00e0 mettre en place des groupes,  mais aussi avec le  centre de d\u00e9veloppement des exploitations agricoles  et d&rsquo;\u00e9levage. Nous avions  esp\u00e9r\u00e9 que cela pourrait devenir une source  de revenus.\u00a0Quand  j&rsquo;\u00e9tais au travail politique, personne ne pouvait  prendre soin des vaches et  des cultures et le projet avait \u00e9chou\u00e9. Rien  de tout cela n\u2019existe encore  aujourd&rsquo;hui.<\/p>\n<p>Je suis maintenant responsable de la jeunesse du   Bas-Congo.\u00a0Dans tous les groupes de jeunes, nous avons des projets   diff\u00e9rents.\u00a0Pourquoi avons-nous du projet?\u00a0Les  jeunes ont beaucoup de  probl\u00e8mes: la pauvret\u00e9, le manque de l\u2019\u00e9ducation, le  ch\u00f4mage et les  probl\u00e8mes de sant\u00e9.\u00a0Nous, dans l&rsquo;\u00e9glise et les parents des enfants ont  tous  une responsabilit\u00e9 commune pour ces jeunes.\u00a0Bien s\u00fbr,  aussi la  responsabilit\u00e9 de l\u2019\u00c9tat.\u00a0Tout le monde doit s&rsquo;entraider. Depuis que je  suis  responsable du travail de la jeunesse, il est du devoir pour moi  de faire  quelque chose pour les jeunes.\u00a0Il n&rsquo;est pas facile.\u00a0Cependant,   je ne suis pas seul dans ce travail.\u00a0J&rsquo;ai des coll\u00e8gues \u00e0 l\u2019int\u00e9rieur  du pays.\u00a0J&rsquo;ai  r\u00e9uni les autorit\u00e9s de surveillance sur une base  r\u00e9guli\u00e8re et essayer de leur  faire comprendre ce que nous pouvons et  devons faire pour les jeunes.<\/p>\n<p>Notre pays est cinq fois plus grand que la Su\u00e8de.\u00a0La   population se compose de 60 millions de personnes.\u00a0Ceci est  une  estimation.\u00a0Beaucoup vivent dans des villages \u00e0 la p\u00e9riph\u00e9rie du  pays  o\u00f9 il y a difficult\u00e9 d\u2019acc\u00e8s.<\/p>\n<p>Je suis responsable au Bas-Congo avec trois  millions  d&rsquo;habitants.\u00a0Matadi est le chef lieu de la province du bas Congo,\u00a059% de   ces r\u00e9sidents sont des enfants et des adolescents.\u00a0Nous  sommes  responsables de 1,35 million de personnes jeunes ayant des  probl\u00e8mes.\u00a0Vous  pouvez imaginer l&rsquo;ampleur de la responsabilit\u00e9.\u00a0Il n&rsquo;y a  pas  beaucoup d&rsquo;entre eux qui vont \u00e0 l&rsquo;\u00e9cole.\u00a0Selon les  statistiques  de 2001, 23% des jeunes ne savent ni lire ni \u00e9crire.\u00a0Parmi  ceux-ci, 23%  des filles.\u00a0Ils n&rsquo;ont pas d&rsquo;avenir.\u00a0C\u2019est  tr\u00e8s difficile pour eux de  trouver un emploi parce qu&rsquo;il n&rsquo;y a pas assez d\u2019emploi.\u00a0Il n&rsquo;y a  pas  d&rsquo;aide sociale.\u00a0Ceux qui sont \u00e0 l&rsquo;\u00e2ge de la retraite ne peuvent pas   obtenir une pension.\u00a0L&rsquo;\u00c9tat n&rsquo;a pas d&rsquo;argent pour payer.\u00a0Je devrais   \u00eatre retrait\u00e9 il ya cinq ans.\u00a0Je dois continuer \u00e0 travailler. Ma place  devrait \u00eatre  repris par un jeune homme, mais je dois rester \u00e0 cause du  ch\u00f4mage.<\/p>\n<p>Soins de sant\u00e9.\u00a0Peut-\u00eatre  que c&rsquo;est l&rsquo;\u00e9quivalent d&rsquo;une  r\u00e9ception d\u2019Alvadon au malade.\u00a0Beaucoup  meurent.\u00a0Il ya des Centres de  sant\u00e9 dans les villes et les  collectivit\u00e9s.\u00a0Mais vous avez \u00e0 payer pour  obtenir un traitement.\u00a0Si vous  \u00eates pauvre, vous ne pouvez pas \u00eatre  consult\u00e9 par un m\u00e9decin.\u00a0Il y a des  nombreux d\u00e9c\u00e8s par manque  d&rsquo;argent.\u00a0Le plus difficile est le SIDA.\u00a0Ces  questions mettent fin \u00e0  l&rsquo;adolescence.\u00a0Beaucoup tentent d&rsquo;\u00e9chapper \u00e0 l&rsquo;Est du Congo, et   apportent avec eux des maladies qui se propagent dans notre  r\u00e9gion.\u00a0Matadi  est le num\u00e9ro deux pour le cas du sida.\u00a0C\u2019est  plus  difficile au Katanga.\u00a0Matadi est une ville portuaire.\u00a0Ce sont  des  hommes qui ont des maladies qui se rencontrent avec des jeunes filles  bien  habill\u00e9es. Ces filles sans argent, se donnent \u00e0 ces hommes.\u00a0Je  veux  donner une id\u00e9e de ce que nous faisons pour les jeunes.<\/p>\n<p>Des Nations Unies.\u00a0Nous  travaillons avec les possibilit\u00e9s  des Nations Unies disponibles afin d\u2019atteindre  les gens.\u00a0Je suis avec  le groupe de lutte contre le sida.\u00a0Nous  essayons d&rsquo;obtenir des \u00e9glises \u00e0  s\u2019engager \u00e0 diffuser l&rsquo;information sur le  sida.\u00a0Pour moi et pour ce  groupe ceux-ci sont des principaux  probl\u00e8mes qui pr\u00e9occupent nos  pens\u00e9es.<\/p>\n<p>Nous essayons de construire une maison de  jeunes \u00e0  Matadi.\u00a0Nous  avons construit la moiti\u00e9.\u00a0La construction  est lente  parce que nous sommes un pays pauvre.\u00a0Comme une maison de jeunes, nous  essayons  tous les mois pour donner une petite somme d&rsquo;argent qui ne  suffit pas.\u00a0Nous cultivons les champs et vendons les  r\u00e9coltes afin  d\u2019obtenir de l&rsquo;argent pour la construction et autres.\u00a0A pr\u00e9sent, notre  projet va un peu de  l&rsquo;avant.\u00a0Je  pourrais continuer \u00e0 parler le matin  sur notre projet et nos plans.\u00a0La Jeep utilis\u00e9 durant les douze  premi\u00e8res  ann\u00e9es \u00e9tait d&rsquo;une grande utilit\u00e9.\u00a0Avec nos routes qui ont  \u00e9t\u00e9 d\u00e9fectueuses  et non entretenues pendant longtemps, nous n&rsquo;\u00e9tions  pas en mesure de garder la  voiture jusqu&rsquo;\u00e0 aujourd&rsquo;hui.<\/p>\n<p>Ref.\u00a0K. Hakanson<\/p>","protected":false},"excerpt":{"rendered":"<p>Samuel Nkailu Le discours de 24\/08\/2007 \u00e0 SVF &#8211; R\u00e9sum\u00e9 Traduit par Olofson Gunnel Quand je suis arriv\u00e9 en Su\u00e8de en 1961, j&rsquo;avais une famille avec deux enfants.\u00a0Maintenant, ma famille est compos\u00e9e de six filles, un fils et quatorze petits-enfants.\u00a0La &hellip; <a href=\"https:\/\/matadi.hakanson.se\/fr\/about-us\/history\/gcsl\/samuel-nkailu\/\">Continuer la lecture <span class=\"meta-nav\">&rarr;<\/span><\/a><\/p>\n","protected":false},"author":4,"featured_media":0,"parent":122,"menu_order":90,"comment_status":"closed","ping_status":"closed","template":"sidebar-page.php","meta":{"ngg_post_thumbnail":0,"footnotes":""},"class_list":["post-2","page","type-page","status-publish","hentry"],"_links":{"self":[{"href":"https:\/\/matadi.hakanson.se\/fr\/wp-json\/wp\/v2\/pages\/2","targetHints":{"allow":["GET"]}}],"collection":[{"href":"https:\/\/matadi.hakanson.se\/fr\/wp-json\/wp\/v2\/pages"}],"about":[{"href":"https:\/\/matadi.hakanson.se\/fr\/wp-json\/wp\/v2\/types\/page"}],"author":[{"embeddable":true,"href":"https:\/\/matadi.hakanson.se\/fr\/wp-json\/wp\/v2\/users\/4"}],"replies":[{"embeddable":true,"href":"https:\/\/matadi.hakanson.se\/fr\/wp-json\/wp\/v2\/comments?post=2"}],"version-history":[{"count":7,"href":"https:\/\/matadi.hakanson.se\/fr\/wp-json\/wp\/v2\/pages\/2\/revisions"}],"predecessor-version":[{"id":2190,"href":"https:\/\/matadi.hakanson.se\/fr\/wp-json\/wp\/v2\/pages\/2\/revisions\/2190"}],"up":[{"embeddable":true,"href":"https:\/\/matadi.hakanson.se\/fr\/wp-json\/wp\/v2\/pages\/122"}],"wp:attachment":[{"href":"https:\/\/matadi.hakanson.se\/fr\/wp-json\/wp\/v2\/media?parent=2"}],"curies":[{"name":"wp","href":"https:\/\/api.w.org\/{rel}","templated":true}]}}