{"id":1589,"date":"2011-03-30T18:49:55","date_gmt":"2011-03-30T18:49:55","guid":{"rendered":"http:\/\/matadi.hakanson.se\/?page_id=1589"},"modified":"2012-12-15T14:44:49","modified_gmt":"2012-12-15T14:44:49","slug":"demba-group-march","status":"publish","type":"page","link":"https:\/\/matadi.hakanson.se\/fr\/entrepreneurs\/follow-ups-bemba-group\/demba-group-march\/","title":{"rendered":"Demba group Mars"},"content":{"rendered":"<p><\/p>\n<p><strong>COMPTE \u2013RENDU\u00a0 DE LA\u00a0 REUNION DU II<sup>e<\/sup> GROUPE \u00a0DU PRESIDENT JACQUES\u00a0 DEMBA\u00a0 TENU EN DATE\u00a0 DU 10\/03\/2011<\/strong><\/p>\n<p>Sous\u00a0 la\u00a0 pr\u00e9sidence\u00a0 de\u00a0 fr\u00e8re\u00a0\u00a0 Jacques DEMBA\u00a0 KIAZAYOKO,\u00a0\u00a0 Pr\u00e9sident du groupe, s\u2019est\u00a0 tenue\u00a0 \u00e0 la\u00a0 paroisse\u00a0 CEC KIAMVU chez\u00a0 Maman\u00a0 Marie France BAYEDILA, la\u00a0 Deuxi\u00e8me\u00a0 R\u00e9union du Groupe\u00a0 DEMBA en date\u00a0 du 10 Mars\u00a0 2011<\/p>\n<p>1.\u00a0\u00a0\u00a0\u00a0\u00a0 \u00a0Pri\u00e8re\u00a0 d\u2019ouverture<br \/>\n2.\u00a0\u00a0\u00a0\u00a0\u00a0 Mot\u00a0 de\u00a0 bienvenue<br \/>\n3.\u00a0\u00a0\u00a0\u00a0\u00a0 Lecture\u00a0 du Compte\u00a0 -Rendu de l a\u00a0 r\u00e9union du 06 Janvier 2011<br \/>\n4.\u00a0\u00a0\u00a0\u00a0\u00a0 Rapport\u00a0 de\u00a0 retrait\u00a0 de\u00a0 pr\u00eats<br \/>\n5.\u00a0\u00a0\u00a0\u00a0\u00a0 Prise\u00a0 de\u00a0 \u00a0contact de\u00a0 d\u00e9buts\u00a0 d\u2019activit\u00e9<br \/>\n6.\u00a0\u00a0\u00a0\u00a0\u00a0 Divers<br \/>\n7.\u00a0\u00a0\u00a0\u00a0\u00a0 Pri\u00e8re\u00a0 finale<\/p>\n<p>Etaient\u00a0 pr\u00e9sent \u00a0\u00e0 la\u00a0 R\u00e9union\u00a0:<\/p>\n<p>1.\u00a0\u00a0\u00a0\u00a0\u00a0 Jacques\u00a0 DEMBA\u00a0 KIAZAYAKO Pr\u00e9sident\u00a0\u00a0 \u00a0\u00a0 0816888538<br \/>\n2.\u00a0\u00a0\u00a0\u00a0\u00a0 Marie\u00a0 France\u00a0 BAYEDILA Vice\u00a0 Pr\u00e9sident\u00a0\u00a0 0896671071<br \/>\n3.\u00a0\u00a0\u00a0\u00a0\u00a0 Philippe\u00a0 NLANDU\u00a0 BOO NGOMA Secr\u00e9taire \u00a0 0855138918<br \/>\n4.\u00a0\u00a0\u00a0\u00a0\u00a0 Pierre\u00a0 UMBA\u00a0 KUELA Membre \u00a0\u00a0\u00a0\u00a0\u00a0 0819021664<\/p>\n<p><strong>I. PRIERE\u00a0 D\u2019OUVERTURE <\/strong><\/p>\n<p>Le\u00a0 Pr\u00e9sident\u00a0\u00a0 Jacques DEMBA \u00e0 demand\u00e9\u00a0 \u00e0 Maman Marie France d\u2019ouvrir\u00a0 la\u00a0 s\u00e9ance\u00a0 par\u00a0 une\u00a0 courte\u00a0 pri\u00e8re, chose\u00a0 qui a\u00a0 \u00e9t\u00e9\u00a0 faite<\/p>\n<p>II Mot\u00a0 le\u00a0 Bienvenue<br \/>\nApr\u00e8s , la\u00a0 pri\u00e8re\u00a0 d\u2019ouverture, le\u00a0 pr\u00e9sident\u00a0 Jacques\u00a0 DEMBA\u00a0 a adress\u00e9\u00a0 \u00e0 tous les membres pr\u00e9sent\u00a0 \u00e0 la\u00a0 r\u00e9union don mot (souhait) de\u00a0 bienvenue<\/p>\n<p>III LECTURE\u00a0\u00a0 DU COMPTE\u00a0 RENDU DE\u00a0 LA\u00a0 REUNION AU 06 JANVIER 2011<br \/>\nLa\u00a0 lecture\u00a0 de\u00a0 ce\u00a0 compte\u00a0 rendu \u00e0 \u00e9t\u00e9\u00a0 fait\u00a0 par\u00a0 le\u00a0 secr\u00e9taire\u00a0 Philippe\u00a0 dans\u00a0 ce\u00a0 compte\u00a0 rendu, il s\u2019est\u00a0 agit\u00a0 de\u00a0 la\u00a0 pr\u00e9sentation du Bureau du et la\u00a0 pr\u00e9sentation de\u00a0 chacun\u00a0 de\u00a0 membre\u00a0 par\u00a0 son nom et\u00a0 son\u00a0 num\u00e9ro de\u00a0 portable<\/p>\n<p><strong>IV. RAPPORT\u00a0 DE\u00a0 RETRAIT\u00a0 DE PRET<\/strong><br \/>\nTous\u00a0 on\u00a0 confirmer qu\u2019il avait\u00a0 bel est\u00a0 bien\u00a0 re\u00e7u\u00a0 depuis\u00a0 le\u00a0 17 F\u00e9vrier\u00a0 le\u00a0 pr\u00eat Chef YAPECO\u00a0 tous\u00a0 on signer\u00a0 et\u00a0 re\u00e7u le\u00a0 document .\u00a0 tous\u00a0 remercie tour\u00a0 a tour\u00a0 YAPECO pour\u00a0 le\u00a0 choix\u00a0 faite\u00a0 \u00e0 notre\u00a0\u00a0 \u00e9gard, et\u00a0 tous\u00a0 remercies\u00a0 M.S.G\u00a0 pour\u00a0 la\u00a0 formation\u00a0 et\u00a0 le pr\u00eat mis \u00e0 notre\u00a0 disposition. Que\u00a0 Dieu nous\u00a0 aide\u00a0 \u00e0 Bien\u00a0 travail et\u00a0 \u00e0 rester\u00a0 en\u00a0 parfaite\u00a0 contact.<\/p>\n<p><strong>V. PRISE\u00a0 DE\u00a0 CONTACT\u00a0 DE\u00a0 DEBUT\u00a0 D\u2019ACTIVITE<\/strong><br \/>\nQ. Quel\u00a0 \u00e0 \u00e9tait\u00a0 la\u00a0 r\u00e9action de\u00a0 chacun apr\u00e8s avoir\u00a0\u00a0 re\u00e7u le pr\u00eat et le\u00a0 plan\u00a0 deremboursement<br \/>\nR. Marie\u00a0 France\u00a0: la\u00a0\u00a0 r\u00e9action\u00a0 d\u00e9pend\u00a0 de\u00a0 chacun et selon\u00a0 les\u00a0 activit\u00e9s\u00a0 mai elle est\u00a0 bonne<br \/>\nR. Pierre\u00a0 UMBA\u00a0: elle\u00a0 est\u00a0 bonne\u00a0 mais\u00a0 nous\u00a0 devons\u00a0 travailles<br \/>\nR. Philippe\u00a0: Elle\u00a0 est\u00a0 bonne\u00a0\u00a0 mais\u00a0\u00a0 nous\u00a0 devons\u00a0 tous\u00a0 double\u00a0 d\u2019effort\u00a0 et\u00a0 travailler\u00a0 pour qu\u2019a la\u00a0 fin\u00a0 chacun\u00a0 de\u00a0 nous\u00a0 se\u00a0 retrouvent<br \/>\nR.\u00a0 Jacques\u00a0: Elle\u00a0 est\u00a0 bonne\u00a0 si est\u00a0\u00a0 Seulement\u00a0\u00a0 ci\u00a0 on se\u00a0 donne\u00a0\u00a0 \u00e0 bien\u00a0 travailler<\/p>\n<p><strong>VI. DIVERS <\/strong><\/p>\n<p>Dans le\u00a0 divers\u00a0 nous\u00a0 nous\u00a0 sommes\u00a0\u00a0 convenu que\u00a0 nous allons\u00a0 commencer\u00a0 \u00e0 se r\u00e9unir\u00a0 chaque\u00a0 le 10 du mois\u00a0 ou le\u00a0 Jeudi qui\u00a0 vient\u00a0 avant\u00a0 le\u00a0 10 du mois\u00a0 elle\u00a0 aura comme Lieu soit\u00a0 \u00e0 Lisanga chez\u00a0 YAPECO, soit \u00e0 la\u00a0 Paroisse\u00a0 Kianvu chez\u00a0 Maman Marie\u00a0 France et nous\u00a0 aurons de\u00a0 visite\u00a0 guid\u00e9 \u00e0 domicile\u00a0\u00a0 pour\u00a0 mieux se\u00a0 conna\u00eetre et\u00a0 mieux\u00a0 partager\u00a0 les\u00a0 exp\u00e9rience\u00a0 d\u2019entreprenariat.<\/p>\n<p>Pour\u00a0 le remboursement\u00a0 des\u00a0 int\u00e9r\u00eats\u00a0 nous\u00a0 nous\u00a0 sommes\u00a0\u00a0 convenu que a\u00a0 partir\u00a0 de\u00a0 fin du moi de\u00a0 Mars 2011\u00a0 celui qui sera\u00a0 pr\u00eat\u00a0 avec une\u00a0 partie\u00a0 peut\u00a0 d\u00e9j\u00e0 passer chez YAPECO pour\u00a0 le\u00a0 d\u00e9poser.<\/p>\n<p>Maman Marie\u00a0 France\u00a0 Nous a conseiller\u00a0 tous\u00a0 de\u00a0 se\u00a0 m\u00e9fier\u00a0 d\u2019abord de\u00a0 vente en cr\u00e9dit\u00a0 plut\u00f4t\u00a0\u00a0 faisons\u00a0 le\u00a0 vente\u00a0\u00a0 au comptant.<\/p>\n<p>La\u00a0 prochaine\u00a0 r\u00e9union et fix\u00e9e\u00a0 le\u00a0 Jeudi 07\/04\/2011 \u00e0 17h00\u00a0\u00a0 \u00e0 la\u00a0 Paroisse\u00a0 CEC Kiamvu, Chez\u00a0 Maman Marie\u00a0 France<\/p>\n<p>VII. <strong>PRIERE\u00a0 FINAL<\/strong><\/p>\n<p>La\u00a0 r\u00e9union ayant\u00a0 d\u00e9but\u00e9 \u00e0 17 h10\u2019 \u00e0 termin\u00e9 \u00e0 19h06\u2019 par\u00a0 la\u00a0 pri\u00e8re\u00a0 finale\u00a0 dite\u00a0 par\u00a0 le\u00a0 pr\u00e9sident\u00a0\u00a0 Jacques DEMBA.<\/p>\n<p>Fait\u00a0 \u00e0 Matadi, le 10\/03\/2011<\/p>\n<p>Vu et\u00a0 Approuv\u00e9<\/p>\n<p><strong> <\/strong><\/p>\n<p>Le Pr\u00e9sident du Groupe<br \/>\nLe Secr\u00e9taire<strong><br \/>\nJacques\u00a0 DEMBA<br \/>\nPhilippe\u00a0 NLANDU BODO<\/strong><\/p>\n<p><strong> <\/strong><\/p>\n<p><strong> <\/strong><\/p>\n<p>Le Pr\u00e9sident\u00a0 de GSM<\/p>\n<p><strong> <\/strong><\/p>\n<p><strong> YAPECO\u00a0 BAKALA\u00a0 MASSENGO<\/strong><\/p>\n<p><\/p>","protected":false},"excerpt":{"rendered":"<p>COMPTE \u2013RENDU\u00a0 DE LA\u00a0 REUNION DU IIe GROUPE \u00a0DU PRESIDENT JACQUES\u00a0 DEMBA\u00a0 TENU EN DATE\u00a0 DU 10\/03\/2011 Sous\u00a0 la\u00a0 pr\u00e9sidence\u00a0 de\u00a0 fr\u00e8re\u00a0\u00a0 Jacques DEMBA\u00a0 KIAZAYOKO,\u00a0\u00a0 Pr\u00e9sident du groupe, s\u2019est\u00a0 tenue\u00a0 \u00e0 la\u00a0 paroisse\u00a0 CEC KIAMVU chez\u00a0 Maman\u00a0 Marie France BAYEDILA, &hellip; <a href=\"https:\/\/matadi.hakanson.se\/fr\/entrepreneurs\/follow-ups-bemba-group\/demba-group-march\/\">Continuer la lecture <span class=\"meta-nav\">&rarr;<\/span><\/a><\/p>\n","protected":false},"author":4,"featured_media":0,"parent":1587,"menu_order":1,"comment_status":"closed","ping_status":"closed","template":"sidebar-page.php","meta":{"ngg_post_thumbnail":0,"footnotes":""},"class_list":["post-1589","page","type-page","status-publish","hentry"],"_links":{"self":[{"href":"https:\/\/matadi.hakanson.se\/fr\/wp-json\/wp\/v2\/pages\/1589","targetHints":{"allow":["GET"]}}],"collection":[{"href":"https:\/\/matadi.hakanson.se\/fr\/wp-json\/wp\/v2\/pages"}],"about":[{"href":"https:\/\/matadi.hakanson.se\/fr\/wp-json\/wp\/v2\/types\/page"}],"author":[{"embeddable":true,"href":"https:\/\/matadi.hakanson.se\/fr\/wp-json\/wp\/v2\/users\/4"}],"replies":[{"embeddable":true,"href":"https:\/\/matadi.hakanson.se\/fr\/wp-json\/wp\/v2\/comments?post=1589"}],"version-history":[{"count":9,"href":"https:\/\/matadi.hakanson.se\/fr\/wp-json\/wp\/v2\/pages\/1589\/revisions"}],"predecessor-version":[{"id":1591,"href":"https:\/\/matadi.hakanson.se\/fr\/wp-json\/wp\/v2\/pages\/1589\/revisions\/1591"}],"up":[{"embeddable":true,"href":"https:\/\/matadi.hakanson.se\/fr\/wp-json\/wp\/v2\/pages\/1587"}],"wp:attachment":[{"href":"https:\/\/matadi.hakanson.se\/fr\/wp-json\/wp\/v2\/media?parent=1589"}],"curies":[{"name":"wp","href":"https:\/\/api.w.org\/{rel}","templated":true}]}}