{"id":1546,"date":"2011-03-23T12:42:10","date_gmt":"2011-03-23T12:42:10","guid":{"rendered":"http:\/\/matadi.hakanson.se\/?page_id=1546"},"modified":"2011-08-26T17:49:24","modified_gmt":"2011-08-26T17:49:24","slug":"letter-2011-03-15","status":"publish","type":"page","link":"https:\/\/matadi.hakanson.se\/fr\/about-us\/history\/gcsl\/samuel-nkailu\/letter-2011-03-15\/","title":{"rendered":"Lettre 2011 03 15"},"content":{"rendered":"<p><strong>Bonjour mes aim\u00e9s amis,<\/strong><\/p>\n<p>Je tiens \u00e0 vous informer que , dans le cadre de la Journ\u00e9e internationale de la femme , le 08\/03\/2011 notre Maison des jeunes , le CARREFOUR SOCIOCUKTUREL, a abrit\u00e9 \u00a0une importante rencontre de plus de 400 participants \u00e0 l\u2019organisation de l\u2019\u00e9change des voeux de nouvel an 2011 de la Mutualit\u00e9 des Femmes Ressortissantes de Wombo\u00a0\u00ab\u00a0MUFREWO\u00a0\u00bb en sigle. Un regroupement social des femmes de Secteur administratif d\u2019origine de Mama Julienne Matila.<\/p>\n<p>On notait \u00e0 cette rencontre des notables, des jeunes et adolescents invit\u00e9s y comprit eux-m\u00eames les membres de la mutualit\u00e9 du Secteur de Wombo\/ Mukimbungu alors r\u00e9sidents de la Ville de Matadi.<\/p>\n<p>C\u2019\u00e9tait pour le GCSL, une belle occasion de marketing de notre Carrefour Socioculturel.<\/p>\n<p>Toujours dans le m\u00eame cadre du moi de\u00a0 la femme, samedi ,le 20\/03\/2011 sera le tour de l\u2019Association des Femmes Militaire de Matadi ,sauf impr\u00e9vu qui viendra \u00a0tenir sa r\u00e9union dans notre salle\u00a0; c\u2019est pour dire que petit \u00e0 petit le monde d\u00e9couvrira le milieux et je une ferme espoir que la Jeunesse saura en b\u00e9n\u00e9ficier d\u2019avantage. Gloire soit rendu \u00e0 Dieu.<\/p>\n<p>Je vous assure que l\u2019\u0153uvre a son sans d\u2019\u00eatre r\u00e9aliser\u00a0; santons nous heureux de \u2018avoir fait.<\/p>\n<p>Ceci ,commence \u00e0 d\u00e9montrer l\u2019importance de l\u2019infrastructure malgr\u00e9 tout au d\u00e9but on a pas suffisamment des atouts qu\u2019il faut dans ce genre de maison. Aussi maintenant il nous est question de tout faire pour avoir les frais de fonctionnement pour amorcer r\u00e9ellement les activit\u00e9s de mani\u00e8re permanente \u00a0avec un personnel alors payant.<\/p>\n<p>Cinq \u00e9l\u00e8ves sont inscrites dans l\u2019atelier de couture avec un horaire temporaire puisque les ma\u00eetresses font le b\u00e9n\u00e9volat\u00a0 c&rsquo;est-\u00e0-dire les samedis seule.<\/p>\n<p>D\u00e9s qu\u2019il me sera possible d\u2019attraper\u00a0 quelques images chez les photographes qui on film\u00e9 ces manifestations ,je vous enverrai d\u2019autre.<\/p>\n<p>A suivre.<\/p>\n<p>Salutations les meilleurs<\/p>\n<p>Samuel Nkailu<\/p>","protected":false},"excerpt":{"rendered":"<p>Bonjour mes aim\u00e9s amis, Je tiens \u00e0 vous informer que , dans le cadre de la Journ\u00e9e internationale de la femme , le 08\/03\/2011 notre Maison des jeunes , le CARREFOUR SOCIOCUKTUREL, a abrit\u00e9 \u00a0une importante rencontre de plus de &hellip; <a href=\"https:\/\/matadi.hakanson.se\/fr\/about-us\/history\/gcsl\/samuel-nkailu\/letter-2011-03-15\/\">Continuer la lecture <span class=\"meta-nav\">&rarr;<\/span><\/a><\/p>\n","protected":false},"author":4,"featured_media":0,"parent":2,"menu_order":5,"comment_status":"open","ping_status":"closed","template":"sidebar-page.php","meta":{"ngg_post_thumbnail":0,"footnotes":""},"class_list":["post-1546","page","type-page","status-publish","hentry"],"_links":{"self":[{"href":"https:\/\/matadi.hakanson.se\/fr\/wp-json\/wp\/v2\/pages\/1546","targetHints":{"allow":["GET"]}}],"collection":[{"href":"https:\/\/matadi.hakanson.se\/fr\/wp-json\/wp\/v2\/pages"}],"about":[{"href":"https:\/\/matadi.hakanson.se\/fr\/wp-json\/wp\/v2\/types\/page"}],"author":[{"embeddable":true,"href":"https:\/\/matadi.hakanson.se\/fr\/wp-json\/wp\/v2\/users\/4"}],"replies":[{"embeddable":true,"href":"https:\/\/matadi.hakanson.se\/fr\/wp-json\/wp\/v2\/comments?post=1546"}],"version-history":[{"count":6,"href":"https:\/\/matadi.hakanson.se\/fr\/wp-json\/wp\/v2\/pages\/1546\/revisions"}],"predecessor-version":[{"id":2191,"href":"https:\/\/matadi.hakanson.se\/fr\/wp-json\/wp\/v2\/pages\/1546\/revisions\/2191"}],"up":[{"embeddable":true,"href":"https:\/\/matadi.hakanson.se\/fr\/wp-json\/wp\/v2\/pages\/2"}],"wp:attachment":[{"href":"https:\/\/matadi.hakanson.se\/fr\/wp-json\/wp\/v2\/media?parent=1546"}],"curies":[{"name":"wp","href":"https:\/\/api.w.org\/{rel}","templated":true}]}}