{"id":1524,"date":"2011-03-23T09:09:20","date_gmt":"2011-03-23T09:09:20","guid":{"rendered":"http:\/\/matadi.hakanson.se\/?page_id=1524"},"modified":"2023-02-13T19:10:57","modified_gmt":"2023-02-13T19:10:57","slug":"annual-meeting","status":"publish","type":"page","link":"https:\/\/matadi.hakanson.se\/fr\/about-us\/annual-meeting\/","title":{"rendered":"R\u00e9union annuelle 2023"},"content":{"rendered":"<p><\/p>\n<p><strong>Kallelse till \u00e5rsm\u00f6te 2023<\/strong><\/p>\n<p>\u00c4renden, se <a title=\"Stadgar\" href=\"https:\/\/matadi.hakanson.se\/se\/about-us\/annual-meeting\/statutes\/\" target=\"_blank\" rel=\"noopener noreferrer\">Stadgar<\/a>.<\/p>\n<p>\u00d6vriga \u00e4renden:<\/p>\n<p>P\u00e5 detta \u00e5rsm\u00f6te kommer det att l\u00e4ggas fram ett f\u00f6rslag om att avsluta Matadi Support Group.<\/p>\n<p>P\u00e5 \u00e5rsm\u00f6tet 2022 tog ett beslut att avsluta Matadi Support Group. Enligt stadgarna ska ett s\u00e5dant h\u00e4r beslut tas p\u00e5 tv\u00e5 \u00e5rsm\u00f6ten.<\/p>\n<p>Ett f\u00f6rslag till beslut hur f\u00f6reningens tillg\u00e5ngar ska f\u00f6rdelas kommer att l\u00e4ggas fram.<\/p>\n<p>Matadi Support Group<br \/>\nBor\u00e5s och H\u00f6kerum 2023-02-11<\/p>\n<p>Styrelsen<\/p>\n<p>Lars-Ola Rydberg, Lennart Frid\u00e9n, Bernt Sk\u00f6ld, Yngve H\u00e5kanson, Jean Claude Loubelo, Hugo Rikkinen<\/p>\n<p><\/p>","protected":false},"excerpt":{"rendered":"<p>Kallelse till \u00e5rsm\u00f6te 2023 \u00c4renden, se Stadgar. \u00d6vriga \u00e4renden: P\u00e5 detta \u00e5rsm\u00f6te kommer det att l\u00e4ggas fram ett f\u00f6rslag om att avsluta Matadi Support Group. P\u00e5 \u00e5rsm\u00f6tet 2022 tog ett beslut att avsluta Matadi Support Group. Enligt stadgarna ska ett &hellip; <a href=\"https:\/\/matadi.hakanson.se\/fr\/about-us\/annual-meeting\/\">Continuer la lecture <span class=\"meta-nav\">&rarr;<\/span><\/a><\/p>\n","protected":false},"author":4,"featured_media":0,"parent":2739,"menu_order":4,"comment_status":"closed","ping_status":"closed","template":"sidebar-page.php","meta":{"ngg_post_thumbnail":0,"footnotes":""},"class_list":["post-1524","page","type-page","status-publish","hentry"],"_links":{"self":[{"href":"https:\/\/matadi.hakanson.se\/fr\/wp-json\/wp\/v2\/pages\/1524","targetHints":{"allow":["GET"]}}],"collection":[{"href":"https:\/\/matadi.hakanson.se\/fr\/wp-json\/wp\/v2\/pages"}],"about":[{"href":"https:\/\/matadi.hakanson.se\/fr\/wp-json\/wp\/v2\/types\/page"}],"author":[{"embeddable":true,"href":"https:\/\/matadi.hakanson.se\/fr\/wp-json\/wp\/v2\/users\/4"}],"replies":[{"embeddable":true,"href":"https:\/\/matadi.hakanson.se\/fr\/wp-json\/wp\/v2\/comments?post=1524"}],"version-history":[{"count":54,"href":"https:\/\/matadi.hakanson.se\/fr\/wp-json\/wp\/v2\/pages\/1524\/revisions"}],"predecessor-version":[{"id":9195,"href":"https:\/\/matadi.hakanson.se\/fr\/wp-json\/wp\/v2\/pages\/1524\/revisions\/9195"}],"up":[{"embeddable":true,"href":"https:\/\/matadi.hakanson.se\/fr\/wp-json\/wp\/v2\/pages\/2739"}],"wp:attachment":[{"href":"https:\/\/matadi.hakanson.se\/fr\/wp-json\/wp\/v2\/media?parent=1524"}],"curies":[{"name":"wp","href":"https:\/\/api.w.org\/{rel}","templated":true}]}}