{"id":1500,"date":"2011-03-22T14:57:29","date_gmt":"2011-03-22T14:57:29","guid":{"rendered":"http:\/\/matadi.hakanson.se\/?page_id=1500"},"modified":"2023-02-13T17:52:08","modified_gmt":"2023-02-13T17:52:08","slug":"new-projects","status":"publish","type":"page","link":"https:\/\/matadi.hakanson.se\/fr\/entrepreneurs\/new-projects\/","title":{"rendered":"Les projets en cours"},"content":{"rendered":"<p><strong>Les projets en cours<\/strong><\/p>\n<hr>\n<p><strong><span id=\"result_box\" class=\"\" lang=\"fr\"><span class=\"\">Entre 350 et 400 personnes ont particip\u00e9 \u00e0 des activit\u00e9s \u00e0 Matadi, Kimpese et Luozi et \u00e0 Brazzaville<\/span><\/span><\/strong><\/p>\n<p><span id=\"result_box\" class=\"short_text\" lang=\"fr\"><span class=\"\">De nouveaux cours sont pr\u00e9vus<\/span><\/span><\/p>\n<hr>\n<p><strong>&nbsp;ngg_shortcode_2_placeholder<\/strong><\/p>\n<hr>\n<p><\/p>","protected":false},"excerpt":{"rendered":"<p>Les projets en cours Entre 350 et 400 personnes ont particip\u00e9 \u00e0 des activit\u00e9s \u00e0 Matadi, Kimpese et Luozi et \u00e0 Brazzaville De nouveaux cours sont pr\u00e9vus &nbsp;<\/p>\n","protected":false},"author":4,"featured_media":0,"parent":399,"menu_order":5,"comment_status":"closed","ping_status":"closed","template":"sidebar-page.php","meta":{"ngg_post_thumbnail":0,"footnotes":""},"class_list":["post-1500","page","type-page","status-publish","hentry"],"_links":{"self":[{"href":"https:\/\/matadi.hakanson.se\/fr\/wp-json\/wp\/v2\/pages\/1500","targetHints":{"allow":["GET"]}}],"collection":[{"href":"https:\/\/matadi.hakanson.se\/fr\/wp-json\/wp\/v2\/pages"}],"about":[{"href":"https:\/\/matadi.hakanson.se\/fr\/wp-json\/wp\/v2\/types\/page"}],"author":[{"embeddable":true,"href":"https:\/\/matadi.hakanson.se\/fr\/wp-json\/wp\/v2\/users\/4"}],"replies":[{"embeddable":true,"href":"https:\/\/matadi.hakanson.se\/fr\/wp-json\/wp\/v2\/comments?post=1500"}],"version-history":[{"count":112,"href":"https:\/\/matadi.hakanson.se\/fr\/wp-json\/wp\/v2\/pages\/1500\/revisions"}],"predecessor-version":[{"id":9190,"href":"https:\/\/matadi.hakanson.se\/fr\/wp-json\/wp\/v2\/pages\/1500\/revisions\/9190"}],"up":[{"embeddable":true,"href":"https:\/\/matadi.hakanson.se\/fr\/wp-json\/wp\/v2\/pages\/399"}],"wp:attachment":[{"href":"https:\/\/matadi.hakanson.se\/fr\/wp-json\/wp\/v2\/media?parent=1500"}],"curies":[{"name":"wp","href":"https:\/\/api.w.org\/{rel}","templated":true}]}}