{"id":135,"date":"2010-12-29T11:35:58","date_gmt":"2010-12-29T11:35:58","guid":{"rendered":"http:\/\/w.matadi.hakanson.se\/"},"modified":"2020-11-09T21:02:26","modified_gmt":"2020-11-09T21:02:26","slug":"contact-us","status":"publish","type":"page","link":"https:\/\/matadi.hakanson.se\/fr\/contact-us\/","title":{"rendered":"Contactez-nous"},"content":{"rendered":"<p><\/p>\n<table style=\"border: 0px none;\" cellspacing=\"0\" cellpadding=\"0\" align=\"center\">\n<tbody>\n<tr>\n<td style=\"border: 0;\" colspan=\"6\" align=\"left\">\n<h3>Page de contact de l\u2019\u00e9quipe de gestion<\/h3>\n<\/td>\n<\/tr>\n<tr>\n<td align=\"left\" valign=\"top\"><img loading=\"lazy\" decoding=\"async\" class=\"size-full wp-image-143 alignnone\" title=\"Lars-Ola\" src=\"https:\/\/matadi.hakanson.se\/wp-content\/uploads\/2010\/12\/Lars-Ola.jpg\" alt=\"\" width=\"150\" height=\"180\"> <strong>Lars-Ola Rydberg<\/strong><\/p>\n<p>Member of the board<br \/>\nFager\u00e5sv\u00e4gen 10<br \/>\n507 70 G\u00e5nghester<br \/>\nMobile: 0705 25 64 33<\/td>\n<td><\/td>\n<td align=\"left\" valign=\"top\"><img loading=\"lazy\" decoding=\"async\" class=\"size-full wp-image-147 alignnone\" title=\"yngve\" src=\"https:\/\/matadi.hakanson.se\/wp-content\/uploads\/2010\/12\/yngve.jpg\" alt=\"\" width=\"150\" height=\"180\"><\/p>\n<p><strong>Yngve H\u00e5kanson<\/strong> Secr\u00e9taire et Tr\u00e9sorier<\/p>\n<p>T\u00f6ve 157<\/p>\n<p>523 98 H\u00f6kerum<\/p>\n<p>Tel: 033-27 43 71<\/p>\n<p>Mobil: 070-598 40 33<\/td>\n<td><\/td>\n<td align=\"left\" valign=\"top\"><img loading=\"lazy\" decoding=\"async\" class=\"size-full wp-image-139 alignnone\" title=\"bernt\" src=\"https:\/\/matadi.hakanson.se\/wp-content\/uploads\/2010\/12\/bernt.jpg\" alt=\"\" width=\"150\" height=\"180\"><\/p>\n<p><strong>Bernt Sk\u00f6ld<\/strong> Secr\u00e9taire<\/p>\n<p>Gestionnaire de Collecte<\/p>\n<p>Hillaredsgatan 5<\/p>\n<p>507 61 Bor\u00e5s<\/p>\n<p>Tel: 033-15 72 79<\/p>\n<p>Mobil: 076-815 72 70<\/td>\n<td><\/td>\n<\/tr>\n<tr>\n<td><\/td>\n<\/tr>\n<tr>\n<td align=\"left\" valign=\"top\"><img loading=\"lazy\" decoding=\"async\" class=\"size-full wp-image-144 alignnone\" title=\"lennart\" src=\"https:\/\/matadi.hakanson.se\/wp-content\/uploads\/2010\/12\/lennart.jpg\" alt=\"\" width=\"150\" height=\"180\"><\/p>\n<p><strong>Lennart Frid\u00e9n<\/strong> Pr\u00e9sident<\/p>\n<p>Furuv\u00e4gen 16<\/p>\n<p>518 41 Sj\u00f6marken<\/p>\n<p>Tel: 033-25 47 20<\/p>\n<p>Tel arb: 0320-398 60<\/p>\n<p>Mobil: 070-623 98 01<\/td>\n<td><\/td>\n<td align=\"left\" valign=\"top\"><img loading=\"lazy\" decoding=\"async\" class=\"size-full wp-image-146 alignnone\" title=\"yapeco\" src=\"https:\/\/matadi.hakanson.se\/wp-content\/uploads\/2010\/12\/yapeco.jpg\" alt=\"\" width=\"150\" height=\"180\"><\/p>\n<p><strong>Yapeco Bakala<br \/>\nMassengo<\/strong><br \/>\nMSG\u00b4s admin<br \/>\nLocal representative<br \/>\nMatadi<br \/>\nMobil: +243 815158570<\/td>\n<td><\/td>\n<td align=\"left\" valign=\"top\"><img loading=\"lazy\" decoding=\"async\" class=\"size-full wp-image-145 alignnone\" title=\"luboyi\" src=\"https:\/\/matadi.hakanson.se\/wp-content\/uploads\/2010\/12\/luboyi.jpg\" alt=\"\" width=\"150\" height=\"180\"><\/p>\n<p><strong>G\u00f6sta Luboyi<\/strong> MSG\u00b4s admin, Traducteur<\/p>\n<p>Av. Zongo 22 Q3\/N&rsquo;djili<\/p>\n<p>Kinshasa<\/p>\n<p>Mobil: +243822359778<\/p>\n<p>Haiti: +50938028942<\/td>\n<\/tr>\n<tr>\n<td><\/td>\n<\/tr>\n<tr>\n<td align=\"left\" valign=\"top\"><img loading=\"lazy\" decoding=\"async\" class=\"size-full wp-image-145 alignnone\" title=\"julienne\" src=\"https:\/\/matadi.hakanson.se\/wp-content\/uploads\/2010\/12\/julienne.jpg\" alt=\"\" width=\"150\" height=\"180\"><\/p>\n<p><strong>Julienne Kukangisa<\/strong> Enseignant, Traducteur<\/p>\n<p>Luozi<\/p>\n<p>Kongo Kinshasa<\/p>\n<p>Mobil: +243 812 427 820<\/td>\n<td><\/td>\n<td align=\"left\" valign=\"top\"><img loading=\"lazy\" decoding=\"async\" class=\"size-full wp-image-140 alignnone\" title=\"curt\" src=\"https:\/\/matadi.hakanson.se\/wp-content\/uploads\/2010\/12\/gunnel-1.jpg\" alt=\"\" width=\"150\" height=\"180\"> <strong>Gunnel Olofson<\/strong><\/p>\n<p>Expert, Traducteur Sn\u00f6b\u00e4rsbacken 5<\/p>\n<p>554 56 J\u00f6nk\u00f6ping<\/p>\n<p>Tel: 036-17 51 71<\/td>\n<td><\/td>\n<td align=\"left\" valign=\"top\"><img loading=\"lazy\" decoding=\"async\" class=\"size-full wp-image-143 alignnone\" title=\"inga-maj\" src=\"https:\/\/matadi.hakanson.se\/wp-content\/uploads\/2010\/12\/inga-maj.jpg\" alt=\"\" width=\"150\" height=\"180\"><\/p>\n<p><strong>Inga-Maj H\u00e5kanson<\/strong><\/p>\n<p><strong><br \/>\n<\/strong><strong>Gustafsson<\/strong><\/p>\n<p>Expert, Traducteur<\/p>\n<p>Norra \u00c5kersv\u00e4gen 6<\/p>\n<p>590 43 Rimforsa<\/p>\n<p>Tel: 0494-210 69<\/p>\n<p>Mobil: 070 600 92 43<\/td>\n<\/tr>\n<tr>\n<td><\/td>\n<\/tr>\n<tr>\n<td align=\"left\" valign=\"top\"><img loading=\"lazy\" decoding=\"async\" class=\"size-full wp-image-143 alignnone\" title=\"Lendo\" src=\"https:\/\/matadi.hakanson.se\/wp-content\/uploads\/2010\/12\/Lendo.jpg\" alt=\"\" width=\"150\" height=\"180\"> <strong>Adolphe Lendo Ngoyi<\/strong><\/p>\n<p>Local representative<br \/>\nLuozi<br \/>\nMobile: +243 898 621 454<\/td>\n<td><\/td>\n<td align=\"left\" valign=\"top\"><img loading=\"lazy\" decoding=\"async\" class=\"size-full wp-image-143 alignnone\" title=\"iEmy\" src=\"https:\/\/matadi.hakanson.se\/wp-content\/uploads\/2010\/12\/Emy.jpg\" alt=\"\" width=\"150\" height=\"180\"> <strong>Emy Miantezila<\/strong><\/p>\n<p>Local representative<br \/>\nKimpese<br \/>\nMobile: +243 815 102 814<\/td>\n<td><\/td>\n<td align=\"left\" valign=\"top\"><img loading=\"lazy\" decoding=\"async\" class=\"size-full wp-image-142 alignnone\" title=\"hugo\" src=\"https:\/\/matadi.hakanson.se\/wp-content\/uploads\/2010\/12\/hugo.jpg\" alt=\"\" width=\"150\" height=\"180\"><\/p>\n<p><strong>Hugo Rikkinen<\/strong> Collecte<\/p>\n<p>Knekt\u00e5sv\u00e4gen 7<\/p>\n<p>506 49 Bor\u00e5s<\/p>\n<p>Tel: 033-24 71 61<\/p>\n<p>Tel arb: 033-24 71 62<\/p>\n<p>Mobil: 0708-90 21 40<\/td>\n<\/tr>\n<\/tbody>\n<\/table>\n<p>[contact-form-7 id=\u00a0\u00bb2645&Prime; title=\u00a0\u00bbFormulaire de contact\u00a0\u00bb]<\/p>","protected":false},"excerpt":{"rendered":"<p>Page de contact de l\u2019\u00e9quipe de gestion Lars-Ola Rydberg Member of the board Fager\u00e5sv\u00e4gen 10 507 70 G\u00e5nghester Mobile: 0705 25 64 33 Yngve H\u00e5kanson Secr\u00e9taire et Tr\u00e9sorier T\u00f6ve 157 523 98 H\u00f6kerum Tel: 033-27 43 71 Mobil: 070-598 40 &hellip; <a href=\"https:\/\/matadi.hakanson.se\/fr\/contact-us\/\">Continuer la lecture <span class=\"meta-nav\">&rarr;<\/span><\/a><\/p>\n","protected":false},"author":4,"featured_media":0,"parent":0,"menu_order":200,"comment_status":"closed","ping_status":"closed","template":"sidebar-page.php","meta":{"ngg_post_thumbnail":0,"footnotes":""},"class_list":["post-135","page","type-page","status-publish","hentry"],"_links":{"self":[{"href":"https:\/\/matadi.hakanson.se\/fr\/wp-json\/wp\/v2\/pages\/135","targetHints":{"allow":["GET"]}}],"collection":[{"href":"https:\/\/matadi.hakanson.se\/fr\/wp-json\/wp\/v2\/pages"}],"about":[{"href":"https:\/\/matadi.hakanson.se\/fr\/wp-json\/wp\/v2\/types\/page"}],"author":[{"embeddable":true,"href":"https:\/\/matadi.hakanson.se\/fr\/wp-json\/wp\/v2\/users\/4"}],"replies":[{"embeddable":true,"href":"https:\/\/matadi.hakanson.se\/fr\/wp-json\/wp\/v2\/comments?post=135"}],"version-history":[{"count":156,"href":"https:\/\/matadi.hakanson.se\/fr\/wp-json\/wp\/v2\/pages\/135\/revisions"}],"predecessor-version":[{"id":8574,"href":"https:\/\/matadi.hakanson.se\/fr\/wp-json\/wp\/v2\/pages\/135\/revisions\/8574"}],"wp:attachment":[{"href":"https:\/\/matadi.hakanson.se\/fr\/wp-json\/wp\/v2\/media?parent=135"}],"curies":[{"name":"wp","href":"https:\/\/api.w.org\/{rel}","templated":true}]}}