{"id":122,"date":"2010-12-29T10:09:53","date_gmt":"2010-12-29T10:09:53","guid":{"rendered":"http:\/\/w.matadi.hakanson.se\/"},"modified":"2011-08-26T17:49:09","modified_gmt":"2011-08-26T17:49:09","slug":"gcsl","status":"publish","type":"page","link":"https:\/\/matadi.hakanson.se\/fr\/about-us\/history\/gcsl\/","title":{"rendered":"GCSL"},"content":{"rendered":"<p><\/p>\n<h2>Le Groupe Chr\u00e9tien de Soutien Libre (GCSL)<\/h2>\n<p>GCSL est une organisation socio-humanitaire, non politique et des volontaires pour le d\u00e9veloppement. L&rsquo;organisation est constitu\u00e9e d\u2019une trentaine de femmes et des hommes chr\u00e9tiens de la CEC (Communaut\u00e9 Evang\u00e9lique du Congo). La plupart d&rsquo;entre eux sont de Matadi.<\/p>\n<p>L&rsquo;id\u00e9e de former le groupe venait du comit\u00e9 de soutien de la chorale des femmes \u00e0 l&rsquo;\u00e9glise de la CEC Kiamvu Matadi. Elle a \u00e9t\u00e9 fond\u00e9e le 20 Janvier 2001 et vise \u00e0 satisfaire le profane appel \u00e0 servir le Seigneur.<\/p>\n<h3>Mission et objectifs<\/h3>\n<p>La mission principale de GCSL est de soutenir \u00e0 travers de nombreux actes diversifi\u00e9s, afin d&rsquo;\u00e9vang\u00e9liser tout individu.<\/p>\n<p>Pour \u00eatre en mesure de r\u00e9aliser cet objectif il ya des buts fixes tels que:<\/p>\n<ul>\n<li>la promotion de l&rsquo;Evangile Chr\u00e9tienne\u00a0 \u00e0 partir du point de vue a la fois mat\u00e9riel et le financier.<\/li>\n<li>Relever le d\u00e9veloppement spirituel, moral et intellectuel des membres.<\/li>\n<li>Mettre les membres au courant des probl\u00e8mes mondiaux et leur faire sentir leur responsabilit\u00e9 envers l&rsquo;humanit\u00e9.<\/li>\n<li>Approfondissement de l&rsquo;orientation des jeunes qui grandissent dans une soci\u00e9t\u00e9 et infrastructure modernes.<\/li>\n<li>le maintien de relations avec d&rsquo;autres organisations avec les quelles nous poursuivons les m\u00eames but.<\/li>\n<li>Cr\u00e9er d&rsquo;autres activit\u00e9s g\u00e9n\u00e9ratrices de revenus pour le soutien financier et pour le d\u00e9veloppement.<\/li>\n<\/ul>\n<p>En gardant ces objectifs, GCSL fait un programme chaque ann\u00e9e avec des activit\u00e9s bas\u00e9es sur:<\/p>\n<ol>\n<li>Visites et soutien aux malades dans les h\u00f4pitaux, aux prisonniers, aux personnes \u00e2g\u00e9es et celles ayant des besoins sp\u00e9cifiques.<\/li>\n<li>Participation aux travaux de construction de l&rsquo;\u00e9glise, comme Mukimbungu, et Nzadi \u00e0 Matadi.<\/li>\n<li>Le Soutien des \u00e9l\u00e8ves Pasteurs.<\/li>\n<li>Prise en charge de jeunes adolescents dans le futur \u00ab\u00a0R\u00e9union sociaux et culturels\u00a0\u00bb &#8211; Maison des jeunes actuellement en construction.<\/li>\n<li>Activit\u00e9s de production et d&rsquo;autosuffisance<\/li>\n<li>Soutien mutuel entre membres<\/li>\n<li>Activit\u00e9s de l&rsquo;\u00e9glise<\/li>\n<\/ol>\n<h3>La structure de GCSL<\/h3>\n<p>Le Groupe Chr\u00e9tien de Soutien Libre est compos\u00e9 comme nous l&rsquo;avons mentionn\u00e9 plus t\u00f4t de 27 hommes et femmes dont l&rsquo;\u00e2ge varie entre 40 et 74 ans. La majorit\u00e9 des membres sont des membres de votre \u00e9glise s\u0153ur la Communaut\u00e9 Evang\u00e9lique du Congo (CEC) qui proviennent de diff\u00e9rentes paroisses de Matadi.<\/p>\n<p>Quand vous regardez l&rsquo;\u00e2ge, vous comprendrez facilement que beaucoup, sinon la plupart sont \u00e0 la retraite ou sans emploi et ont du mal \u00e0 se conformer aux conditions et exigences de l&rsquo;association. Il y a besoin de beaucoup de sacrifice et des fonds collect\u00e9s pour fonctionner et survivre.<\/p>\n<p><a href=\"http:\/\/matadi.hakanson.se\/wp-content\/uploads\/2010\/12\/gcsl_630.jpg\"><img loading=\"lazy\" decoding=\"async\" class=\"aligncenter size-full wp-image-123\" title=\"Den Kristna St\u00f6dgruppen h\u00e4r 22 medlemmar av hela gruppens 29 medlemmar\" src=\"http:\/\/matadi.hakanson.se\/wp-content\/uploads\/2010\/12\/gcsl_630.jpg\" alt=\"\" width=\"630\" height=\"473\" \/><\/a><\/p>\n<div id=\"_mcePaste\" style=\"position: absolute; left: -10000px; top: 0px; width: 1px; height: 1px; overflow: hidden;\">\n<p><span class=\"stil1\"><span style=\"text-decoration: underline;\"><strong>DEN FRIA KRISTNA ST\u00d6DGRUPPEN \u00ab\u00a0Groupe Chr\u00e9tien de Soutien Libre<\/strong><\/span><strong>\u00ab\u00a0<\/strong><\/span><span class=\"brodtext\"> f\u00f6rkortat GCSL.<\/span><\/p>\n<p><span class=\"brodtext\">Den  Fria Kristna St\u00f6dgruppen \u00e4r en  socio-humanit\u00e4r och opolitisk  frivilligorganisation f\u00f6r utveckling som  samlar ett trettiotal kristna damer  och herrar i CEC, st\u00f6rsta delen  kommer fr\u00e5n Matadi.<\/span><\/p>\n<p>Ursprunget  kom fr\u00e5n kommitt\u00e9n f\u00f6r st\u00f6d till Kvinnok\u00f6ren i  Kiamvuf\u00f6rsamlingen i CEC Matadi  och skapades 20 januari 2001 vid ett  m\u00f6te och hade till uppgift att ta  kallelsen att som lekman tj\u00e4na  Herren.<\/p>\n<p class=\"brodtext\"><span style=\"text-decoration: underline;\">UPPGIFT  OCH SYFTE<\/span><\/p>\n<p>Huvudsakliga  missionen f\u00f6r Den Fria Kristna St\u00f6dgruppen \u00e4r  att st\u00f6tta genom m\u00e5nga olika  handlingar och evangelisera hela  m\u00e4nniskan.<\/p>\n<p>F\u00f6r  att kunna genomf\u00f6ra detta finns det syften v\u00e4l fastst\u00e4llda som:<\/p>\n<p>&#8211; st\u00f6tta evangelisationen materiellt  och finansiellt<\/p>\n<p>&#8211; underl\u00e4tta andliga,  moraliska och intellektuella utvecklingen av medlemmarna<\/p>\n<p>&#8211; g\u00f6ra medlemmarna medvetna  om de globala problem som \u00e4r den kristnes ansvar i kyrkan och mot  \u00a0\u00a0m\u00e4nskligheten.<\/p>\n<p>&#8211; f\u00f6rdjupa ledningen av unga  och ton\u00e5ringar i en adekvat infrastruktur.<\/p>\n<p>&#8211; underh\u00e5lla relationerna  till utbyte med andra organisationer som har samma syfte<\/p>\n<p>&#8211; skapa och driva aktiviteter  som genererar inkomster f\u00f6r sj\u00e4lvfinansiering och utveckling av \u00a0\u00a0f\u00f6reningen.<\/p>\n<p>&#8211; etc. etc<\/p>\n<p>Det \u00e4r genom dessa syften som Den Fria Kristna  St\u00f6dgruppen  g\u00f6r upp ett program  varje \u00e5r med aktiviteter baserade p\u00e5:<\/p>\n<ol>\n<li class=\"brodtext\">bes\u00f6k hos och  st\u00f6d till sjuka p\u00e5 sjukhus, f\u00e5ngar, gamla och de som har s\u00e4rskilda behov<\/li>\n<li class=\"brodtext\">delaktighet i  arbetet med kyrkobyggen som till exempel Mukimbungu, och i Nzadi i Matadi.<\/li>\n<li class=\"brodtext\">st\u00f6d till  pastorselever<\/li>\n<li class=\"brodtext\">F\u00f6rdjupning av omsorgen  av unga, ton\u00e5ringar i framtida \u201d M\u00f6tesplats sociokulturell\u201d &#8211; Ungdomens  Hus-\u00a0 idag under uppbyggnad.<\/li>\n<li class=\"brodtext\">produktiva  aktiviteter och sj\u00e4lvf\u00f6rs\u00f6rjning<\/li>\n<li class=\"brodtext\">\u00f6msesidigt st\u00f6d  till medlemmar<\/li>\n<li class=\"brodtext\">kyrkliga  aktiviteter<\/li>\n<\/ol>\n<p class=\"brodtext\"><span style=\"text-decoration: underline;\">SAMMANS\u00c4TTNING<\/span><\/p>\n<p>Den Fria Kristna St\u00f6dgruppen best\u00e5r som vi tidigare  n\u00e4mnt  av 27 damer och herrar vars \u00e5lder varierar mellan 40 och 74 \u00e5r.   Majoriteten av medlemmarna \u00e4r medlemmar i Evang\u00e9lique du Congo (CEC)  (v\u00e5r  systerkyrka min anm.) och kommer fr\u00e5n olika f\u00f6rsamlingar i Matadi.<\/p>\n<p>N\u00e4r man ser till \u00e5lder s\u00e5 f\u00f6rst\u00e5r ni l\u00e4tt att m\u00e5nga  om inte  de flesta \u00e4r pensionerade eller utan jobb och har sv\u00e5rt att uppfylla de   villkor som f\u00f6reningen kr\u00e4ver. Den beh\u00f6ver mycket insamlade medel och  offer f\u00f6r  att fungera o<\/p>\n<p>DEN FRIA KRISTNA ST\u00d6DGRUPPEN \u00ab\u00a0Groupe Chr\u00e9tien de Soutien Libre\u00a0\u00bb f\u00f6rkortat GCSL.<\/p>\n<p>Den Fria Kristna St\u00f6dgruppen \u00e4r en socio-humanit\u00e4r och opolitisk frivilligorganisation f\u00f6r utveckling som samlar ett trettiotal kristna damer och herrar i CEC, st\u00f6rsta delen kommer fr\u00e5n Matadi.<\/p>\n<p>Ursprunget kom fr\u00e5n kommitt\u00e9n f\u00f6r st\u00f6d till Kvinnok\u00f6ren i Kiamvuf\u00f6rsamlingen i CEC Matadi och skapades 20 januari 2001 vid ett m\u00f6te och hade till uppgift att ta kallelsen att som lekman tj\u00e4na Herren.<\/p>\n<p>UPPGIFT OCH SYFTE<\/p>\n<p>Huvudsakliga missionen f\u00f6r Den Fria Kristna St\u00f6dgruppen \u00e4r att st\u00f6tta genom m\u00e5nga olika handlingar och evangelisera hela m\u00e4nniskan.<\/p>\n<p>F\u00f6r att kunna genomf\u00f6ra detta finns det syften v\u00e4l fastst\u00e4llda som:<\/p>\n<p>&#8211; st\u00f6tta evangelisationen materiellt och finansiellt<\/p>\n<p>&#8211; underl\u00e4tta andliga, moraliska och intellektuella utvecklingen av medlemmarna<\/p>\n<p>&#8211; g\u00f6ra medlemmarna medvetna om de globala problem som \u00e4r den kristnes ansvar i kyrkan och mot   m\u00e4nskligheten.<\/p>\n<p>&#8211; f\u00f6rdjupa ledningen av unga och ton\u00e5ringar i en adekvat infrastruktur.<\/p>\n<p>&#8211; underh\u00e5lla relationerna till utbyte med andra organisationer som har samma syfte<\/p>\n<p>&#8211; skapa och driva aktiviteter som genererar inkomster f\u00f6r sj\u00e4lvfinansiering och utveckling av   f\u00f6reningen.<\/p>\n<p>&#8211; etc. etc<\/p>\n<p>Det \u00e4r genom dessa syften som Den Fria Kristna St\u00f6dgruppen g\u00f6r upp ett program varje \u00e5r med aktiviteter baserade p\u00e5:<\/p>\n<p>1. bes\u00f6k hos och st\u00f6d till sjuka p\u00e5 sjukhus, f\u00e5ngar, gamla och de som har s\u00e4rskilda behov<\/p>\n<p>2. delaktighet i arbetet med kyrkobyggen som till exempel Mukimbungu, och i Nzadi i Matadi.<\/p>\n<p>3. st\u00f6d till pastorselever<\/p>\n<p>4. F\u00f6rdjupning av omsorgen av unga, ton\u00e5ringar i framtida \u201d M\u00f6tesplats sociokulturell\u201d &#8211; Ungdomens Hus-  idag under uppbyggnad.<\/p>\n<p>5. produktiva aktiviteter och sj\u00e4lvf\u00f6rs\u00f6rjning<\/p>\n<p>6. \u00f6msesidigt st\u00f6d till medlemmar<\/p>\n<p>7. kyrkliga aktiviteter<\/p>\n<p>SAMMANS\u00c4TTNING<\/p>\n<p>Den Fria Kristna St\u00f6dgruppen best\u00e5r som vi tidigare n\u00e4mnt av 27 damer och herrar vars \u00e5lder varierar mellan 40 och 74 \u00e5r. Majoriteten av medlemmarna \u00e4r medlemmar i Evang\u00e9lique du Congo (CEC) (v\u00e5r systerkyrka min anm.) och kommer fr\u00e5n olika f\u00f6rsamlingar i Matadi.<\/p>\n<p>N\u00e4r man ser till \u00e5lder s\u00e5 f\u00f6rst\u00e5r ni l\u00e4tt att m\u00e5nga om inte de flesta \u00e4r pensionerade eller utan jobb och har sv\u00e5rt att uppfylla de villkor som f\u00f6reningen kr\u00e4ver. Den beh\u00f6ver mycket insamlade medel och offer f\u00f6r att fungera och \u00f6verleva.<\/p>\n<p class=\"brodtext\">ch \u00f6verleva.<\/p>\n<\/div>\n<p><\/p>","protected":false},"excerpt":{"rendered":"<p>Le Groupe Chr\u00e9tien de Soutien Libre (GCSL) GCSL est une organisation socio-humanitaire, non politique et des volontaires pour le d\u00e9veloppement. L&rsquo;organisation est constitu\u00e9e d\u2019une trentaine de femmes et des hommes chr\u00e9tiens de la CEC (Communaut\u00e9 Evang\u00e9lique du Congo). La plupart &hellip; <a href=\"https:\/\/matadi.hakanson.se\/fr\/about-us\/history\/gcsl\/\">Continuer la lecture <span class=\"meta-nav\">&rarr;<\/span><\/a><\/p>\n","protected":false},"author":4,"featured_media":0,"parent":1787,"menu_order":150,"comment_status":"closed","ping_status":"closed","template":"sidebar-page.php","meta":{"ngg_post_thumbnail":0,"footnotes":""},"class_list":["post-122","page","type-page","status-publish","hentry"],"_links":{"self":[{"href":"https:\/\/matadi.hakanson.se\/fr\/wp-json\/wp\/v2\/pages\/122","targetHints":{"allow":["GET"]}}],"collection":[{"href":"https:\/\/matadi.hakanson.se\/fr\/wp-json\/wp\/v2\/pages"}],"about":[{"href":"https:\/\/matadi.hakanson.se\/fr\/wp-json\/wp\/v2\/types\/page"}],"author":[{"embeddable":true,"href":"https:\/\/matadi.hakanson.se\/fr\/wp-json\/wp\/v2\/users\/4"}],"replies":[{"embeddable":true,"href":"https:\/\/matadi.hakanson.se\/fr\/wp-json\/wp\/v2\/comments?post=122"}],"version-history":[{"count":6,"href":"https:\/\/matadi.hakanson.se\/fr\/wp-json\/wp\/v2\/pages\/122\/revisions"}],"predecessor-version":[{"id":2188,"href":"https:\/\/matadi.hakanson.se\/fr\/wp-json\/wp\/v2\/pages\/122\/revisions\/2188"}],"up":[{"embeddable":true,"href":"https:\/\/matadi.hakanson.se\/fr\/wp-json\/wp\/v2\/pages\/1787"}],"wp:attachment":[{"href":"https:\/\/matadi.hakanson.se\/fr\/wp-json\/wp\/v2\/media?parent=122"}],"curies":[{"name":"wp","href":"https:\/\/api.w.org\/{rel}","templated":true}]}}