{"id":115,"date":"2009-08-14T10:01:31","date_gmt":"2009-08-14T10:01:31","guid":{"rendered":"http:\/\/w.matadi.hakanson.se\/"},"modified":"2011-08-26T17:49:58","modified_gmt":"2011-08-26T17:49:58","slug":"email-158-2009","status":"publish","type":"page","link":"https:\/\/matadi.hakanson.se\/fr\/about-us\/history\/gcsl\/samuel-nkailu\/email-158-2009\/","title":{"rendered":"Message 14\/08\/2009"},"content":{"rendered":"<p><\/p>\n<p><\/p>\n<h1>Message du 14\/08\/2009 &#8211; Plan pour les travaux  restants<\/h1>\n<p>Bonjour chers amis!<\/p>\n<p>Comment vont les choses avec le soleil et la  chaleur?\u00a0Nous  avons la saison s\u00e8che et il fait froid la nuit. La  temp\u00e9rature est  g\u00e9n\u00e9ralement comprise entre 25-29 degr\u00e9s.<\/p>\n<p>Comme je l&rsquo;ai d\u00e9j\u00e0 dit, nous avons eu notre  r\u00e9union mensuelle  de Juillet pour discuter et planifier les \u00e9tapes \u00e0 franchir d\u00e8s   maintenant entre 2009 et 2010.<\/p>\n<p>Il ressort les d\u00e9cisions suivantes de cette  r\u00e9union:<\/p>\n<ol>\n<li>activer le travail manuel pour \u00e9viter la recherche de  personnel r\u00e9mun\u00e9r\u00e9<\/li>\n<li>Chercher l&rsquo;augmentation des cotisations mensuelles des   membres, en d\u00e9pit de la conjoncture \u00e9conomique difficile et de  l&rsquo;instabilit\u00e9  \u00e9conomique que le pays continue de subir.<\/li>\n<li>Demandez aux experts de faire une estimation des co\u00fbts   pour le toit, le pavement, le cr\u00e9pissage des murs int\u00e9rieurs et  ext\u00e9rieurs,  portes et fen\u00eatres et de la peinture.<\/li>\n<li>Finaliser les travaux du Centre de la jeunesse afin de  l\u2019inaugurer en 2010.<\/li>\n<li>Faire co\u00efncider la c\u00e9l\u00e9bration du 10e anniversaire de GCSL   et l&rsquo;ouverture de la maison des jeunes pour avoir un \u00e9v\u00e9nement  important.<\/li>\n<\/ol>\n<p>Certes, tous les poids de ces mesures sur les  membres tr\u00e8s  actifs, en particulier car ils peuvent \u00eatre compt\u00e9s sur les  doigts,  mais c\u2019est une forces.\u00a0Nous avons les larmes aux yeux quand on voit la  t\u00e2che  que nous nous assignons par rapport \u00e0 nos ressources limit\u00e9es.  Nous nous  mettons \u00e0 genoux pour prier Dieu de nous aider \u00e0 accomplir ce  qu&rsquo;il nous a  donn\u00e9 de faire dans son \u00e9glise.<\/p>\n<p>Nous entrons dans cette phase d&rsquo;activit\u00e9s avec la  ferme  conviction et la confiance que Dieu nous aidera tous et nous donnera la   sant\u00e9 physique et mentale et les ressources pour mettre en \u0153uvre cette  grande  t\u00e2che.<\/p>\n<p>Chaleureuses salutations \u00e0 tous<\/p>\n<p>Samuel Nkailu-wa-Basilwa<\/p>\n<p><\/p>","protected":false},"excerpt":{"rendered":"<p>Message du 14\/08\/2009 &#8211; Plan pour les travaux restants Bonjour chers amis! Comment vont les choses avec le soleil et la chaleur?\u00a0Nous avons la saison s\u00e8che et il fait froid la nuit. La temp\u00e9rature est g\u00e9n\u00e9ralement comprise entre 25-29 degr\u00e9s. &hellip; <a href=\"https:\/\/matadi.hakanson.se\/fr\/about-us\/history\/gcsl\/samuel-nkailu\/email-158-2009\/\">Continuer la lecture <span class=\"meta-nav\">&rarr;<\/span><\/a><\/p>\n","protected":false},"author":4,"featured_media":0,"parent":2,"menu_order":23,"comment_status":"closed","ping_status":"closed","template":"sidebar-page.php","meta":{"ngg_post_thumbnail":0,"footnotes":""},"class_list":["post-115","page","type-page","status-publish","hentry"],"_links":{"self":[{"href":"https:\/\/matadi.hakanson.se\/fr\/wp-json\/wp\/v2\/pages\/115","targetHints":{"allow":["GET"]}}],"collection":[{"href":"https:\/\/matadi.hakanson.se\/fr\/wp-json\/wp\/v2\/pages"}],"about":[{"href":"https:\/\/matadi.hakanson.se\/fr\/wp-json\/wp\/v2\/types\/page"}],"author":[{"embeddable":true,"href":"https:\/\/matadi.hakanson.se\/fr\/wp-json\/wp\/v2\/users\/4"}],"replies":[{"embeddable":true,"href":"https:\/\/matadi.hakanson.se\/fr\/wp-json\/wp\/v2\/comments?post=115"}],"version-history":[{"count":5,"href":"https:\/\/matadi.hakanson.se\/fr\/wp-json\/wp\/v2\/pages\/115\/revisions"}],"predecessor-version":[{"id":2196,"href":"https:\/\/matadi.hakanson.se\/fr\/wp-json\/wp\/v2\/pages\/115\/revisions\/2196"}],"up":[{"embeddable":true,"href":"https:\/\/matadi.hakanson.se\/fr\/wp-json\/wp\/v2\/pages\/2"}],"wp:attachment":[{"href":"https:\/\/matadi.hakanson.se\/fr\/wp-json\/wp\/v2\/media?parent=115"}],"curies":[{"name":"wp","href":"https:\/\/api.w.org\/{rel}","templated":true}]}}