{"id":1124,"date":"2011-01-29T17:28:40","date_gmt":"2011-01-29T17:28:40","guid":{"rendered":"http:\/\/matadi.hakanson.se\/"},"modified":"2011-08-26T17:51:42","modified_gmt":"2011-08-26T17:51:42","slug":"appendix-to-acknowledgment-of-debt","status":"publish","type":"page","link":"https:\/\/matadi.hakanson.se\/fr\/entrepreneurs\/become-entrepreneur\/appendix-to-acknowledgment-of-debt\/","title":{"rendered":"Annexe \u00e0 la reconnaissance de dette"},"content":{"rendered":"<p><\/p>\n<p><a href=\"\/wp-content\/uploads\/2011\/01\/Annexe_a_la_reconnaissance_de_dette.pdf\" target=\"_blank\">T\u00e9l\u00e9charger en PDF pour l&rsquo;impression<\/a><\/p>\n<h2>Annexe \u00e0 la reconnaissance de dette pour pr\u00eats d&rsquo;affaires<\/h2>\n<h3>Caution personnelle<\/h3>\n<p>Moi, \/nom\/ est membre du groupe \/nom de la groupe\/. Nous dans le groupe sommes responsables du remboursement des pr\u00eats les uns les autres. Si quelqu\u00b4un d\u00b4entre nous ne parvient pas \u00e0 rembourser son pr\u00eat en fonction du plan \u00e9tabli, nous nous engageons \u00e0 payer pour lui. Notre garantie est limit\u00e9e \u00e0 25% de nos propres pr\u00eats. Le montant maximal qu\u00b4un emprunteur doit payer pour un autre membre du groupe est 25% de ses propres pr\u00eats. Tous les paiements pour un autre membre du groupe seront fait proportionellement au propre pt\u00eat de chaque membre.<\/p>\n<p>Ma somme de garantie est\u00a0\u00a0\u00a0\u00a0\u00a0 $<\/p>\n<p>A ce document appartient l\u00b4annexe\u00a0: Reglementation pr\u00eats d&rsquo;affaires.<\/p>\n<p>J\u00b4accepte les conditions ci-dessus avec l \u00b4annexe et je signe par la pr\u00e9sente<\/p>\n<p>Lieu et date Matadi<\/p>\n<p>Emprunteur<\/p>\n<h3>Information sur les sommes garanties du groupe<\/h3>\n<p>Nom de l\u00b4emprunteur : \u00a0\u00a0 \u00a0\u00a0\u00a0 \u00a0\u00a0\u00a0 \u00a0Somme garantie\u00a0:\u00a0 $<\/p>\n<p>Nom de l\u00b4emprunteur :             Somme garantie :  $<\/p>\n<p>Nom de l\u00b4emprunteur :             Somme garantie :  $<\/p>\n<p>Nom de l\u00b4emprunteur :             Somme garantie :  $<\/p>\n<p>Nom de l\u00b4emprunteur :             Somme garantie :  $<\/p>\n<p><\/p>","protected":false},"excerpt":{"rendered":"<p>T\u00e9l\u00e9charger en PDF pour l&rsquo;impression Annexe \u00e0 la reconnaissance de dette pour pr\u00eats d&rsquo;affaires Caution personnelle Moi, \/nom\/ est membre du groupe \/nom de la groupe\/. Nous dans le groupe sommes responsables du remboursement des pr\u00eats les uns les autres. &hellip; <a href=\"https:\/\/matadi.hakanson.se\/fr\/entrepreneurs\/become-entrepreneur\/appendix-to-acknowledgment-of-debt\/\">Continuer la lecture <span class=\"meta-nav\">&rarr;<\/span><\/a><\/p>\n","protected":false},"author":4,"featured_media":0,"parent":1113,"menu_order":20,"comment_status":"closed","ping_status":"closed","template":"sidebar-page.php","meta":{"ngg_post_thumbnail":0,"footnotes":""},"class_list":["post-1124","page","type-page","status-publish","hentry"],"_links":{"self":[{"href":"https:\/\/matadi.hakanson.se\/fr\/wp-json\/wp\/v2\/pages\/1124","targetHints":{"allow":["GET"]}}],"collection":[{"href":"https:\/\/matadi.hakanson.se\/fr\/wp-json\/wp\/v2\/pages"}],"about":[{"href":"https:\/\/matadi.hakanson.se\/fr\/wp-json\/wp\/v2\/types\/page"}],"author":[{"embeddable":true,"href":"https:\/\/matadi.hakanson.se\/fr\/wp-json\/wp\/v2\/users\/4"}],"replies":[{"embeddable":true,"href":"https:\/\/matadi.hakanson.se\/fr\/wp-json\/wp\/v2\/comments?post=1124"}],"version-history":[{"count":13,"href":"https:\/\/matadi.hakanson.se\/fr\/wp-json\/wp\/v2\/pages\/1124\/revisions"}],"predecessor-version":[{"id":2207,"href":"https:\/\/matadi.hakanson.se\/fr\/wp-json\/wp\/v2\/pages\/1124\/revisions\/2207"}],"up":[{"embeddable":true,"href":"https:\/\/matadi.hakanson.se\/fr\/wp-json\/wp\/v2\/pages\/1113"}],"wp:attachment":[{"href":"https:\/\/matadi.hakanson.se\/fr\/wp-json\/wp\/v2\/media?parent=1124"}],"curies":[{"name":"wp","href":"https:\/\/api.w.org\/{rel}","templated":true}]}}