{"id":112,"date":"2009-06-28T09:58:40","date_gmt":"2009-06-28T09:58:40","guid":{"rendered":"http:\/\/w.matadi.hakanson.se\/"},"modified":"2011-08-26T17:50:07","modified_gmt":"2011-08-26T17:50:07","slug":"speech-286-2009","status":"publish","type":"page","link":"https:\/\/matadi.hakanson.se\/fr\/about-us\/history\/gcsl\/samuel-nkailu\/speech-286-2009\/","title":{"rendered":"Le discours de 28\/06\/2009"},"content":{"rendered":"<p><\/p>\n<p><\/p>\n<h1>Le discours de 28\/06\/2009<\/h1>\n<p>Un groupe de 15 Su\u00e9dois de Bor\u00e5s et ses environs, a visit\u00e9 la RDC pendant deux semaines \u00e0 la fin du mois de Juin et d\u00e9but Juillet 2009. Le Dimanche, 28 Juin, ils ont visit\u00e9 le chantier de construction de la Maison des jeunes, \u00e0 la Ville Haute Matadi. Voir les photos dans la Maison des jeunes.<\/p>\n<p>Ci-dessous vous pouvez lire le discours de\u00a0 Samuel Nkailu au groupe, traduit par Gunnel J\u00f6nsson, qui a \u00e9galement aid\u00e9e par le pasteur David Noren qui avait repr\u00e9sent\u00e9s sp\u00e9cialement le\u00a0 Groupe de soutien de Matadi.<\/p>\n<p>M\u00e9morandum \u00e0 l&rsquo;occasion de la visite de la d\u00e9l\u00e9gation du Groupe de Soutien de Matadi au chantier du site pour des rencontres socioculturelles \u00e0 la Ville-Haute, Matadi.<\/p>\n<p>Chers Messieurs les d\u00e9l\u00e9gu\u00e9s \u00e0\u00a0 du Groupe de Soutien de Matadi.<\/p>\n<p>A l&rsquo;occasion de votre visite sur le chantier de construction de notre lieu de rencontre socioculturelles Ville-Haut \u00e0 Lisanga \u00e0 Matadi. Notre t\u00e2che est d&rsquo;abord de louer le Tout-Puissant, Cr\u00e9ateur du ciel et la terre, l&rsquo;eau et tout sur la terre. Seigneur du temps et des circonstances, de la vie qu&rsquo;il nous donne par sa gr\u00e2ce et qu&rsquo;il a rendu possible cette r\u00e9union d\u2019aujourd&rsquo;hui.<\/p>\n<p>Je voudrais \u00e9galement vous souhaiter la bienvenue parmi nous et que tout votre s\u00e9jour soit b\u00e9ni et agr\u00e9able.<\/p>\n<p>C&rsquo;est avec un c\u0153ur plein de joie et de fiert\u00e9 que nous nous permettons de vous embrasser fraternellement.<\/p>\n<p>Votre pr\u00e9sence parmi nous, sans doute, m\u00eame \u00e9loquence ne peut pas l&rsquo;exprimer, est un signe qui montre non seulement la joie mais aussi l&rsquo;encouragement et apporte le renouveau moral et spirituel.<\/p>\n<p>Nous nous r\u00e9jouissons de tout notre c\u0153ur.<\/p>\n<p>Pour le moment, nous avons \u00e9galement l&rsquo;honneur de vous pr\u00e9senter bri\u00e8vement les travaux du Groupe Chr\u00e9tien de Soutien Libre qui est devant vous pour vous dire quel est le sens de tout cela et aussi pour vous montrer ce qui a \u00e9t\u00e9 r\u00e9alis\u00e9.<\/p>\n<h2>Generale<\/h2>\n<p>Le Groupe Chr\u00e9tien de Soutien Libre est une organisation socio-humanitaire et non politique, volontaire pour le d\u00e9veloppement, regroupe une trentaine de dames chr\u00e9tiennes et Messieurs de la CEC, principalement de Matadi.<\/p>\n<p>L&rsquo;origine provient du Comit\u00e9 de soutien de la chorale des femmes de la paroisse de Kiamvu \u00e0 Matadi\/CEC, cr\u00e9\u00e9e le 20 Janvier 2001, lors d\u2019une r\u00e9union et un appel \u00e9t\u00e9 re\u00e7u pour servir le Seigneur en tant que profane, puisque vous avez \u00e9t\u00e9 d\u00e9\u00e7u par la chorale pendant 35 ans.<\/p>\n<h2>T\u00e2che et BUT<\/h2>\n<p>La mission principale du Groupe Chr\u00e9tien de Soutien Libre est de soutenir les chr\u00e9tiens \u00e0 travers diff\u00e9rents documents et \u00e9vang\u00e9liser toute personne.<\/p>\n<p>Pour appliquer cela, il existe des objectifs bien d\u00e9finis comme suit:<\/p>\n<ul>\n<li>L&rsquo;appui mat\u00e9riel et financier de l&rsquo;\u00e9vang\u00e9lisation.<\/li>\n<li>Faciliter le d\u00e9veloppement spirituel, moral et intellectuel des membres.<\/li>\n<li>Sensibiliser les membres de la crise mondiale est de la responsabilit\u00e9 du chr\u00e9tien dans l&rsquo;Eglise et pour l&rsquo;humanit\u00e9.<\/li>\n<li>Approfondir la gestion des jeunes et des adolescents dans une infrastructure ad\u00e9quate.<\/li>\n<li>Maintenir les relations avec d&rsquo;autres organisations partageant de m\u00eame objectif.<\/li>\n<li>Cr\u00e9er et ex\u00e9cuter les activit\u00e9s qui g\u00e9n\u00e8rent des revenus pour l&rsquo;autofinancement et le d\u00e9veloppement de l&rsquo;association.<\/li>\n<\/ul>\n<p>C&rsquo;est gr\u00e2ce \u00e0 cette optique que le Groupe Chr\u00e9tien de Soutien Libre constitue un programme chaque ann\u00e9e avec des activit\u00e9s bas\u00e9es sur:<\/p>\n<ol>\n<li>Visites et soutien aux malades dans les h\u00f4pitaux, aux prisonniers, aux personnes \u00e2g\u00e9es et celles ayant des besoins sp\u00e9cifiques.<\/li>\n<li>Participation aux travaux de construction de l&rsquo;\u00e9glise, comme Mukimbungu, et Nzadi \u00e0 Matadi.<\/li>\n<li>Soutien pour les \u00e9l\u00e8ves Pasteurs<\/li>\n<li>Prise en charge de jeunes adolescents dans le futur \u00ab\u00a0R\u00e9union sociaux et culturels\u00a0\u00bb &#8211; Maison des jeunes actuellement en construction.<\/li>\n<li>Activit\u00e9s de production et d&rsquo;autosuffisance<\/li>\n<li>Soutien mutuel entre membres<\/li>\n<li>Activit\u00e9s de l&rsquo;\u00e9glise<\/li>\n<\/ol>\n<h2>Composition<\/h2>\n<p>Le Groupe Chr\u00e9tien de Soutien Libre est compos\u00e9 comme nous l&rsquo;avons mentionn\u00e9 plus t\u00f4t de 27 hommes et femmes dont l&rsquo;\u00e2ge varie entre 40 et 74 ans. La majorit\u00e9 des membres sont des membres de votre \u00e9glise s\u0153ur la Communaut\u00e9 Evang\u00e9lique du Congo (CEC) qui proviennent de diff\u00e9rentes paroisses de Matadi.<\/p>\n<p>Quand vous regardez l&rsquo;\u00e2ge, vous comprendrez facilement que beaucoup, sinon la plupart sont \u00e0 la retraite ou sans emploi et ont du mal \u00e0 se conformer aux conditions et exigences de l&rsquo;association. Il y a besoin de beaucoup de sacrifice et des fonds collect\u00e9s pour fonctionner et survivre.<\/p>\n<h2>R\u00e9alisation<\/h2>\n<p>Les activit\u00e9s suivantes ont \u00e9t\u00e9 mises en \u0153uvre:<\/p>\n<p>Ponctuel: C\u2019est, de visites et l&rsquo;assistance aux n\u00e9cessiteux, aux malades, aux prisonniers et aux personnes \u00e2g\u00e9es, le soutien pour les \u00e9tudiants pasteur, l&rsquo;aide aux membres n\u00e9cessiteux, oui, la liste est longue.<\/p>\n<p>Permanents: la construction de la Salle de la jeunesse \u00ab\u00a0Rencontres socioculturelles\u00a0\u00bb et les plantations.<\/p>\n<p>Cette derni\u00e8re cat\u00e9gorie d&rsquo;activit\u00e9s telles que celle du projet de rencontres socioculturelles est en construction.<\/p>\n<p>Le Groupe Chr\u00e9tien de Soutien Libre a constat\u00e9 que la capacit\u00e9 de prendre soin des jeunes doit \u00eatre am\u00e9lior\u00e9e dans la ville de Matadi en particulier \u00e0 la CEC, qui manque d&rsquo;une bonne et ad\u00e9quate structure, comparable \u00e0 la rencontre socioculturelle qui se conforme \u00e0 d\u00e9velopper davantage la prise en charge des jeunes et les adolescents.<\/p>\n<p>Le consensus est que les jeunes de notre pays ont de gros et diff\u00e9rents probl\u00e8mes &#8211; associ\u00e9s \u00e0 l&rsquo;\u00e9ducation, la sant\u00e9, le manque d&#8217;emplois, les probl\u00e8mes de drogue et autres maux auxquels ils sont confront\u00e9s et qui est une des raisons pour le b\u00e2timent.<\/p>\n<p>Bien s\u00fbr, un tel projet a besoin de fonds que nous n&rsquo;avons pas, surtout quand on sait les probl\u00e8mes socio-\u00e9conomiques du Congo et qui aujourd&rsquo;hui sont accentu\u00e9s par la crise \u00e9conomique mondiale.<\/p>\n<p>De toute fa\u00e7on, notre volont\u00e9 et notre d\u00e9termination est que nous allons atteindre le but.<\/p>\n<p>Il est maintenant temps de dire \u00e0 quel point le soutien financier de 7000 $ provenant des amis du Groupe de Soutien de Matadi a fait que nous ayons atteint le niveau o\u00f9 le travail est d\u00e9sormais. Non seulement par le GCSL, mais aussi les jeunes et les adolescents qui sont b\u00e9n\u00e9ficiaires.<\/p>\n<p>La jeunesse EXPRIME SA PROFONDE GRATITUDE, ils sont couverts \u00e0 l&rsquo;avance.<\/p>\n<p>Nous ne pouvons pas terminer ces mots sans un signal \u00e0 ceux qui nous suivent de ne pas h\u00e9siter \u00e0 nous rejoindre dans cette t\u00e2che que nous nous assumons gr\u00e2ce \u00e0 l&rsquo;accord qui s&rsquo;applique \u00e0 GCSL aujourd&rsquo;hui. Les portes de GCSL sont ouvertes pour tout apport physique, mat\u00e9riel et financier qui pourrait produire des fruits que l&rsquo;on attend du mandat de la mission de notre future g\u00e9n\u00e9ration.<\/p>\n<p>Nous nous engageons \u00e0 chercher constamment \u00e0 atteindre l&rsquo;objectif vis\u00e9 \u00e0 servir le Seigneur, main dans la main avec toute personne qui voudra nous rejoindre.<\/p>\n<p>Pour ceux d&rsquo;entre vous qui nous rendent visite aujourd&rsquo;hui, nous vous demandons d&rsquo;\u00eatre t\u00e9moin de notre volont\u00e9 en leur disant ce que vous avez vu et entendu et que nous voulons poursuivre les \u00e9changes non seulement avec l&rsquo;exp\u00e9rience, mais aussi avec les\u00a0 jeunes avec une coop\u00e9ration approfondie apr\u00e8s nous.<\/p>\n<p>Encore une fois nous vous remercions de votre int\u00e9r\u00eat.<\/p>\n<p>A nous revoir a la\u00a0 prochaine fois.<\/p>\n<p>Samuel Nkailu Matadi 28 \/ 6 \/2009<\/p>\n<p><\/p>","protected":false},"excerpt":{"rendered":"<p>Le discours de 28\/06\/2009 Un groupe de 15 Su\u00e9dois de Bor\u00e5s et ses environs, a visit\u00e9 la RDC pendant deux semaines \u00e0 la fin du mois de Juin et d\u00e9but Juillet 2009. Le Dimanche, 28 Juin, ils ont visit\u00e9 le &hellip; <a href=\"https:\/\/matadi.hakanson.se\/fr\/about-us\/history\/gcsl\/samuel-nkailu\/speech-286-2009\/\">Continuer la lecture <span class=\"meta-nav\">&rarr;<\/span><\/a><\/p>\n","protected":false},"author":4,"featured_media":0,"parent":2,"menu_order":24,"comment_status":"closed","ping_status":"closed","template":"sidebar-page.php","meta":{"ngg_post_thumbnail":0,"footnotes":""},"class_list":["post-112","page","type-page","status-publish","hentry"],"_links":{"self":[{"href":"https:\/\/matadi.hakanson.se\/fr\/wp-json\/wp\/v2\/pages\/112","targetHints":{"allow":["GET"]}}],"collection":[{"href":"https:\/\/matadi.hakanson.se\/fr\/wp-json\/wp\/v2\/pages"}],"about":[{"href":"https:\/\/matadi.hakanson.se\/fr\/wp-json\/wp\/v2\/types\/page"}],"author":[{"embeddable":true,"href":"https:\/\/matadi.hakanson.se\/fr\/wp-json\/wp\/v2\/users\/4"}],"replies":[{"embeddable":true,"href":"https:\/\/matadi.hakanson.se\/fr\/wp-json\/wp\/v2\/comments?post=112"}],"version-history":[{"count":7,"href":"https:\/\/matadi.hakanson.se\/fr\/wp-json\/wp\/v2\/pages\/112\/revisions"}],"predecessor-version":[{"id":1146,"href":"https:\/\/matadi.hakanson.se\/fr\/wp-json\/wp\/v2\/pages\/112\/revisions\/1146"}],"up":[{"embeddable":true,"href":"https:\/\/matadi.hakanson.se\/fr\/wp-json\/wp\/v2\/pages\/2"}],"wp:attachment":[{"href":"https:\/\/matadi.hakanson.se\/fr\/wp-json\/wp\/v2\/media?parent=112"}],"curies":[{"name":"wp","href":"https:\/\/api.w.org\/{rel}","templated":true}]}}